{"id":279872,"date":"2023-06-02T10:12:00","date_gmt":"2023-06-02T14:12:00","guid":{"rendered":"https:\/\/peilishop.com\/product\/echarpe-en-cachemire-leger-a-carreaux-de-nami\/"},"modified":"2025-04-13T22:50:31","modified_gmt":"2025-04-14T02:50:31","slug":"echarpe-en-cachemire-leger-a-carreaux-de-nami","status":"publish","type":"product","link":"https:\/\/peilishop.com\/fr\/produit\/echarpe-en-cachemire-leger-a-carreaux-de-nami\/","title":{"rendered":"\u00c9charpe en cachemire l\u00e9ger \u00e0 carreaux de Nami"},"content":{"rendered":"\t\t<div data-elementor-type=\"wp-post\" data-elementor-id=\"279872\" class=\"elementor elementor-279872 elementor-36675\" data-elementor-post-type=\"product\">\n\t\t\t\t\t\t<section class=\"wd-negative-gap elementor-section elementor-top-section elementor-element elementor-element-309ee49 elementor-section-boxed elementor-section-height-default elementor-section-height-default\" data-id=\"309ee49\" data-element_type=\"section\" data-e-type=\"section\">\n\t\t\t\t\t\t<div class=\"elementor-container elementor-column-gap-default\">\n\t\t\t\t\t<div class=\"elementor-column elementor-col-100 elementor-top-column elementor-element elementor-element-27c6e88\" data-id=\"27c6e88\" data-element_type=\"column\" data-e-type=\"column\">\n\t\t\t<div class=\"elementor-widget-wrap elementor-element-populated\">\n\t\t\t\t\t\t<div class=\"elementor-element elementor-element-ffd11f9 color-scheme-inherit text-left elementor-widget elementor-widget-text-editor\" data-id=\"ffd11f9\" data-element_type=\"widget\" data-e-type=\"widget\" data-widget_type=\"text-editor.default\">\n\t\t\t\t<div class=\"elementor-widget-container\">\n\t\t\t\t\t\t\t\t\t<p>L&rsquo;\u00e9charpe Nami est un accessoire luxueusement doux et l\u00e9ger, parfait pour compl\u00e9ter n&rsquo;importe quel ensemble. Fabriqu\u00e9e en 100% pur cachemire, cette \u00e9charpe super douce pr\u00e9sente un motif \u00e9cossais classique, ajoutant une touche classique \u00e0 n&rsquo;importe quelle tenue. Avec sa forme rectangulaire et ses bords frang\u00e9s, cette \u00e9charpe offre une couverture compl\u00e8te et un style enviable.   Enroulez-le autour de votre cou, de vos \u00e9paules ou sous votre manteau pour une chaleur in\u00e9gal\u00e9e.<\/p><ul><li><span data-preserver-spaces=\"true\">Mati\u00e8re : <\/span><span data-preserver-spaces=\"true\">100 % cachemire mongol de qualit\u00e9 A <\/span> <\/li><li>Teinture naturelle, sans produits chimiques nocifs<\/li><li><span data-preserver-spaces=\"true\">  Confort : Doux et respirant, pas de d\u00e9mangeaisons ni de surchauffe.<\/span><\/li><li><span data-preserver-spaces=\"true\">Forme rectangulaire<\/span><\/li><li><span data-preserver-spaces=\"true\">Taille : <\/span><span data-preserver-spaces=\"true\">200cm x 90cm\/ 78.7&Prime; x 35.4&Prime;<\/span><\/li><li><span data-preserver-spaces=\"true\"><span data-preserver-spaces=\"true\"><span data-preserver-spaces=\"true\"><span data-preserver-spaces=\"true\">Poids l\u00e9ger : 100 grammes<\/span><\/span><\/span><\/span><\/li><li><span data-preserver-spaces=\"true\"><span data-preserver-spaces=\"true\"><span data-preserver-spaces=\"true\"><span data-preserver-spaces=\"true\"><span data-preserver-spaces=\"true\">Fabriqu\u00e9 avec soin en Mongolie int\u00e9rieure<\/span><\/span><\/span><\/span><\/span><\/li><\/ul>\t\t\t\t\t\t\t\t<\/div>\n\t\t\t\t<\/div>\n\t\t\t\t\t<\/div>\n\t\t<\/div>\n\t\t\t\t\t<\/div>\n\t\t<\/section>\n\t\t\t\t<\/div>\n\t\t","protected":false},"excerpt":{"rendered":"<p>L&rsquo;\u00e9charpe Nami est un accessoire luxueusement doux et l\u00e9ger, parfait pour compl\u00e9ter n&rsquo;importe quel ensemble. Fabriqu\u00e9e en 100% pur cachemire,<\/p>\n","protected":false},"featured_media":323075,"comment_status":"open","ping_status":"closed","template":"","meta":[],"product_brand":[],"product_cat":[1613,1143],"product_tag":[1739,1204],"class_list":{"0":"post-279872","1":"product","2":"type-product","3":"status-publish","4":"has-post-thumbnail","6":"product_cat-echarpes-en-cachemire-fr","7":"product_cat-foulards-et-echarpes","8":"product_tag-foulards-legers","9":"product_tag-verifie","10":"product_shipping_class-pliable","11":"pa_color-bleu-cyan","12":"pa_color-mandarine","13":"pa_color-noir","14":"pa_color-rose-vif","15":"pa_color-vert-olive","16":"pa_material-cachemire","17":"pa_pattern-checked","19":"first","20":"instock","21":"shipping-taxable","22":"purchasable","23":"product-type-variable","24":"has-default-attributes"},"_links":{"self":[{"href":"https:\/\/peilishop.com\/fr\/wp-json\/wp\/v2\/product\/279872","targetHints":{"allow":["GET"]}}],"collection":[{"href":"https:\/\/peilishop.com\/fr\/wp-json\/wp\/v2\/product"}],"about":[{"href":"https:\/\/peilishop.com\/fr\/wp-json\/wp\/v2\/types\/product"}],"replies":[{"embeddable":true,"href":"https:\/\/peilishop.com\/fr\/wp-json\/wp\/v2\/comments?post=279872"}],"version-history":[{"count":0,"href":"https:\/\/peilishop.com\/fr\/wp-json\/wp\/v2\/product\/279872\/revisions"}],"wp:featuredmedia":[{"embeddable":true,"href":"https:\/\/peilishop.com\/fr\/wp-json\/wp\/v2\/media\/323075"}],"wp:attachment":[{"href":"https:\/\/peilishop.com\/fr\/wp-json\/wp\/v2\/media?parent=279872"}],"wp:term":[{"taxonomy":"product_brand","embeddable":true,"href":"https:\/\/peilishop.com\/fr\/wp-json\/wp\/v2\/product_brand?post=279872"},{"taxonomy":"product_cat","embeddable":true,"href":"https:\/\/peilishop.com\/fr\/wp-json\/wp\/v2\/product_cat?post=279872"},{"taxonomy":"product_tag","embeddable":true,"href":"https:\/\/peilishop.com\/fr\/wp-json\/wp\/v2\/product_tag?post=279872"}],"curies":[{"name":"wp","href":"https:\/\/api.w.org\/{rel}","templated":true}]}}