{"id":279749,"date":"2023-05-18T08:12:00","date_gmt":"2023-05-18T12:12:00","guid":{"rendered":"https:\/\/peilishop.com\/product\/echarpe-en-soie-ade-square\/"},"modified":"2025-04-13T22:49:51","modified_gmt":"2025-04-14T02:49:51","slug":"echarpe-en-soie-ade-square","status":"publish","type":"product","link":"https:\/\/peilishop.com\/fr\/produit\/echarpe-en-soie-ade-square\/","title":{"rendered":"Echarpe en soie Ade Square"},"content":{"rendered":"\t\t<div data-elementor-type=\"wp-post\" data-elementor-id=\"279749\" class=\"elementor elementor-279749 elementor-55730\" data-elementor-post-type=\"product\">\n\t\t\t\t\t\t<section class=\"wd-negative-gap elementor-section elementor-top-section elementor-element elementor-element-309ee49 elementor-section-boxed elementor-section-height-default elementor-section-height-default\" data-id=\"309ee49\" data-element_type=\"section\" data-e-type=\"section\">\n\t\t\t\t\t\t<div class=\"elementor-container elementor-column-gap-default\">\n\t\t\t\t\t<div class=\"elementor-column elementor-col-100 elementor-top-column elementor-element elementor-element-27c6e88\" data-id=\"27c6e88\" data-element_type=\"column\" data-e-type=\"column\">\n\t\t\t<div class=\"elementor-widget-wrap elementor-element-populated\">\n\t\t\t\t\t\t<div class=\"elementor-element elementor-element-ffd11f9 color-scheme-inherit text-left elementor-widget elementor-widget-text-editor\" data-id=\"ffd11f9\" data-element_type=\"widget\" data-e-type=\"widget\" data-widget_type=\"text-editor.default\">\n\t\t\t\t<div class=\"elementor-widget-container\">\n\t\t\t\t\t\t\t\t\t<p style=\"text-align: left;\"><span data-preserver-spaces=\"true\">Ade est fabriqu\u00e9 en soie biologique douce, ce qui le rend confortable \u00e0 porter tout au long de la journ\u00e9e.  <\/span><span data-preserver-spaces=\"true\">Le design color\u00e9 pr\u00e9sente des couleurs vives et audacieuses qui ne manqueront pas de faire sensation et d&rsquo;ajouter une touche de fun et de personnalit\u00e9 \u00e0 n&rsquo;importe quelle tenue. Portez-le comme foulard, \u00e9charpe de cou ou m\u00eame comme haut ! <br><\/span><\/p>\n<ul>\n<li style=\"text-align: left;\"><span data-preserver-spaces=\"true\">Mati\u00e8re : <\/span><span data-preserver-spaces=\"true\">100%<\/span> soie de m\u00fbrier de qualit\u00e9 6A <span data-preserver-spaces=\"true\">(14 mm)<br><\/span><\/li>\n<li style=\"text-align: left;\">Taille : 65cm x 65cm (25.6&Prime; x 25.6&Prime;)<\/li>\n<li style=\"text-align: left;\">Forme carr\u00e9e<\/li>\n<li style=\"text-align: left;\">Poids : 20 grammes<\/li>\n<li style=\"text-align: left;\">Fabriqu\u00e9 avec soin \u00e0 Hangzhou<\/li>\n<\/ul>\t\t\t\t\t\t\t\t<\/div>\n\t\t\t\t<\/div>\n\t\t\t\t\t<\/div>\n\t\t<\/div>\n\t\t\t\t\t<\/div>\n\t\t<\/section>\n\t\t\t\t<\/div>\n\t\t","protected":false},"excerpt":{"rendered":"<p>Ade est fabriqu\u00e9 en soie biologique douce, ce qui le rend confortable \u00e0 porter tout au long de la journ\u00e9e.<\/p>\n","protected":false},"featured_media":257438,"comment_status":"open","ping_status":"closed","template":"","meta":[],"product_brand":[],"product_cat":[1503,1466,1143],"product_tag":[],"class_list":{"0":"post-279749","1":"product","2":"type-product","3":"status-publish","4":"has-post-thumbnail","6":"product_cat-enveloppes-de-soie","7":"product_cat-foulards-en-soie","8":"product_cat-foulards-et-echarpes","9":"product_shipping_class-pliable","10":"pa_color-argile","11":"pa_color-vert-olive","12":"pa_material-soie","13":"pa_pattern-colorblock","15":"first","16":"instock","17":"shipping-taxable","18":"purchasable","19":"product-type-variable"},"_links":{"self":[{"href":"https:\/\/peilishop.com\/fr\/wp-json\/wp\/v2\/product\/279749","targetHints":{"allow":["GET"]}}],"collection":[{"href":"https:\/\/peilishop.com\/fr\/wp-json\/wp\/v2\/product"}],"about":[{"href":"https:\/\/peilishop.com\/fr\/wp-json\/wp\/v2\/types\/product"}],"replies":[{"embeddable":true,"href":"https:\/\/peilishop.com\/fr\/wp-json\/wp\/v2\/comments?post=279749"}],"version-history":[{"count":0,"href":"https:\/\/peilishop.com\/fr\/wp-json\/wp\/v2\/product\/279749\/revisions"}],"wp:featuredmedia":[{"embeddable":true,"href":"https:\/\/peilishop.com\/fr\/wp-json\/wp\/v2\/media\/257438"}],"wp:attachment":[{"href":"https:\/\/peilishop.com\/fr\/wp-json\/wp\/v2\/media?parent=279749"}],"wp:term":[{"taxonomy":"product_brand","embeddable":true,"href":"https:\/\/peilishop.com\/fr\/wp-json\/wp\/v2\/product_brand?post=279749"},{"taxonomy":"product_cat","embeddable":true,"href":"https:\/\/peilishop.com\/fr\/wp-json\/wp\/v2\/product_cat?post=279749"},{"taxonomy":"product_tag","embeddable":true,"href":"https:\/\/peilishop.com\/fr\/wp-json\/wp\/v2\/product_tag?post=279749"}],"curies":[{"name":"wp","href":"https:\/\/api.w.org\/{rel}","templated":true}]}}