{"id":279711,"date":"2023-05-14T05:29:00","date_gmt":"2023-05-14T09:29:00","guid":{"rendered":"https:\/\/peilishop.com\/product\/foulard-en-soie-raye-a-grand-carre-aletta\/"},"modified":"2025-04-13T22:49:44","modified_gmt":"2025-04-14T02:49:44","slug":"foulard-en-soie-raye-a-grand-carre-aletta","status":"publish","type":"product","link":"https:\/\/peilishop.com\/fr\/produit\/foulard-en-soie-raye-a-grand-carre-aletta\/","title":{"rendered":"Foulard en soie ray\u00e9 \u00e0 grand carr\u00e9 Aletta"},"content":{"rendered":"\t\t<div data-elementor-type=\"wp-post\" data-elementor-id=\"279711\" class=\"elementor elementor-279711 elementor-44395\" data-elementor-post-type=\"product\">\n\t\t\t\t\t\t<section class=\"wd-negative-gap elementor-section elementor-top-section elementor-element elementor-element-309ee49 elementor-section-boxed elementor-section-height-default elementor-section-height-default\" data-id=\"309ee49\" data-element_type=\"section\" data-e-type=\"section\">\n\t\t\t\t\t\t<div class=\"elementor-container elementor-column-gap-default\">\n\t\t\t\t\t<div class=\"elementor-column elementor-col-100 elementor-top-column elementor-element elementor-element-27c6e88\" data-id=\"27c6e88\" data-element_type=\"column\" data-e-type=\"column\">\n\t\t\t<div class=\"elementor-widget-wrap elementor-element-populated\">\n\t\t\t\t\t\t<div class=\"elementor-element elementor-element-ffd11f9 color-scheme-inherit text-left elementor-widget elementor-widget-text-editor\" data-id=\"ffd11f9\" data-element_type=\"widget\" data-e-type=\"widget\" data-widget_type=\"text-editor.default\">\n\t\t\t\t<div class=\"elementor-widget-container\">\n\t\t\t\t\t\t\t\t\t<p style=\"text-align: left;\"><span data-preserver-spaces=\"true\">Le grand carr\u00e9 de soie ray\u00e9 Aletta est l&rsquo;accessoire id\u00e9al pour toutes les tenues. Il est l\u00e9ger et pr\u00e9sente les caract\u00e9ristiques suivantes   <\/span><span data-preserver-spaces=\"true\">L&rsquo;\u00e9charpe a \u00e9t\u00e9 confectionn\u00e9e \u00e0 partir d&rsquo;un motif ray\u00e9, dans le but de cr\u00e9er une \u00e9charpe super confortable pour tous les jours. Les bords sont termin\u00e9s par un ourlet roul\u00e9 \u00e0 la main pour une finition luxueuse. Que vous vous habilliez pour une occasion sp\u00e9ciale ou que vous souhaitiez simplement ajouter une touche de sophistication \u00e0 votre look de tous les jours, ce foulard est le choix id\u00e9al.  <br><\/span><\/p><ul><li style=\"text-align: left;\"><span data-preserver-spaces=\"true\">Mati\u00e8re : <\/span><span data-preserver-spaces=\"true\">100%<\/span> soie de m\u00fbrier de qualit\u00e9 6A <span data-preserver-spaces=\"true\">(9 momme)<br><\/span><\/li><li style=\"text-align: left;\">Taille : 108cm x 108cm (42.5&Prime; x 42.5&Prime;)<\/li><li style=\"text-align: left;\">Poids : 40 grammes<\/li><li style=\"text-align: left;\">Fabriqu\u00e9 avec soin \u00e0 Hangzhou<\/li><\/ul>\t\t\t\t\t\t\t\t<\/div>\n\t\t\t\t<\/div>\n\t\t\t\t\t<\/div>\n\t\t<\/div>\n\t\t\t\t\t<\/div>\n\t\t<\/section>\n\t\t\t\t<\/div>\n\t\t","protected":false},"excerpt":{"rendered":"<p>Le grand carr\u00e9 de soie ray\u00e9 Aletta est l&rsquo;accessoire id\u00e9al pour toutes les tenues. Il est l\u00e9ger et pr\u00e9sente les<\/p>\n","protected":false},"featured_media":256438,"comment_status":"open","ping_status":"closed","template":"","meta":[],"product_brand":[],"product_cat":[1466,1143],"product_tag":[1420],"class_list":{"0":"post-279711","1":"product","2":"type-product","3":"status-publish","4":"has-post-thumbnail","6":"product_cat-foulards-en-soie","7":"product_cat-foulards-et-echarpes","8":"product_tag-raye","9":"product_shipping_class-pliable","10":"pa_color-marron-fonce","11":"pa_color-pourpre-nacre","12":"pa_material-soie","13":"pa_pattern-striped","15":"first","16":"instock","17":"shipping-taxable","18":"purchasable","19":"product-type-variable"},"_links":{"self":[{"href":"https:\/\/peilishop.com\/fr\/wp-json\/wp\/v2\/product\/279711","targetHints":{"allow":["GET"]}}],"collection":[{"href":"https:\/\/peilishop.com\/fr\/wp-json\/wp\/v2\/product"}],"about":[{"href":"https:\/\/peilishop.com\/fr\/wp-json\/wp\/v2\/types\/product"}],"replies":[{"embeddable":true,"href":"https:\/\/peilishop.com\/fr\/wp-json\/wp\/v2\/comments?post=279711"}],"version-history":[{"count":0,"href":"https:\/\/peilishop.com\/fr\/wp-json\/wp\/v2\/product\/279711\/revisions"}],"wp:featuredmedia":[{"embeddable":true,"href":"https:\/\/peilishop.com\/fr\/wp-json\/wp\/v2\/media\/256438"}],"wp:attachment":[{"href":"https:\/\/peilishop.com\/fr\/wp-json\/wp\/v2\/media?parent=279711"}],"wp:term":[{"taxonomy":"product_brand","embeddable":true,"href":"https:\/\/peilishop.com\/fr\/wp-json\/wp\/v2\/product_brand?post=279711"},{"taxonomy":"product_cat","embeddable":true,"href":"https:\/\/peilishop.com\/fr\/wp-json\/wp\/v2\/product_cat?post=279711"},{"taxonomy":"product_tag","embeddable":true,"href":"https:\/\/peilishop.com\/fr\/wp-json\/wp\/v2\/product_tag?post=279711"}],"curies":[{"name":"wp","href":"https:\/\/api.w.org\/{rel}","templated":true}]}}