{"id":279691,"date":"2023-05-14T09:50:00","date_gmt":"2023-05-14T13:50:00","guid":{"rendered":"https:\/\/peilishop.com\/product\/fale-grand-carre-de-soie-echarpe-enveloppante\/"},"modified":"2025-04-13T22:49:43","modified_gmt":"2025-04-14T02:49:43","slug":"fale-grand-carre-de-soie-echarpe-enveloppante","status":"publish","type":"product","link":"https:\/\/peilishop.com\/fr\/produit\/fale-grand-carre-de-soie-echarpe-enveloppante\/","title":{"rendered":"Fale Grand carr\u00e9 de soie \u00e9charpe enveloppante"},"content":{"rendered":"\t\t<div data-elementor-type=\"wp-post\" data-elementor-id=\"279691\" class=\"elementor elementor-279691\" data-elementor-post-type=\"product\">\n\t\t\t\t\t\t<section class=\"wd-negative-gap elementor-section elementor-top-section elementor-element elementor-element-309ee49 elementor-section-boxed elementor-section-height-default elementor-section-height-default\" data-id=\"309ee49\" data-element_type=\"section\" data-e-type=\"section\">\n\t\t\t\t\t\t<div class=\"elementor-container elementor-column-gap-default\">\n\t\t\t\t\t<div class=\"elementor-column elementor-col-100 elementor-top-column elementor-element elementor-element-27c6e88\" data-id=\"27c6e88\" data-element_type=\"column\" data-e-type=\"column\">\n\t\t\t<div class=\"elementor-widget-wrap elementor-element-populated\">\n\t\t\t\t\t\t<div class=\"elementor-element elementor-element-ffd11f9 color-scheme-inherit text-left elementor-widget elementor-widget-text-editor\" data-id=\"ffd11f9\" data-element_type=\"widget\" data-e-type=\"widget\" data-widget_type=\"text-editor.default\">\n\t\t\t\t<div class=\"elementor-widget-container\">\n\t\t\t\t\t\t\t\t\t<p style=\"text-align: left;\"><span data-preserver-spaces=\"true\">  Fale est l&rsquo;accessoire parfait pour toutes les tenues. La forme carr\u00e9e large permet des options de style polyvalentes, tandis que le magnifique imprim\u00e9 tie-dye ajoute une touche de couleur et une touche de style boh\u00e8me \u00e0 n&rsquo;importe quelle tenue, ce qui le rend parfait pour n&rsquo;importe quelle occasion <\/span><span data-preserver-spaces=\"true\">. <\/span>Une fa\u00e7on flatteuse d&rsquo;ajouter une touche ludique \u00e0 un look de printemps ou d&rsquo;\u00e9t\u00e9.  <\/p><ul><li style=\"text-align: left;\"><span data-preserver-spaces=\"true\">Mati\u00e8re : <\/span><span data-preserver-spaces=\"true\">100%<\/span> soie de m\u00fbrier de qualit\u00e9 6A <span data-preserver-spaces=\"true\">(8 momme)<br><\/span><\/li><li style=\"text-align: left;\">Taille : 110cm x 110cm (43&Prime; x 43&Prime;)<\/li><li style=\"text-align: left;\">Forme carr\u00e9e<\/li><li style=\"text-align: left;\">Poids : 70 grammes<\/li><li>Fabriqu\u00e9 avec soin \u00e0 Hangzhou<\/li><\/ul>\t\t\t\t\t\t\t\t<\/div>\n\t\t\t\t<\/div>\n\t\t\t\t\t<\/div>\n\t\t<\/div>\n\t\t\t\t\t<\/div>\n\t\t<\/section>\n\t\t\t\t<\/div>\n\t\t","protected":false},"excerpt":{"rendered":"<p>Fale est l&rsquo;accessoire parfait pour toutes les tenues. La forme carr\u00e9e large permet des options de style polyvalentes, tandis que<\/p>\n","protected":false},"featured_media":0,"comment_status":"open","ping_status":"closed","template":"","meta":[],"product_brand":[],"product_cat":[1503,1466,1143],"product_tag":[],"class_list":{"0":"post-279691","1":"product","2":"type-product","3":"status-publish","5":"product_cat-enveloppes-de-soie","6":"product_cat-foulards-en-soie","7":"product_cat-foulards-et-echarpes","8":"product_shipping_class-pliable","9":"pa_color-bleu-denim","10":"pa_material-soie","11":"pa_pattern-abstract","12":"pa_pattern-colorblend","13":"pa_pattern-playful","15":"first","16":"instock","17":"shipping-taxable","18":"purchasable","19":"product-type-simple"},"_links":{"self":[{"href":"https:\/\/peilishop.com\/fr\/wp-json\/wp\/v2\/product\/279691","targetHints":{"allow":["GET"]}}],"collection":[{"href":"https:\/\/peilishop.com\/fr\/wp-json\/wp\/v2\/product"}],"about":[{"href":"https:\/\/peilishop.com\/fr\/wp-json\/wp\/v2\/types\/product"}],"replies":[{"embeddable":true,"href":"https:\/\/peilishop.com\/fr\/wp-json\/wp\/v2\/comments?post=279691"}],"version-history":[{"count":0,"href":"https:\/\/peilishop.com\/fr\/wp-json\/wp\/v2\/product\/279691\/revisions"}],"wp:attachment":[{"href":"https:\/\/peilishop.com\/fr\/wp-json\/wp\/v2\/media?parent=279691"}],"wp:term":[{"taxonomy":"product_brand","embeddable":true,"href":"https:\/\/peilishop.com\/fr\/wp-json\/wp\/v2\/product_brand?post=279691"},{"taxonomy":"product_cat","embeddable":true,"href":"https:\/\/peilishop.com\/fr\/wp-json\/wp\/v2\/product_cat?post=279691"},{"taxonomy":"product_tag","embeddable":true,"href":"https:\/\/peilishop.com\/fr\/wp-json\/wp\/v2\/product_tag?post=279691"}],"curies":[{"name":"wp","href":"https:\/\/api.w.org\/{rel}","templated":true}]}}