{"id":279382,"date":"2022-09-22T01:31:00","date_gmt":"2022-09-22T05:31:00","guid":{"rendered":"https:\/\/peilishop.com\/product\/sali-pure-cashmere-checked-tasseled-scarf-echarpe-a-carreaux-en-cachemire-pur\/"},"modified":"2025-04-13T22:47:59","modified_gmt":"2025-04-14T02:47:59","slug":"sali-pure-cashmere-checked-tasseled-scarf-echarpe-a-carreaux-en-cachemire-pur","status":"publish","type":"product","link":"https:\/\/peilishop.com\/fr\/produit\/sali-pure-cashmere-checked-tasseled-scarf-echarpe-a-carreaux-en-cachemire-pur\/","title":{"rendered":"Sali Pure Cashmere Checked Tasseled Scarf (\u00e9charpe \u00e0 carreaux en cachemire pur)"},"content":{"rendered":"\t\t<div data-elementor-type=\"wp-post\" data-elementor-id=\"279382\" class=\"elementor elementor-279382 elementor-36581\" data-elementor-post-type=\"product\">\n\t\t\t\t\t\t<section class=\"wd-negative-gap elementor-section elementor-top-section elementor-element elementor-element-309ee49 elementor-section-boxed elementor-section-height-default elementor-section-height-default\" data-id=\"309ee49\" data-element_type=\"section\" data-e-type=\"section\">\n\t\t\t\t\t\t<div class=\"elementor-container elementor-column-gap-default\">\n\t\t\t\t\t<div class=\"elementor-column elementor-col-100 elementor-top-column elementor-element elementor-element-27c6e88\" data-id=\"27c6e88\" data-element_type=\"column\" data-e-type=\"column\">\n\t\t\t<div class=\"elementor-widget-wrap elementor-element-populated\">\n\t\t\t\t\t\t<div class=\"elementor-element elementor-element-ffd11f9 color-scheme-inherit text-left elementor-widget elementor-widget-text-editor\" data-id=\"ffd11f9\" data-element_type=\"widget\" data-e-type=\"widget\" data-widget_type=\"text-editor.default\">\n\t\t\t\t<div class=\"elementor-widget-container\">\n\t\t\t\t\t\t\t\t\t<p style=\"text-align: left;\">Pour un style sophistiqu\u00e9, optez pour l&rsquo;\u00e9charpe Sali. Elle est tiss\u00e9e avec art \u00e0 partir de 100% de cachemire de qualit\u00e9 A et pr\u00e9sente un motif \u00e0 carreaux avec des bordures \u00e0 glands aux deux extr\u00e9mit\u00e9s. Cette pi\u00e8ce est parfaite pour rehausser n&rsquo;importe quelle tenue ou pour offrir en cadeau.  <\/p>\n<ul>\n<li><span data-preserver-spaces=\"true\">Mati\u00e8re : <\/span><span data-preserver-spaces=\"true\">100% cachemire mongol de qualit\u00e9 A <\/span> <\/li>\n<li>Teinture naturelle, sans produits chimiques nocifs<\/li>\n<li><span data-preserver-spaces=\"true\">  Confort : Doux et respirant, pas de d\u00e9mangeaisons ni de surchauffe.<\/span><\/li>\n<li><span data-preserver-spaces=\"true\">Forme rectangulaire<\/span><\/li>\n<li><span data-preserver-spaces=\"true\">Taille : <\/span><span data-preserver-spaces=\"true\"><span data-preserver-spaces=\"true\"><span data-preserver-spaces=\"true\">180cm (164cm+2x8cm gland) x 30cm \/ 70.87\u2033 (64.5&Prime;+ 2&#215;3.15&Prime; gland) x 11.8&Prime;<br><\/span><\/span><\/span><\/li>\n<li><span data-preserver-spaces=\"true\"><span data-preserver-spaces=\"true\"><span data-preserver-spaces=\"true\"><span data-preserver-spaces=\"true\">Poids l\u00e9ger : 133 grammes<\/span><\/span><\/span><\/span><\/li>\n<li><span data-preserver-spaces=\"true\"><span data-preserver-spaces=\"true\"><span data-preserver-spaces=\"true\"><span data-preserver-spaces=\"true\"><span data-preserver-spaces=\"true\">Fabriqu\u00e9 avec soin en Mongolie int\u00e9rieure<\/span><\/span><\/span><\/span><\/span><\/li>\n<\/ul>\t\t\t\t\t\t\t\t<\/div>\n\t\t\t\t<\/div>\n\t\t\t\t\t<\/div>\n\t\t<\/div>\n\t\t\t\t\t<\/div>\n\t\t<\/section>\n\t\t\t\t<\/div>\n\t\t","protected":false},"excerpt":{"rendered":"<p>Pour un style sophistiqu\u00e9, optez pour l&rsquo;\u00e9charpe Sali. Elle est tiss\u00e9e avec art \u00e0 partir de 100% de cachemire de<\/p>\n","protected":false},"featured_media":63602,"comment_status":"open","ping_status":"closed","template":"","meta":[],"product_brand":[],"product_cat":[1744],"product_tag":[1149,1204],"class_list":{"0":"post-279382","1":"product","2":"type-product","3":"status-publish","4":"has-post-thumbnail","6":"product_cat-echarpes-classiques-en-cachemire","7":"product_tag-frange","8":"product_tag-verifie","9":"product_shipping_class-pliable","10":"pa_color-beige-fr","11":"pa_color-gris-fonce","12":"pa_color-tan-fr","13":"pa_material-cachemire","14":"pa_pattern-checked","15":"pa_pattern-fringe","17":"first","18":"instock","19":"sale","20":"shipping-taxable","21":"purchasable","22":"product-type-variable"},"_links":{"self":[{"href":"https:\/\/peilishop.com\/fr\/wp-json\/wp\/v2\/product\/279382","targetHints":{"allow":["GET"]}}],"collection":[{"href":"https:\/\/peilishop.com\/fr\/wp-json\/wp\/v2\/product"}],"about":[{"href":"https:\/\/peilishop.com\/fr\/wp-json\/wp\/v2\/types\/product"}],"replies":[{"embeddable":true,"href":"https:\/\/peilishop.com\/fr\/wp-json\/wp\/v2\/comments?post=279382"}],"version-history":[{"count":0,"href":"https:\/\/peilishop.com\/fr\/wp-json\/wp\/v2\/product\/279382\/revisions"}],"wp:featuredmedia":[{"embeddable":true,"href":"https:\/\/peilishop.com\/fr\/wp-json\/wp\/v2\/media\/63602"}],"wp:attachment":[{"href":"https:\/\/peilishop.com\/fr\/wp-json\/wp\/v2\/media?parent=279382"}],"wp:term":[{"taxonomy":"product_brand","embeddable":true,"href":"https:\/\/peilishop.com\/fr\/wp-json\/wp\/v2\/product_brand?post=279382"},{"taxonomy":"product_cat","embeddable":true,"href":"https:\/\/peilishop.com\/fr\/wp-json\/wp\/v2\/product_cat?post=279382"},{"taxonomy":"product_tag","embeddable":true,"href":"https:\/\/peilishop.com\/fr\/wp-json\/wp\/v2\/product_tag?post=279382"}],"curies":[{"name":"wp","href":"https:\/\/api.w.org\/{rel}","templated":true}]}}