{"id":279364,"date":"2022-09-06T09:07:00","date_gmt":"2022-09-06T13:07:00","guid":{"rendered":"https:\/\/peilishop.com\/product\/sopa-pure-cashmere-color-block-touch-screen-gloves-gants-a-ecran-tactile\/"},"modified":"2025-04-13T22:47:59","modified_gmt":"2025-04-14T02:47:59","slug":"sopa-pure-cashmere-color-block-touch-screen-gloves-gants-a-ecran-tactile","status":"publish","type":"product","link":"https:\/\/peilishop.com\/fr\/produit\/sopa-pure-cashmere-color-block-touch-screen-gloves-gants-a-ecran-tactile\/","title":{"rendered":"Sopa Pure Cashmere Color Block Touch Screen Gloves (gants \u00e0 \u00e9cran tactile)"},"content":{"rendered":"\t\t<div data-elementor-type=\"wp-post\" data-elementor-id=\"279364\" class=\"elementor elementor-279364 elementor-46775\" data-elementor-post-type=\"product\">\n\t\t\t\t\t\t<section class=\"wd-negative-gap elementor-section elementor-top-section elementor-element elementor-element-309ee49 elementor-section-boxed elementor-section-height-default elementor-section-height-default\" data-id=\"309ee49\" data-element_type=\"section\" data-e-type=\"section\">\n\t\t\t\t\t\t<div class=\"elementor-container elementor-column-gap-default\">\n\t\t\t\t\t<div class=\"elementor-column elementor-col-100 elementor-top-column elementor-element elementor-element-27c6e88\" data-id=\"27c6e88\" data-element_type=\"column\" data-e-type=\"column\">\n\t\t\t<div class=\"elementor-widget-wrap elementor-element-populated\">\n\t\t\t\t\t\t<div class=\"elementor-element elementor-element-ffd11f9 color-scheme-inherit text-left elementor-widget elementor-widget-text-editor\" data-id=\"ffd11f9\" data-element_type=\"widget\" data-e-type=\"widget\" data-widget_type=\"text-editor.default\">\n\t\t\t\t<div class=\"elementor-widget-container\">\n\t\t\t\t\t\t\t\t\t<p style=\"text-align: left;\"><span data-preserver-spaces=\"true\"><span class=\"en-desc\">Restez au chaud et en contact avec les gants Sopa. Ils sont fabriqu\u00e9s en<span class=\"Gdavcd\">cachemire de Mongolie, douillet et moelleux, et arborent un superbe motif color\u00e9.<\/span> Chaque paire est dot\u00e9e de bouts de doigts conducteurs qui permettent une gestuelle r\u00e9active et pr\u00e9cise sur votre smartphone ou votre tablette. <\/span><\/span><\/p><ul><li><span data-preserver-spaces=\"true\">Mati\u00e8re : <\/span><span data-preserver-spaces=\"true\">100 % cachemire mongol de qualit\u00e9 A <\/span> <\/li><li>Teinture naturelle, sans produits chimiques nocifs<\/li><li><span data-preserver-spaces=\"true\">Confort : Doux et respirant, pas de d\u00e9mangeaisons ni de surchauffe.<\/span><\/li><li><span data-preserver-spaces=\"true\">Taille : 8cm x 28cm \/ 3.15&Prime; x 11&Prime;<br><\/span><\/li><li>Poids l\u00e9ger : 40 grammes<\/li><li><span data-preserver-spaces=\"true\">Fabriqu\u00e9 avec soin en Mongolie int\u00e9rieure<\/span><\/li><\/ul>\t\t\t\t\t\t\t\t<\/div>\n\t\t\t\t<\/div>\n\t\t\t\t\t<\/div>\n\t\t<\/div>\n\t\t\t\t\t<\/div>\n\t\t<\/section>\n\t\t\t\t<\/div>\n\t\t","protected":false},"excerpt":{"rendered":"<p>Restez au chaud et en contact avec les gants Sopa. Ils sont fabriqu\u00e9s encachemire de Mongolie, douillet et moelleux, et<\/p>\n","protected":false},"featured_media":46801,"comment_status":"open","ping_status":"closed","template":"","meta":[],"product_brand":[],"product_cat":[1650],"product_tag":[1404],"class_list":{"0":"post-279364","1":"product","2":"type-product","3":"status-publish","4":"has-post-thumbnail","6":"product_cat-gants","7":"product_tag-colorblock-fr","8":"product_shipping_class-pliable","9":"pa_color-brun-cacao","10":"pa_color-gris-fr","11":"pa_material-cachemire","12":"pa_pattern-colorblock","14":"first","15":"instock","16":"shipping-taxable","17":"purchasable","18":"product-type-simple"},"_links":{"self":[{"href":"https:\/\/peilishop.com\/fr\/wp-json\/wp\/v2\/product\/279364","targetHints":{"allow":["GET"]}}],"collection":[{"href":"https:\/\/peilishop.com\/fr\/wp-json\/wp\/v2\/product"}],"about":[{"href":"https:\/\/peilishop.com\/fr\/wp-json\/wp\/v2\/types\/product"}],"replies":[{"embeddable":true,"href":"https:\/\/peilishop.com\/fr\/wp-json\/wp\/v2\/comments?post=279364"}],"version-history":[{"count":0,"href":"https:\/\/peilishop.com\/fr\/wp-json\/wp\/v2\/product\/279364\/revisions"}],"wp:featuredmedia":[{"embeddable":true,"href":"https:\/\/peilishop.com\/fr\/wp-json\/wp\/v2\/media\/46801"}],"wp:attachment":[{"href":"https:\/\/peilishop.com\/fr\/wp-json\/wp\/v2\/media?parent=279364"}],"wp:term":[{"taxonomy":"product_brand","embeddable":true,"href":"https:\/\/peilishop.com\/fr\/wp-json\/wp\/v2\/product_brand?post=279364"},{"taxonomy":"product_cat","embeddable":true,"href":"https:\/\/peilishop.com\/fr\/wp-json\/wp\/v2\/product_cat?post=279364"},{"taxonomy":"product_tag","embeddable":true,"href":"https:\/\/peilishop.com\/fr\/wp-json\/wp\/v2\/product_tag?post=279364"}],"curies":[{"name":"wp","href":"https:\/\/api.w.org\/{rel}","templated":true}]}}