{"id":279346,"date":"2022-05-16T05:12:00","date_gmt":"2022-05-16T09:12:00","guid":{"rendered":"https:\/\/peilishop.com\/product\/nita-water-resistant-collapsible-straw-hat-chapeau-de-paille-pliable-resistant-a-leau\/"},"modified":"2025-04-13T22:47:49","modified_gmt":"2025-04-14T02:47:49","slug":"nita-water-resistant-collapsible-straw-hat-chapeau-de-paille-pliable-resistant-a-leau","status":"publish","type":"product","link":"https:\/\/peilishop.com\/fr\/produit\/nita-water-resistant-collapsible-straw-hat-chapeau-de-paille-pliable-resistant-a-leau\/","title":{"rendered":"Nita Water Resistant Collapsible Straw Hat (chapeau de paille pliable r\u00e9sistant \u00e0 l&rsquo;eau)"},"content":{"rendered":"\t\t<div data-elementor-type=\"product-post\" data-elementor-id=\"279346\" class=\"elementor elementor-279346 elementor-43668\" data-elementor-post-type=\"product\">\n\t\t\t\t\t\t<section class=\"wd-negative-gap elementor-section elementor-top-section elementor-element elementor-element-1aabbdd4 elementor-section-boxed elementor-section-height-default elementor-section-height-default\" data-id=\"1aabbdd4\" data-element_type=\"section\" data-e-type=\"section\">\n\t\t\t\t\t\t<div class=\"elementor-container elementor-column-gap-default\">\n\t\t\t\t\t<div class=\"elementor-column elementor-col-100 elementor-top-column elementor-element elementor-element-2f52d809\" data-id=\"2f52d809\" data-element_type=\"column\" data-e-type=\"column\">\n\t\t\t<div class=\"elementor-widget-wrap elementor-element-populated\">\n\t\t\t\t\t\t<div class=\"elementor-element elementor-element-7ac058aa color-scheme-inherit text-left elementor-widget elementor-widget-text-editor\" data-id=\"7ac058aa\" data-element_type=\"widget\" data-e-type=\"widget\" data-widget_type=\"text-editor.default\">\n\t\t\t\t<div class=\"elementor-widget-container\">\n\t\t\t\t\t\t\t\t\t<p style=\"text-align: left;\">Fabriqu\u00e9 en paille de Toyo et en coton, le Kamila est dot\u00e9 d&rsquo;une couronne de 10 cm et d&rsquo;un large bord de 12 cm pour une protection solaire suppl\u00e9mentaire. Il est sp\u00e9cialement con\u00e7u pour se plier et se replier afin de faciliter les d\u00e9placements. Il est dot\u00e9 d&rsquo;attaches \u00e0 la base qui permettent de l&rsquo;ancrer en cas de brise.  <\/p><ul><li style=\"text-align: left;\">Mati\u00e8re : Paille de Toyo r\u00e9sistante \u00e0 l&rsquo;eau, coton<\/li><li style=\"text-align: left;\">Couronne conique<\/li><li style=\"text-align: left;\">Cravates<\/li><li style=\"text-align: left;\">Bordure de 12 cm<\/li><\/ul>\t\t\t\t\t\t\t\t<\/div>\n\t\t\t\t<\/div>\n\t\t\t\t\t<\/div>\n\t\t<\/div>\n\t\t\t\t\t<\/div>\n\t\t<\/section>\n\t\t\t\t<\/div>\n\t\t","protected":false},"excerpt":{"rendered":"<p>Fabriqu\u00e9 en paille de Toyo et en coton, le Kamila est dot\u00e9 d&rsquo;une couronne de 10 cm et d&rsquo;un large<\/p>\n","protected":false},"featured_media":43677,"comment_status":"open","ping_status":"closed","template":"","meta":[],"product_brand":[],"product_cat":[1644,1608,1642,1646,1645],"product_tag":[],"class_list":{"0":"post-279346","1":"product","2":"type-product","3":"status-publish","4":"has-post-thumbnail","6":"product_cat-bord-large","7":"product_cat-chapeaux","8":"product_cat-chapeaux-cloches","9":"product_cat-chapeaux-de-paille","10":"product_cat-roulable-et-emballable","11":"product_shipping_class-sac-a-panier-grand-chapeau","12":"pa_color-gris-fr","13":"pa_color-jaune","14":"pa_color-jaune-moutarde","15":"pa_color-noir","16":"pa_color-rose-rouge","17":"pa_color-vert-chasseur","18":"pa_color-vert-olive","19":"pa_material-paille-de-toyo","20":"pa_pattern-abstract","21":"pa_pattern-boho","22":"pa_pattern-exotic","24":"first","25":"instock","26":"featured","27":"shipping-taxable","28":"purchasable","29":"product-type-variable"},"_links":{"self":[{"href":"https:\/\/peilishop.com\/fr\/wp-json\/wp\/v2\/product\/279346","targetHints":{"allow":["GET"]}}],"collection":[{"href":"https:\/\/peilishop.com\/fr\/wp-json\/wp\/v2\/product"}],"about":[{"href":"https:\/\/peilishop.com\/fr\/wp-json\/wp\/v2\/types\/product"}],"replies":[{"embeddable":true,"href":"https:\/\/peilishop.com\/fr\/wp-json\/wp\/v2\/comments?post=279346"}],"version-history":[{"count":0,"href":"https:\/\/peilishop.com\/fr\/wp-json\/wp\/v2\/product\/279346\/revisions"}],"wp:featuredmedia":[{"embeddable":true,"href":"https:\/\/peilishop.com\/fr\/wp-json\/wp\/v2\/media\/43677"}],"wp:attachment":[{"href":"https:\/\/peilishop.com\/fr\/wp-json\/wp\/v2\/media?parent=279346"}],"wp:term":[{"taxonomy":"product_brand","embeddable":true,"href":"https:\/\/peilishop.com\/fr\/wp-json\/wp\/v2\/product_brand?post=279346"},{"taxonomy":"product_cat","embeddable":true,"href":"https:\/\/peilishop.com\/fr\/wp-json\/wp\/v2\/product_cat?post=279346"},{"taxonomy":"product_tag","embeddable":true,"href":"https:\/\/peilishop.com\/fr\/wp-json\/wp\/v2\/product_tag?post=279346"}],"curies":[{"name":"wp","href":"https:\/\/api.w.org\/{rel}","templated":true}]}}