{"id":279304,"date":"2023-06-03T06:23:00","date_gmt":"2023-06-03T10:23:00","guid":{"rendered":"https:\/\/peilishop.com\/product\/echarpe-en-cachemire-leger-a-carreaux-bala\/"},"modified":"2025-04-13T22:40:55","modified_gmt":"2025-04-14T02:40:55","slug":"echarpe-en-cachemire-leger-a-carreaux-bala","status":"publish","type":"product","link":"https:\/\/peilishop.com\/fr\/produit\/echarpe-en-cachemire-leger-a-carreaux-bala\/","title":{"rendered":"\u00c9charpe en cachemire l\u00e9ger \u00e0 carreaux Bala"},"content":{"rendered":"\t\t<div data-elementor-type=\"wp-post\" data-elementor-id=\"279304\" class=\"elementor elementor-279304 elementor-38176\" data-elementor-post-type=\"product\">\n\t\t\t\t\t\t<section class=\"wd-negative-gap elementor-section elementor-top-section elementor-element elementor-element-309ee49 elementor-section-boxed elementor-section-height-default elementor-section-height-default\" data-id=\"309ee49\" data-element_type=\"section\" data-e-type=\"section\">\n\t\t\t\t\t\t<div class=\"elementor-container elementor-column-gap-default\">\n\t\t\t\t\t<div class=\"elementor-column elementor-col-100 elementor-top-column elementor-element elementor-element-27c6e88\" data-id=\"27c6e88\" data-element_type=\"column\" data-e-type=\"column\">\n\t\t\t<div class=\"elementor-widget-wrap elementor-element-populated\">\n\t\t\t\t\t\t<div class=\"elementor-element elementor-element-ffd11f9 color-scheme-inherit text-left elementor-widget elementor-widget-text-editor\" data-id=\"ffd11f9\" data-element_type=\"widget\" data-e-type=\"widget\" data-widget_type=\"text-editor.default\">\n\t\t\t\t<div class=\"elementor-widget-container\">\n\t\t\t\t\t\t\t\t\t<p style=\"text-align: left;\"><span data-preserver-spaces=\"true\">  Bala est le moyen id\u00e9al d&rsquo;ajouter une touche de confort et de style luxueux \u00e0 votre garde-robe. Tiss\u00e9 avec art dans un cachemire mongol pur et doux comme du beurre, ce grand ch\u00e2le rectangulaire pr\u00e9sente un motif \u00e0 carreaux classique et des bords frang\u00e9s, ce qui lui conf\u00e8re une touche contemporaine et chic, parfaite pour les occasions d\u00e9contract\u00e9es ou formelles. <\/span>  Enroulez-le autour de votre cou, de vos \u00e9paules ou sous votre manteau pour une chaleur in\u00e9gal\u00e9e.<\/p><ul><li><span data-preserver-spaces=\"true\">Mati\u00e8re : <\/span><span data-preserver-spaces=\"true\">100 % cachemire mongol de qualit\u00e9 A <\/span> <\/li><li>Teinture naturelle, sans produits chimiques nocifs<\/li><li><span data-preserver-spaces=\"true\">  Confort : Doux et respirant, pas de d\u00e9mangeaisons ni de surchauffe.<\/span><\/li><li>Taille : <span data-preserver-spaces=\"true\">200cm x 90cm\/ 78.74\u2033 x 35.43\u2033<br><\/span><\/li><li><span data-preserver-spaces=\"true\">Featherly light : 85 grammes<\/span><\/li><li><span data-preserver-spaces=\"true\">Fabriqu\u00e9 avec soin en Mongolie int\u00e9rieure<\/span><\/li><\/ul>\t\t\t\t\t\t\t\t<\/div>\n\t\t\t\t<\/div>\n\t\t\t\t\t<\/div>\n\t\t<\/div>\n\t\t\t\t\t<\/div>\n\t\t<\/section>\n\t\t\t\t<\/div>\n\t\t","protected":false},"excerpt":{"rendered":"<p>Bala est le moyen id\u00e9al d&rsquo;ajouter une touche de confort et de style luxueux \u00e0 votre garde-robe. Tiss\u00e9 avec art<\/p>\n","protected":false},"featured_media":266174,"comment_status":"open","ping_status":"closed","template":"","meta":[],"product_brand":[],"product_cat":[1143,1613],"product_tag":[1739],"class_list":{"0":"post-279304","1":"product","2":"type-product","3":"status-publish","4":"has-post-thumbnail","6":"product_cat-foulards-et-echarpes","7":"product_cat-echarpes-en-cachemire-fr","8":"product_tag-foulards-legers","9":"product_shipping_class-pliable","10":"pa_color-orange-fr","11":"pa_material-cachemire","12":"pa_pattern-checked","14":"first","15":"instock","16":"shipping-taxable","17":"purchasable","18":"product-type-simple"},"_links":{"self":[{"href":"https:\/\/peilishop.com\/fr\/wp-json\/wp\/v2\/product\/279304","targetHints":{"allow":["GET"]}}],"collection":[{"href":"https:\/\/peilishop.com\/fr\/wp-json\/wp\/v2\/product"}],"about":[{"href":"https:\/\/peilishop.com\/fr\/wp-json\/wp\/v2\/types\/product"}],"replies":[{"embeddable":true,"href":"https:\/\/peilishop.com\/fr\/wp-json\/wp\/v2\/comments?post=279304"}],"version-history":[{"count":0,"href":"https:\/\/peilishop.com\/fr\/wp-json\/wp\/v2\/product\/279304\/revisions"}],"wp:featuredmedia":[{"embeddable":true,"href":"https:\/\/peilishop.com\/fr\/wp-json\/wp\/v2\/media\/266174"}],"wp:attachment":[{"href":"https:\/\/peilishop.com\/fr\/wp-json\/wp\/v2\/media?parent=279304"}],"wp:term":[{"taxonomy":"product_brand","embeddable":true,"href":"https:\/\/peilishop.com\/fr\/wp-json\/wp\/v2\/product_brand?post=279304"},{"taxonomy":"product_cat","embeddable":true,"href":"https:\/\/peilishop.com\/fr\/wp-json\/wp\/v2\/product_cat?post=279304"},{"taxonomy":"product_tag","embeddable":true,"href":"https:\/\/peilishop.com\/fr\/wp-json\/wp\/v2\/product_tag?post=279304"}],"curies":[{"name":"wp","href":"https:\/\/api.w.org\/{rel}","templated":true}]}}