{"id":279177,"date":"2023-09-28T03:57:00","date_gmt":"2023-09-28T07:57:00","guid":{"rendered":"https:\/\/peilishop.com\/product\/echarpe-en-cachemire-helal-square-featherlight-cashmere-wrap\/"},"modified":"2025-04-13T21:59:58","modified_gmt":"2025-04-14T01:59:58","slug":"echarpe-en-cachemire-helal-square-featherlight-cashmere-wrap","status":"publish","type":"product","link":"https:\/\/peilishop.com\/fr\/produit\/echarpe-en-cachemire-helal-square-featherlight-cashmere-wrap\/","title":{"rendered":"\u00c9charpe en cachemire Helal Square Featherlight Cashmere Wrap"},"content":{"rendered":"\t\t<div data-elementor-type=\"wp-post\" data-elementor-id=\"279177\" class=\"elementor elementor-279177 elementor-34931\" data-elementor-post-type=\"product\">\n\t\t\t\t\t\t<section class=\"wd-negative-gap elementor-section elementor-top-section elementor-element elementor-element-309ee49 elementor-section-boxed elementor-section-height-default elementor-section-height-default\" data-id=\"309ee49\" data-element_type=\"section\" data-e-type=\"section\">\n\t\t\t\t\t\t<div class=\"elementor-container elementor-column-gap-default\">\n\t\t\t\t\t<div class=\"elementor-column elementor-col-100 elementor-top-column elementor-element elementor-element-27c6e88\" data-id=\"27c6e88\" data-element_type=\"column\" data-e-type=\"column\">\n\t\t\t<div class=\"elementor-widget-wrap elementor-element-populated\">\n\t\t\t\t\t\t<div class=\"elementor-element elementor-element-ffd11f9 color-scheme-inherit text-left elementor-widget elementor-widget-text-editor\" data-id=\"ffd11f9\" data-element_type=\"widget\" data-e-type=\"widget\" data-widget_type=\"text-editor.default\">\n\t\t\t\t<div class=\"elementor-widget-container\">\n\t\t\t\t\t\t\t\t\t<p>Confectionn\u00e9e en cachemire de haute qualit\u00e9, l&rsquo;\u00e9charpe en cachemire Helal square featherlight est non seulement incroyablement douce et l\u00e9g\u00e8re, mais elle pr\u00e9sente \u00e9galement un motif \u00e0 carreaux et des bordures effiloch\u00e9es qui ajoutent une touche de sophistication. Elle pr\u00e9sente un motif \u00e0 carreaux et des bordures effiloch\u00e9es qui ajoutent une touche de sophistication. Son design d\u00e9licat donnera du style \u00e0 n&rsquo;importe quelle tenue et vous permettra de vous d\u00e9marquer.  <\/p>\n<ul>\n<li><span data-preserver-spaces=\"true\">Mati\u00e8re : <\/span><span data-preserver-spaces=\"true\">100 % cachemire mongol de qualit\u00e9 A <\/span> <\/li>\n<li>Teinture naturelle, sans produits chimiques nocifs<\/li>\n<li><span data-preserver-spaces=\"true\">  Confort : Doux et respirant, pas de d\u00e9mangeaisons ni de surchauffe.<\/span><\/li>\n<li style=\"text-align: left;\"><span data-preserver-spaces=\"true\"><span data-preserver-spaces=\"true\">Taille : 105cm x 105cm\/ 41.3&Prime; x 41.3&Prime;<br><\/span><\/span><\/li>\n<li><span data-preserver-spaces=\"true\"><span data-preserver-spaces=\"true\"><span data-preserver-spaces=\"true\"><span data-preserver-spaces=\"true\">Featherly light : 50 grammes<\/span><\/span><\/span><\/span><\/li>\n<li><span data-preserver-spaces=\"true\"><span data-preserver-spaces=\"true\"><span data-preserver-spaces=\"true\"><span data-preserver-spaces=\"true\"><span data-preserver-spaces=\"true\">Fabriqu\u00e9 avec soin en Mongolie int\u00e9rieure<\/span><\/span><\/span><\/span><\/span><\/li>\n<\/ul>\t\t\t\t\t\t\t\t<\/div>\n\t\t\t\t<\/div>\n\t\t\t\t\t<\/div>\n\t\t<\/div>\n\t\t\t\t\t<\/div>\n\t\t<\/section>\n\t\t\t\t<\/div>\n\t\t","protected":false},"excerpt":{"rendered":"<p>Confectionn\u00e9e en cachemire de haute qualit\u00e9, l&rsquo;\u00e9charpe en cachemire Helal square featherlight est non seulement incroyablement douce et l\u00e9g\u00e8re, mais<\/p>\n","protected":false},"featured_media":263902,"comment_status":"open","ping_status":"closed","template":"","meta":[],"product_brand":[],"product_cat":[1356,1143],"product_tag":[1739],"class_list":{"0":"post-279177","1":"product","2":"type-product","3":"status-publish","4":"has-post-thumbnail","6":"product_cat-echarpes-en-cachemire-carrees-et-legeres-comme-des-plumes","7":"product_cat-foulards-et-echarpes","8":"product_tag-foulards-legers","9":"product_shipping_class-pliable","10":"pa_color-bleu-poudre","11":"pa_color-jaune-dor","12":"pa_color-rouge-rouille","13":"pa_material-cachemire","14":"pa_pattern-checked","15":"pa_pattern-fringe","17":"first","18":"instock","19":"shipping-taxable","20":"purchasable","21":"product-type-variable"},"_links":{"self":[{"href":"https:\/\/peilishop.com\/fr\/wp-json\/wp\/v2\/product\/279177","targetHints":{"allow":["GET"]}}],"collection":[{"href":"https:\/\/peilishop.com\/fr\/wp-json\/wp\/v2\/product"}],"about":[{"href":"https:\/\/peilishop.com\/fr\/wp-json\/wp\/v2\/types\/product"}],"replies":[{"embeddable":true,"href":"https:\/\/peilishop.com\/fr\/wp-json\/wp\/v2\/comments?post=279177"}],"version-history":[{"count":0,"href":"https:\/\/peilishop.com\/fr\/wp-json\/wp\/v2\/product\/279177\/revisions"}],"wp:featuredmedia":[{"embeddable":true,"href":"https:\/\/peilishop.com\/fr\/wp-json\/wp\/v2\/media\/263902"}],"wp:attachment":[{"href":"https:\/\/peilishop.com\/fr\/wp-json\/wp\/v2\/media?parent=279177"}],"wp:term":[{"taxonomy":"product_brand","embeddable":true,"href":"https:\/\/peilishop.com\/fr\/wp-json\/wp\/v2\/product_brand?post=279177"},{"taxonomy":"product_cat","embeddable":true,"href":"https:\/\/peilishop.com\/fr\/wp-json\/wp\/v2\/product_cat?post=279177"},{"taxonomy":"product_tag","embeddable":true,"href":"https:\/\/peilishop.com\/fr\/wp-json\/wp\/v2\/product_tag?post=279177"}],"curies":[{"name":"wp","href":"https:\/\/api.w.org\/{rel}","templated":true}]}}