{"id":279133,"date":"2023-09-29T23:31:00","date_gmt":"2023-09-30T03:31:00","guid":{"rendered":"https:\/\/peilishop.com\/product\/echarpe-en-cachemire-adan-square-featherlight-cashmere-wrap\/"},"modified":"2025-04-13T21:59:25","modified_gmt":"2025-04-14T01:59:25","slug":"echarpe-en-cachemire-adan-square-featherlight-cashmere-wrap","status":"publish","type":"product","link":"https:\/\/peilishop.com\/fr\/produit\/echarpe-en-cachemire-adan-square-featherlight-cashmere-wrap\/","title":{"rendered":"\u00c9charpe en cachemire Adan Square Featherlight Cashmere Wrap"},"content":{"rendered":"\t\t<div data-elementor-type=\"wp-post\" data-elementor-id=\"279133\" class=\"elementor elementor-279133\" data-elementor-post-type=\"product\">\n\t\t\t\t\t\t<section class=\"wd-negative-gap elementor-section elementor-top-section elementor-element elementor-element-309ee49 elementor-section-boxed elementor-section-height-default elementor-section-height-default\" data-id=\"309ee49\" data-element_type=\"section\" data-e-type=\"section\">\n\t\t\t\t\t\t<div class=\"elementor-container elementor-column-gap-default\">\n\t\t\t\t\t<div class=\"elementor-column elementor-col-100 elementor-top-column elementor-element elementor-element-27c6e88\" data-id=\"27c6e88\" data-element_type=\"column\" data-e-type=\"column\">\n\t\t\t<div class=\"elementor-widget-wrap elementor-element-populated\">\n\t\t\t\t\t\t<div class=\"elementor-element elementor-element-ffd11f9 color-scheme-inherit text-left elementor-widget elementor-widget-text-editor\" data-id=\"ffd11f9\" data-element_type=\"widget\" data-e-type=\"widget\" data-widget_type=\"text-editor.default\">\n\t\t\t\t<div class=\"elementor-widget-container\">\n\t\t\t\t\t\t\t\t\t<p class=\"pa1 product-description\">Sentez la chaleur et l&rsquo;\u00e9l\u00e9gance sans effort qu&rsquo;apporte l&rsquo;\u00e9charpe en cachemire l\u00e9ger Adan ! Cette \u00e9charpe sophistiqu\u00e9e pr\u00e9sente un motif \u00e0 carreaux et des bordures effiloch\u00e9es qui exhalent le charme et la classe. Le motif d\u00e9grad\u00e9 lui conf\u00e8re une touche \u00e9nergique qui ne manquera pas d&rsquo;attirer l&rsquo;attention. Confectionn\u00e9e en cachemire d\u00e9licat, cette \u00e9charpe vous gardera au chaud et \u00e0 l&rsquo;aise tout au long de la saison.   &nbsp;<\/p>\n<ul>\n<li><span data-preserver-spaces=\"true\">Mati\u00e8re : <\/span><span data-preserver-spaces=\"true\">100 % cachemire mongol de qualit\u00e9 A <\/span> <\/li>\n<li>Teinture naturelle, sans produits chimiques nocifs<\/li>\n<li><span data-preserver-spaces=\"true\">  Confort : Doux et respirant, pas de d\u00e9mangeaisons ni de surchauffe.<\/span><\/li>\n<li><span data-preserver-spaces=\"true\"><span data-preserver-spaces=\"true\">Taille : 110cm x 110cm\/ 43.3\u2033 x 43.3\u2033<br><\/span><\/span><\/li>\n<li><span data-preserver-spaces=\"true\"><span data-preserver-spaces=\"true\"><span data-preserver-spaces=\"true\"><span data-preserver-spaces=\"true\">Featherly light : 50 grammes<\/span><\/span><\/span><\/span><\/li>\n<li><span data-preserver-spaces=\"true\"><span data-preserver-spaces=\"true\"><span data-preserver-spaces=\"true\"><span data-preserver-spaces=\"true\"><span data-preserver-spaces=\"true\">Fabriqu\u00e9 avec soin en Mongolie int\u00e9rieure<\/span><\/span><\/span><\/span><\/span><\/li>\n<\/ul>\t\t\t\t\t\t\t\t<\/div>\n\t\t\t\t<\/div>\n\t\t\t\t\t<\/div>\n\t\t<\/div>\n\t\t\t\t\t<\/div>\n\t\t<\/section>\n\t\t\t\t<\/div>\n\t\t","protected":false},"excerpt":{"rendered":"<p>Sentez la chaleur et l&rsquo;\u00e9l\u00e9gance sans effort qu&rsquo;apporte l&rsquo;\u00e9charpe en cachemire l\u00e9ger Adan ! Cette \u00e9charpe sophistiqu\u00e9e pr\u00e9sente un motif<\/p>\n","protected":false},"featured_media":263862,"comment_status":"open","ping_status":"closed","template":"","meta":[],"product_brand":[],"product_cat":[1356,1143],"product_tag":[1149,1146,1204],"class_list":{"0":"post-279133","1":"product","2":"type-product","3":"status-publish","4":"has-post-thumbnail","6":"product_cat-echarpes-en-cachemire-carrees-et-legeres-comme-des-plumes","7":"product_cat-foulards-et-echarpes","8":"product_tag-frange","9":"product_tag-ludique","10":"product_tag-verifie","11":"product_shipping_class-pliable","12":"pa_color-chameau","13":"pa_color-orange-brule","14":"pa_color-orange-vif","15":"pa_color-pourpre-nacre","16":"pa_material-cachemire","17":"pa_pattern-checked","18":"pa_pattern-fringe","19":"pa_pattern-gradient","20":"pa_pattern-playful","22":"first","23":"instock","24":"sale","25":"shipping-taxable","26":"purchasable","27":"product-type-simple"},"_links":{"self":[{"href":"https:\/\/peilishop.com\/fr\/wp-json\/wp\/v2\/product\/279133","targetHints":{"allow":["GET"]}}],"collection":[{"href":"https:\/\/peilishop.com\/fr\/wp-json\/wp\/v2\/product"}],"about":[{"href":"https:\/\/peilishop.com\/fr\/wp-json\/wp\/v2\/types\/product"}],"replies":[{"embeddable":true,"href":"https:\/\/peilishop.com\/fr\/wp-json\/wp\/v2\/comments?post=279133"}],"version-history":[{"count":0,"href":"https:\/\/peilishop.com\/fr\/wp-json\/wp\/v2\/product\/279133\/revisions"}],"wp:featuredmedia":[{"embeddable":true,"href":"https:\/\/peilishop.com\/fr\/wp-json\/wp\/v2\/media\/263862"}],"wp:attachment":[{"href":"https:\/\/peilishop.com\/fr\/wp-json\/wp\/v2\/media?parent=279133"}],"wp:term":[{"taxonomy":"product_brand","embeddable":true,"href":"https:\/\/peilishop.com\/fr\/wp-json\/wp\/v2\/product_brand?post=279133"},{"taxonomy":"product_cat","embeddable":true,"href":"https:\/\/peilishop.com\/fr\/wp-json\/wp\/v2\/product_cat?post=279133"},{"taxonomy":"product_tag","embeddable":true,"href":"https:\/\/peilishop.com\/fr\/wp-json\/wp\/v2\/product_tag?post=279133"}],"curies":[{"name":"wp","href":"https:\/\/api.w.org\/{rel}","templated":true}]}}