{"id":279123,"date":"2023-09-29T23:45:00","date_gmt":"2023-09-30T03:45:00","guid":{"rendered":"https:\/\/peilishop.com\/product\/echarpe-en-cachemire-zena-square-featherlight-cashmere-wrap\/"},"modified":"2025-04-13T21:59:25","modified_gmt":"2025-04-14T01:59:25","slug":"echarpe-en-cachemire-zena-square-featherlight-cashmere-wrap","status":"publish","type":"product","link":"https:\/\/peilishop.com\/fr\/produit\/echarpe-en-cachemire-zena-square-featherlight-cashmere-wrap\/","title":{"rendered":"\u00c9charpe en cachemire Zena Square Featherlight Cashmere Wrap"},"content":{"rendered":"\t\t<div data-elementor-type=\"wp-post\" data-elementor-id=\"279123\" class=\"elementor elementor-279123 elementor-59906\" data-elementor-post-type=\"product\">\n\t\t\t\t\t\t<section class=\"wd-negative-gap elementor-section elementor-top-section elementor-element elementor-element-309ee49 elementor-section-boxed elementor-section-height-default elementor-section-height-default\" data-id=\"309ee49\" data-element_type=\"section\" data-e-type=\"section\">\n\t\t\t\t\t\t<div class=\"elementor-container elementor-column-gap-default\">\n\t\t\t\t\t<div class=\"elementor-column elementor-col-100 elementor-top-column elementor-element elementor-element-27c6e88\" data-id=\"27c6e88\" data-element_type=\"column\" data-e-type=\"column\">\n\t\t\t<div class=\"elementor-widget-wrap elementor-element-populated\">\n\t\t\t\t\t\t<div class=\"elementor-element elementor-element-ffd11f9 color-scheme-inherit text-left elementor-widget elementor-widget-text-editor\" data-id=\"ffd11f9\" data-element_type=\"widget\" data-e-type=\"widget\" data-widget_type=\"text-editor.default\">\n\t\t\t\t<div class=\"elementor-widget-container\">\n\t\t\t\t\t\t\t\t\t<p class=\"pa1 product-description\">Cr\u00e9ez un look qui fera tourner les t\u00eates cette saison avec le superbe Zena ! Fabriqu\u00e9e en cachemire de premi\u00e8re qualit\u00e9, cette pi\u00e8ce offre une chaleur \u00e9l\u00e9gante sans sacrifier une once de confort. Le motif ray\u00e9 tourbillonnant se marie parfaitement \u00e0 toutes les combinaisons de couleurs, tandis que les bordures effiloch\u00e9es apportent une finition et une texture uniques.  <\/p><ul><li><span data-preserver-spaces=\"true\">Mati\u00e8re : <\/span><span data-preserver-spaces=\"true\">100 % cachemire mongol de qualit\u00e9 A <\/span> <\/li><li>Teinture naturelle, sans produits chimiques nocifs<\/li><li><span data-preserver-spaces=\"true\">  Confort : Doux et respirant, pas de d\u00e9mangeaisons ni de surchauffe.<\/span><\/li><li><span data-preserver-spaces=\"true\"><span data-preserver-spaces=\"true\">Taille : 100cm x 100cm\/ 39.4\u2033 x 39.4\u2033<br><\/span><\/span><\/li><li><span data-preserver-spaces=\"true\"><span data-preserver-spaces=\"true\"><span data-preserver-spaces=\"true\"><span data-preserver-spaces=\"true\">Featherly light : 50 grammes<\/span><\/span><\/span><\/span><\/li><li><span data-preserver-spaces=\"true\"><span data-preserver-spaces=\"true\"><span data-preserver-spaces=\"true\"><span data-preserver-spaces=\"true\"><span data-preserver-spaces=\"true\">Fabriqu\u00e9 avec soin en Mongolie int\u00e9rieure<\/span><\/span><\/span><\/span><\/span><\/li><\/ul>\t\t\t\t\t\t\t\t<\/div>\n\t\t\t\t<\/div>\n\t\t\t\t\t<\/div>\n\t\t<\/div>\n\t\t\t\t\t<\/div>\n\t\t<\/section>\n\t\t\t\t<\/div>\n\t\t","protected":false},"excerpt":{"rendered":"<p>Cr\u00e9ez un look qui fera tourner les t\u00eates cette saison avec le superbe Zena ! Fabriqu\u00e9e en cachemire de premi\u00e8re<\/p>\n","protected":false},"featured_media":263870,"comment_status":"open","ping_status":"closed","template":"","meta":[],"product_brand":[],"product_cat":[1143,1356],"product_tag":[1739],"class_list":{"0":"post-279123","1":"product","2":"type-product","3":"status-publish","4":"has-post-thumbnail","6":"product_cat-foulards-et-echarpes","7":"product_cat-echarpes-en-cachemire-carrees-et-legeres-comme-des-plumes","8":"product_tag-foulards-legers","9":"product_shipping_class-pliable","10":"pa_color-brun-cacao","11":"pa_color-gris-vert","12":"pa_color-kaki","13":"pa_color-pourpre","14":"pa_material-cachemire","15":"pa_pattern-fringe","16":"pa_pattern-playful","17":"pa_pattern-striped","19":"first","20":"instock","21":"shipping-taxable","22":"purchasable","23":"product-type-variable","24":"has-default-attributes"},"_links":{"self":[{"href":"https:\/\/peilishop.com\/fr\/wp-json\/wp\/v2\/product\/279123","targetHints":{"allow":["GET"]}}],"collection":[{"href":"https:\/\/peilishop.com\/fr\/wp-json\/wp\/v2\/product"}],"about":[{"href":"https:\/\/peilishop.com\/fr\/wp-json\/wp\/v2\/types\/product"}],"replies":[{"embeddable":true,"href":"https:\/\/peilishop.com\/fr\/wp-json\/wp\/v2\/comments?post=279123"}],"version-history":[{"count":0,"href":"https:\/\/peilishop.com\/fr\/wp-json\/wp\/v2\/product\/279123\/revisions"}],"wp:featuredmedia":[{"embeddable":true,"href":"https:\/\/peilishop.com\/fr\/wp-json\/wp\/v2\/media\/263870"}],"wp:attachment":[{"href":"https:\/\/peilishop.com\/fr\/wp-json\/wp\/v2\/media?parent=279123"}],"wp:term":[{"taxonomy":"product_brand","embeddable":true,"href":"https:\/\/peilishop.com\/fr\/wp-json\/wp\/v2\/product_brand?post=279123"},{"taxonomy":"product_cat","embeddable":true,"href":"https:\/\/peilishop.com\/fr\/wp-json\/wp\/v2\/product_cat?post=279123"},{"taxonomy":"product_tag","embeddable":true,"href":"https:\/\/peilishop.com\/fr\/wp-json\/wp\/v2\/product_tag?post=279123"}],"curies":[{"name":"wp","href":"https:\/\/api.w.org\/{rel}","templated":true}]}}