{"id":279073,"date":"2023-10-01T02:13:00","date_gmt":"2023-10-01T06:13:00","guid":{"rendered":"https:\/\/peilishop.com\/product\/echarpe-en-cachemire-lek-featherlight\/"},"modified":"2025-04-13T21:58:41","modified_gmt":"2025-04-14T01:58:41","slug":"echarpe-en-cachemire-lek-featherlight","status":"publish","type":"product","link":"https:\/\/peilishop.com\/fr\/produit\/echarpe-en-cachemire-lek-featherlight\/","title":{"rendered":"\u00c9charpe en cachemire Lek Featherlight"},"content":{"rendered":"\t\t<div data-elementor-type=\"wp-post\" data-elementor-id=\"279073\" class=\"elementor elementor-279073 elementor-60059\" data-elementor-post-type=\"product\">\n\t\t\t\t\t\t<section class=\"wd-negative-gap elementor-section elementor-top-section elementor-element elementor-element-309ee49 elementor-section-boxed elementor-section-height-default elementor-section-height-default\" data-id=\"309ee49\" data-element_type=\"section\" data-e-type=\"section\">\n\t\t\t\t\t\t<div class=\"elementor-container elementor-column-gap-default\">\n\t\t\t\t\t<div class=\"elementor-column elementor-col-100 elementor-top-column elementor-element elementor-element-27c6e88\" data-id=\"27c6e88\" data-element_type=\"column\" data-e-type=\"column\">\n\t\t\t<div class=\"elementor-widget-wrap elementor-element-populated\">\n\t\t\t\t\t\t<div class=\"elementor-element elementor-element-ffd11f9 color-scheme-inherit text-left elementor-widget elementor-widget-text-editor\" data-id=\"ffd11f9\" data-element_type=\"widget\" data-e-type=\"widget\" data-widget_type=\"text-editor.default\">\n\t\t\t\t<div class=\"elementor-widget-container\">\n\t\t\t\t\t\t\t\t\t<p>Rehaussez votre tenue avec la luxueuse \u00e9charpe en cachemire l\u00e9ger Lek Wrap. Elle arbore un motif pied-de-poule captivant qui ajoute sans effort une touche de sophistication \u00e0 n&rsquo;importe quelle tenue. Ses dimensions g\u00e9n\u00e9reuses vous permettent d&rsquo;explorer des possibilit\u00e9s de style infinies. Fabriqu\u00e9e avec le cachemire le plus fin, elle est incroyablement douce et l\u00e9g\u00e8re. Vous pouvez \u00eatre s\u00fbr qu&rsquo;elle ne vous encombrera pas inutilement et qu&rsquo;elle ne vous p\u00e8sera pas sur le cou pendant que vous travaillez.     <\/p><ul><li><span data-preserver-spaces=\"true\">Mati\u00e8re : <\/span><span data-preserver-spaces=\"true\">100 % cachemire mongol de qualit\u00e9 A <\/span> <\/li><li>Teinture naturelle, sans produits chimiques nocifs<\/li><li><span data-preserver-spaces=\"true\">  Confort : Doux et respirant, pas de d\u00e9mangeaisons ni de surchauffe.<\/span><\/li><li>Forme rectangulaire<\/li><li><span data-preserver-spaces=\"true\"><span data-preserver-spaces=\"true\">Taille : 200cm x 100cm\/78.7&Prime; x 39.4&Prime;<br><\/span><\/span><\/li><li><span data-preserver-spaces=\"true\"><span data-preserver-spaces=\"true\"><span data-preserver-spaces=\"true\"><span data-preserver-spaces=\"true\">Featherly light : 90 grammes<\/span><\/span><\/span><\/span><\/li><li><span data-preserver-spaces=\"true\"><span data-preserver-spaces=\"true\"><span data-preserver-spaces=\"true\"><span data-preserver-spaces=\"true\"><span data-preserver-spaces=\"true\">Fabriqu\u00e9 avec soin en Mongolie int\u00e9rieure<\/span><\/span><\/span><\/span><\/span><\/li><\/ul>\t\t\t\t\t\t\t\t<\/div>\n\t\t\t\t<\/div>\n\t\t\t\t\t<\/div>\n\t\t<\/div>\n\t\t\t\t\t<\/div>\n\t\t<\/section>\n\t\t\t\t<\/div>\n\t\t","protected":false},"excerpt":{"rendered":"<p>Rehaussez votre tenue avec la luxueuse \u00e9charpe en cachemire l\u00e9ger Lek Wrap. Elle arbore un motif pied-de-poule captivant qui ajoute<\/p>\n","protected":false},"featured_media":265694,"comment_status":"open","ping_status":"closed","template":"","meta":[],"product_brand":[],"product_cat":[1613,1143],"product_tag":[1739],"class_list":{"0":"post-279073","1":"product","2":"type-product","3":"status-publish","4":"has-post-thumbnail","6":"product_cat-echarpes-en-cachemire-fr","7":"product_cat-foulards-et-echarpes","8":"product_tag-foulards-legers","9":"product_shipping_class-pliable","10":"pa_color-orange-vif","11":"pa_color-rouge-chili","12":"pa_color-sarcelle","13":"pa_material-cachemire","14":"pa_pattern-boho","16":"first","17":"instock","18":"shipping-taxable","19":"purchasable","20":"product-type-variable"},"_links":{"self":[{"href":"https:\/\/peilishop.com\/fr\/wp-json\/wp\/v2\/product\/279073","targetHints":{"allow":["GET"]}}],"collection":[{"href":"https:\/\/peilishop.com\/fr\/wp-json\/wp\/v2\/product"}],"about":[{"href":"https:\/\/peilishop.com\/fr\/wp-json\/wp\/v2\/types\/product"}],"replies":[{"embeddable":true,"href":"https:\/\/peilishop.com\/fr\/wp-json\/wp\/v2\/comments?post=279073"}],"version-history":[{"count":0,"href":"https:\/\/peilishop.com\/fr\/wp-json\/wp\/v2\/product\/279073\/revisions"}],"wp:featuredmedia":[{"embeddable":true,"href":"https:\/\/peilishop.com\/fr\/wp-json\/wp\/v2\/media\/265694"}],"wp:attachment":[{"href":"https:\/\/peilishop.com\/fr\/wp-json\/wp\/v2\/media?parent=279073"}],"wp:term":[{"taxonomy":"product_brand","embeddable":true,"href":"https:\/\/peilishop.com\/fr\/wp-json\/wp\/v2\/product_brand?post=279073"},{"taxonomy":"product_cat","embeddable":true,"href":"https:\/\/peilishop.com\/fr\/wp-json\/wp\/v2\/product_cat?post=279073"},{"taxonomy":"product_tag","embeddable":true,"href":"https:\/\/peilishop.com\/fr\/wp-json\/wp\/v2\/product_tag?post=279073"}],"curies":[{"name":"wp","href":"https:\/\/api.w.org\/{rel}","templated":true}]}}