{"id":278943,"date":"2023-10-07T10:24:00","date_gmt":"2023-10-07T14:24:00","guid":{"rendered":"https:\/\/peilishop.com\/product\/bela-wearable-cashmere-wrap\/"},"modified":"2026-05-07T10:02:40","modified_gmt":"2026-05-07T14:02:40","slug":"bela-wearable-cashmere-wrap","status":"publish","type":"product","link":"https:\/\/peilishop.com\/fr\/produit\/bela-wearable-cashmere-wrap\/","title":{"rendered":"\u00c9charpe en cachemire portable Bela"},"content":{"rendered":"\t\t<div data-elementor-type=\"wp-post\" data-elementor-id=\"278943\" class=\"elementor elementor-278943 elementor-60434\" data-elementor-post-type=\"product\">\n\t\t\t\t\t\t<section class=\"wd-negative-gap elementor-section elementor-top-section elementor-element elementor-element-309ee49 elementor-section-boxed elementor-section-height-default elementor-section-height-default\" data-id=\"309ee49\" data-element_type=\"section\" data-e-type=\"section\">\n\t\t\t\t\t\t<div class=\"elementor-container elementor-column-gap-default\">\n\t\t\t\t\t<div class=\"elementor-column elementor-col-100 elementor-top-column elementor-element elementor-element-27c6e88\" data-id=\"27c6e88\" data-element_type=\"column\" data-e-type=\"column\">\n\t\t\t<div class=\"elementor-widget-wrap elementor-element-populated\">\n\t\t\t\t\t\t<div class=\"elementor-element elementor-element-ffd11f9 color-scheme-inherit text-left elementor-widget elementor-widget-text-editor\" data-id=\"ffd11f9\" data-element_type=\"widget\" data-e-type=\"widget\" data-widget_type=\"text-editor.default\">\n\t\t\t\t<div class=\"elementor-widget-container\">\n\t\t\t\t\t\t\t\t\t<p>Fabriqu\u00e9e dans le cachemire le plus fin, cette \u00e9charpe l\u00e9g\u00e8re est unique par sa polyvalence &#8211; elle peut \u00eatre port\u00e9e comme une \u00e9charpe, une robe ou un foulard, ce qui vous offre d&rsquo;innombrables possibilit\u00e9s pour votre garde-robe. Son motif g\u00e9om\u00e9trique saisissant apporte une touche inattendue \u00e0 n&rsquo;importe quelle tenue. Glissez vos bras dans les manches soigneusement con\u00e7ues et vous serez instantan\u00e9ment envelopp\u00e9e d&rsquo;un sentiment d&rsquo;indulgence in\u00e9gal\u00e9.  <\/p>\n<ul>\n<li><span data-preserver-spaces=\"true\">Mati\u00e8re : <\/span><span data-preserver-spaces=\"true\">100% cachemire mongol de qualit\u00e9 A <\/span> <\/li>\n<li>Teinture naturelle, sans produits chimiques nocifs<\/li>\n\n<li><span data-preserver-spaces=\"true\">Taille : <\/span><span data-preserver-spaces=\"true\">115cm x 75cm \/ 45.3\u2033 x 30\u2033<\/span><\/li>\n<li><span data-preserver-spaces=\"true\">Poids : 130 grammes<\/span><\/li>\n<li><span data-preserver-spaces=\"true\">Fabriqu\u00e9 avec soin en Mongolie int\u00e9rieure<\/span><\/li>\n<li>Bo\u00eete cadeau GRATUITE incluse avec messages cadeaux optionnels<\/li>\n<\/ul>\t\t\t\t\t\t\t\t<\/div>\n\t\t\t\t<\/div>\n\t\t\t\t\t<\/div>\n\t\t<\/div>\n\t\t\t\t\t<\/div>\n\t\t<\/section>\n\t\t\t\t<\/div>\n\t\t","protected":false},"excerpt":{"rendered":"<p>Fabriqu\u00e9e dans le cachemire le plus fin, cette \u00e9charpe l\u00e9g\u00e8re est unique par sa polyvalence &#8211; elle peut \u00eatre port\u00e9e<\/p>\n","protected":false},"featured_media":326530,"comment_status":"open","ping_status":"closed","template":"","meta":[],"product_brand":[],"product_cat":[1332,1143],"product_tag":[1216],"class_list":{"0":"post-278943","1":"product","2":"type-product","3":"status-publish","4":"has-post-thumbnail","6":"product_cat-cachemire-a-porter-sur-soi","7":"product_cat-foulards-et-echarpes","8":"product_tag-simple","9":"product_shipping_class-pliable","10":"pa_color-blanc","11":"pa_color-chameau","12":"pa_color-noir","13":"pa_color-rouge-rouille","14":"pa_color-sarcelle","15":"pa_material-cachemire","16":"pa_pattern-open","17":"pa_pattern-plain","19":"first","20":"instock","21":"shipping-taxable","22":"purchasable","23":"product-type-variable"},"_links":{"self":[{"href":"https:\/\/peilishop.com\/fr\/wp-json\/wp\/v2\/product\/278943","targetHints":{"allow":["GET"]}}],"collection":[{"href":"https:\/\/peilishop.com\/fr\/wp-json\/wp\/v2\/product"}],"about":[{"href":"https:\/\/peilishop.com\/fr\/wp-json\/wp\/v2\/types\/product"}],"replies":[{"embeddable":true,"href":"https:\/\/peilishop.com\/fr\/wp-json\/wp\/v2\/comments?post=278943"}],"version-history":[{"count":0,"href":"https:\/\/peilishop.com\/fr\/wp-json\/wp\/v2\/product\/278943\/revisions"}],"wp:featuredmedia":[{"embeddable":true,"href":"https:\/\/peilishop.com\/fr\/wp-json\/wp\/v2\/media\/326530"}],"wp:attachment":[{"href":"https:\/\/peilishop.com\/fr\/wp-json\/wp\/v2\/media?parent=278943"}],"wp:term":[{"taxonomy":"product_brand","embeddable":true,"href":"https:\/\/peilishop.com\/fr\/wp-json\/wp\/v2\/product_brand?post=278943"},{"taxonomy":"product_cat","embeddable":true,"href":"https:\/\/peilishop.com\/fr\/wp-json\/wp\/v2\/product_cat?post=278943"},{"taxonomy":"product_tag","embeddable":true,"href":"https:\/\/peilishop.com\/fr\/wp-json\/wp\/v2\/product_tag?post=278943"}],"curies":[{"name":"wp","href":"https:\/\/api.w.org\/{rel}","templated":true}]}}