{"id":278938,"date":"2023-10-11T08:03:00","date_gmt":"2023-10-11T12:03:00","guid":{"rendered":"https:\/\/peilishop.com\/product\/enveloppe-de-voyage-en-cachemire-alea\/"},"modified":"2025-05-01T02:28:33","modified_gmt":"2025-05-01T06:28:33","slug":"enveloppe-de-voyage-en-cachemire-alea","status":"publish","type":"product","link":"https:\/\/peilishop.com\/fr\/produit\/enveloppe-de-voyage-en-cachemire-alea\/","title":{"rendered":"Enveloppe de voyage en cachemire Alea"},"content":{"rendered":"\t\t<div data-elementor-type=\"wp-post\" data-elementor-id=\"278938\" class=\"elementor elementor-278938 elementor-33559\" data-elementor-post-type=\"product\">\n\t\t\t\t\t\t<section class=\"wd-negative-gap elementor-section elementor-top-section elementor-element elementor-element-309ee49 elementor-section-boxed elementor-section-height-default elementor-section-height-default\" data-id=\"309ee49\" data-element_type=\"section\" data-e-type=\"section\">\n\t\t\t\t\t\t<div class=\"elementor-container elementor-column-gap-default\">\n\t\t\t\t\t<div class=\"elementor-column elementor-col-100 elementor-top-column elementor-element elementor-element-27c6e88\" data-id=\"27c6e88\" data-element_type=\"column\" data-e-type=\"column\">\n\t\t\t<div class=\"elementor-widget-wrap elementor-element-populated\">\n\t\t\t\t\t\t<div class=\"elementor-element elementor-element-ffd11f9 color-scheme-inherit text-left elementor-widget elementor-widget-text-editor\" data-id=\"ffd11f9\" data-element_type=\"widget\" data-e-type=\"widget\" data-widget_type=\"text-editor.default\">\n\t\t\t\t<div class=\"elementor-widget-container\">\n\t\t\t\t\t\t\t\t\t<p style=\"text-align: left;\"><span data-preserver-spaces=\"true\">Adoptez une attitude minimaliste en mati\u00e8re d&rsquo;accessoirisation lorsque les temp\u00e9ratures chutent. Cette \u00e9charpe l\u00e9g\u00e8re est confectionn\u00e9e en <\/span> <span data-preserver-spaces=\"true\"> Le cachemire de premi\u00e8re qualit\u00e9 offre une<\/span><span data-preserver-spaces=\"true\"> chaleur et un confort accrus.<\/span> Port\u00e9e comme un ch\u00e2le ou une \u00e9charpe, l&rsquo;\u00e9charpe de voyage peut rapidement et facilement \u00eatre habill\u00e9e ou d\u00e9shabill\u00e9e selon votre style. Son design classique et intemporel en fait une option polyvalente, quelle que soit la destination de votre voyage. <\/p><ul><li style=\"text-align: left;\"><span data-preserver-spaces=\"true\">Mati\u00e8re : <\/span><span data-preserver-spaces=\"true\">100 % cachemire mongol de qualit\u00e9 A <\/span> <\/li><li>Teinture naturelle, sans produits chimiques nocifs<\/li><li style=\"text-align: left;\"><span data-preserver-spaces=\"true\">  Confort : Doux et respirant, pas de d\u00e9mangeaisons ni de surchauffe.<\/span><\/li><li style=\"text-align: left;\"><span data-preserver-spaces=\"true\">Forme rectangulaire<br><\/span><\/li><li style=\"text-align: left;\"><span data-preserver-spaces=\"true\">Taille : <\/span><span data-preserver-spaces=\"true\"><span data-preserver-spaces=\"true\"><span data-preserver-spaces=\"true\"><span data-preserver-spaces=\"true\">180cm x 60cm\/ 70.87\u2033 x 23.6\u2033<\/span><\/span><\/span><\/span><\/li><li style=\"text-align: left;\"><span data-preserver-spaces=\"true\"><span data-preserver-spaces=\"true\"><span data-preserver-spaces=\"true\"><span data-preserver-spaces=\"true\"><span data-preserver-spaces=\"true\">Fabriqu\u00e9 avec soin en Mongolie int\u00e9rieure<\/span><\/span><\/span><\/span><\/span><\/li><\/ul>\t\t\t\t\t\t\t\t<\/div>\n\t\t\t\t<\/div>\n\t\t\t\t\t<\/div>\n\t\t<\/div>\n\t\t\t\t\t<\/div>\n\t\t<\/section>\n\t\t\t\t<\/div>\n\t\t","protected":false},"excerpt":{"rendered":"<p>Adoptez une attitude minimaliste en mati\u00e8re d&rsquo;accessoirisation lorsque les temp\u00e9ratures chutent. Cette \u00e9charpe l\u00e9g\u00e8re est confectionn\u00e9e en Le cachemire de<\/p>\n","protected":false},"featured_media":280685,"comment_status":"open","ping_status":"closed","template":"","meta":[],"product_brand":[],"product_cat":[1373,1143],"product_tag":[1216],"class_list":{"0":"post-278938","1":"product","2":"type-product","3":"status-publish","4":"has-post-thumbnail","6":"product_cat-cachemire","7":"product_cat-foulards-et-echarpes","8":"product_tag-simple","9":"product_shipping_class-pliable","10":"pa_color-air-force-blue-fr","11":"pa_color-beige-fr","12":"pa_color-brun-cacao","13":"pa_color-gris-clair","14":"pa_color-kaki","15":"pa_color-noir","16":"pa_color-rouge-bourgogne","17":"pa_color-vert-armee","18":"pa_material-cachemire","20":"first","21":"instock","22":"sale","23":"shipping-taxable","24":"purchasable","25":"product-type-variable"},"_links":{"self":[{"href":"https:\/\/peilishop.com\/fr\/wp-json\/wp\/v2\/product\/278938","targetHints":{"allow":["GET"]}}],"collection":[{"href":"https:\/\/peilishop.com\/fr\/wp-json\/wp\/v2\/product"}],"about":[{"href":"https:\/\/peilishop.com\/fr\/wp-json\/wp\/v2\/types\/product"}],"replies":[{"embeddable":true,"href":"https:\/\/peilishop.com\/fr\/wp-json\/wp\/v2\/comments?post=278938"}],"version-history":[{"count":0,"href":"https:\/\/peilishop.com\/fr\/wp-json\/wp\/v2\/product\/278938\/revisions"}],"wp:featuredmedia":[{"embeddable":true,"href":"https:\/\/peilishop.com\/fr\/wp-json\/wp\/v2\/media\/280685"}],"wp:attachment":[{"href":"https:\/\/peilishop.com\/fr\/wp-json\/wp\/v2\/media?parent=278938"}],"wp:term":[{"taxonomy":"product_brand","embeddable":true,"href":"https:\/\/peilishop.com\/fr\/wp-json\/wp\/v2\/product_brand?post=278938"},{"taxonomy":"product_cat","embeddable":true,"href":"https:\/\/peilishop.com\/fr\/wp-json\/wp\/v2\/product_cat?post=278938"},{"taxonomy":"product_tag","embeddable":true,"href":"https:\/\/peilishop.com\/fr\/wp-json\/wp\/v2\/product_tag?post=278938"}],"curies":[{"name":"wp","href":"https:\/\/api.w.org\/{rel}","templated":true}]}}