{"id":278722,"date":"2023-10-12T00:07:00","date_gmt":"2023-10-12T04:07:00","guid":{"rendered":"https:\/\/peilishop.com\/product\/bonnet-en-cachemire-pur-bina\/"},"modified":"2025-04-13T21:56:53","modified_gmt":"2025-04-14T01:56:53","slug":"bonnet-en-cachemire-pur-bina","status":"publish","type":"product","link":"https:\/\/peilishop.com\/fr\/produit\/bonnet-en-cachemire-pur-bina\/","title":{"rendered":"Bonnet en cachemire pur Bina"},"content":{"rendered":"\t\t<div data-elementor-type=\"wp-post\" data-elementor-id=\"278722\" class=\"elementor elementor-278722 elementor-33464\" data-elementor-post-type=\"product\">\n\t\t\t\t\t\t<section class=\"wd-negative-gap elementor-section elementor-top-section elementor-element elementor-element-309ee49 elementor-section-boxed elementor-section-height-default elementor-section-height-default\" data-id=\"309ee49\" data-element_type=\"section\" data-e-type=\"section\">\n\t\t\t\t\t\t<div class=\"elementor-container elementor-column-gap-default\">\n\t\t\t\t\t<div class=\"elementor-column elementor-col-100 elementor-top-column elementor-element elementor-element-27c6e88\" data-id=\"27c6e88\" data-element_type=\"column\" data-e-type=\"column\">\n\t\t\t<div class=\"elementor-widget-wrap elementor-element-populated\">\n\t\t\t\t\t\t<div class=\"elementor-element elementor-element-ffd11f9 color-scheme-inherit text-left elementor-widget elementor-widget-text-editor\" data-id=\"ffd11f9\" data-element_type=\"widget\" data-e-type=\"widget\" data-widget_type=\"text-editor.default\">\n\t\t\t\t<div class=\"elementor-widget-container\">\n\t\t\t\t\t\t\t\t\t<p style=\"text-align: left;\"> <span data-preserver-spaces=\"true\"> Ran est d\u00e9licatement tiss\u00e9 \u00e0 partir de cachemire mongol pur de grade A, doux comme du beurre, pour cr\u00e9er une silhouette de bonnet classique dans un style minimaliste. <\/span><span data-preserver-spaces=\"true\">une silhouette de bonnet classique dans un style minimaliste.<\/span><span data-preserver-spaces=\"true\">. Un accessoire parfait pour vous tenir au chaud pendant les mois les plus froids de l&rsquo;ann\u00e9e.  <\/span><\/p>\n<ul>\n<li style=\"text-align: left;\"><span data-preserver-spaces=\"true\">Mati\u00e8re : <\/span><span data-preserver-spaces=\"true\">100% cachemire mongol de qualit\u00e9 A <\/span> <\/li>\n<li>Teinture naturelle, sans produits chimiques nocifs<\/li>\n<li><span data-preserver-spaces=\"true\">  Confort : Doux et respirant, pas de d\u00e9mangeaisons ni de surchauffe.<\/span><\/li>\n<li><span data-preserver-spaces=\"true\">Taille : 27cm x 29cm \/ 10.63&Prime; x 11.4&Prime;<br><\/span><\/li>\n<li><span data-preserver-spaces=\"true\">L\u00e9ger : 51 grammes<\/span><\/li>\n<li><span data-preserver-spaces=\"true\"><span data-preserver-spaces=\"true\">Fabriqu\u00e9 avec soin en Mongolie int\u00e9rieure<\/span><\/span><\/li>\n<\/ul>\t\t\t\t\t\t\t\t<\/div>\n\t\t\t\t<\/div>\n\t\t\t\t\t<\/div>\n\t\t<\/div>\n\t\t\t\t\t<\/div>\n\t\t<\/section>\n\t\t\t\t<\/div>\n\t\t","protected":false},"excerpt":{"rendered":"<p>Ran est d\u00e9licatement tiss\u00e9 \u00e0 partir de cachemire mongol pur de grade A, doux comme du beurre, pour cr\u00e9er une<\/p>\n","protected":false},"featured_media":262750,"comment_status":"open","ping_status":"closed","template":"","meta":[],"product_brand":[],"product_cat":[1608,1609,1345],"product_tag":[1216],"class_list":{"0":"post-278722","1":"product","2":"type-product","3":"status-publish","4":"has-post-thumbnail","6":"product_cat-chapeaux","7":"product_cat-berets-et-bonnets","8":"product_cat-chapeaux-en-cachemire","9":"product_tag-simple","10":"product_shipping_class-pliable","11":"pa_color-beige-fr","12":"pa_color-blanc","13":"pa_color-bleu-fonce-fr","14":"pa_color-brun-cacao","15":"pa_color-gris-fr","16":"pa_color-kaki","17":"pa_color-noir","18":"pa_color-pourpre-fonce","19":"pa_color-rose","20":"pa_color-rouge-chili","21":"pa_color-rouge-rouille","22":"pa_color-sarcelle","23":"pa_material-cachemire","24":"pa_pattern-plain","26":"first","27":"instock","28":"featured","29":"shipping-taxable","30":"purchasable","31":"product-type-variable"},"_links":{"self":[{"href":"https:\/\/peilishop.com\/fr\/wp-json\/wp\/v2\/product\/278722","targetHints":{"allow":["GET"]}}],"collection":[{"href":"https:\/\/peilishop.com\/fr\/wp-json\/wp\/v2\/product"}],"about":[{"href":"https:\/\/peilishop.com\/fr\/wp-json\/wp\/v2\/types\/product"}],"replies":[{"embeddable":true,"href":"https:\/\/peilishop.com\/fr\/wp-json\/wp\/v2\/comments?post=278722"}],"version-history":[{"count":0,"href":"https:\/\/peilishop.com\/fr\/wp-json\/wp\/v2\/product\/278722\/revisions"}],"wp:featuredmedia":[{"embeddable":true,"href":"https:\/\/peilishop.com\/fr\/wp-json\/wp\/v2\/media\/262750"}],"wp:attachment":[{"href":"https:\/\/peilishop.com\/fr\/wp-json\/wp\/v2\/media?parent=278722"}],"wp:term":[{"taxonomy":"product_brand","embeddable":true,"href":"https:\/\/peilishop.com\/fr\/wp-json\/wp\/v2\/product_brand?post=278722"},{"taxonomy":"product_cat","embeddable":true,"href":"https:\/\/peilishop.com\/fr\/wp-json\/wp\/v2\/product_cat?post=278722"},{"taxonomy":"product_tag","embeddable":true,"href":"https:\/\/peilishop.com\/fr\/wp-json\/wp\/v2\/product_tag?post=278722"}],"curies":[{"name":"wp","href":"https:\/\/api.w.org\/{rel}","templated":true}]}}