{"id":278721,"date":"2023-10-12T07:49:00","date_gmt":"2023-10-12T11:49:00","guid":{"rendered":"https:\/\/peilishop.com\/product\/bonnet-cotele-en-cachemire-pur-brinly\/"},"modified":"2025-04-13T21:56:47","modified_gmt":"2025-04-14T01:56:47","slug":"bonnet-cotele-en-cachemire-pur-brinly","status":"publish","type":"product","link":"https:\/\/peilishop.com\/fr\/produit\/bonnet-cotele-en-cachemire-pur-brinly\/","title":{"rendered":"Bonnet c\u00f4tel\u00e9 en cachemire pur Brinly"},"content":{"rendered":"\t\t<div data-elementor-type=\"wp-post\" data-elementor-id=\"278721\" class=\"elementor elementor-278721 elementor-36372\" data-elementor-post-type=\"product\">\n\t\t\t\t\t\t<section class=\"wd-negative-gap elementor-section elementor-top-section elementor-element elementor-element-309ee49 elementor-section-boxed elementor-section-height-default elementor-section-height-default\" data-id=\"309ee49\" data-element_type=\"section\" data-e-type=\"section\">\n\t\t\t\t\t\t<div class=\"elementor-container elementor-column-gap-default\">\n\t\t\t\t\t<div class=\"elementor-column elementor-col-100 elementor-top-column elementor-element elementor-element-27c6e88\" data-id=\"27c6e88\" data-element_type=\"column\" data-e-type=\"column\">\n\t\t\t<div class=\"elementor-widget-wrap elementor-element-populated\">\n\t\t\t\t\t\t<div class=\"elementor-element elementor-element-ffd11f9 color-scheme-inherit text-left elementor-widget elementor-widget-text-editor\" data-id=\"ffd11f9\" data-element_type=\"widget\" data-e-type=\"widget\" data-widget_type=\"text-editor.default\">\n\t\t\t\t<div class=\"elementor-widget-container\">\n\t\t\t\t\t\t\t\t\t<p style=\"text-align: left;\"><span data-preserver-spaces=\"true\"><span data-preserver-spaces=\"true\">Val <\/span><\/span><span data-preserver-spaces=\"true\">est d\u00e9licatement tiss\u00e9 \u00e0 la main en cachemire mongol de qualit\u00e9 A \u00e0 100 %. <\/span>Sa texture c\u00f4tel\u00e9e et ses poignets pli\u00e9s ajustables en font un mod\u00e8le polyvalent que vous pouvez porter exactement comme vous l&rsquo;entendez. <span data-preserver-spaces=\"true\">Sa simplicit\u00e9 en fait un \u00e9l\u00e9ment incontournable de votre garde-robe pendant les mois les plus froids.<\/span><\/p><ul><li><span data-preserver-spaces=\"true\">Mati\u00e8re : <\/span><span data-preserver-spaces=\"true\">100 % cachemire mongol de qualit\u00e9 A <\/span> <\/li><li>Teinture naturelle, sans produits chimiques nocifs<\/li><li><span data-preserver-spaces=\"true\">Confort : Doux et respirant, pas de d\u00e9mangeaisons ni de surchauffe.<\/span><\/li><li><span data-preserver-spaces=\"true\">Taille : 23cm x 24cm \/ 9&Prime; x 9.45&Prime;<br><\/span><\/li><li>Poids l\u00e9ger : 60 grammes<\/li><li>Tournez la c\u00f4te<\/li><li><span data-preserver-spaces=\"true\">Fabriqu\u00e9 avec soin en Mongolie int\u00e9rieure<\/span><\/li><\/ul>\t\t\t\t\t\t\t\t<\/div>\n\t\t\t\t<\/div>\n\t\t\t\t\t<\/div>\n\t\t<\/div>\n\t\t\t\t\t<\/div>\n\t\t<\/section>\n\t\t\t\t<\/div>\n\t\t","protected":false},"excerpt":{"rendered":"<p>Val est d\u00e9licatement tiss\u00e9 \u00e0 la main en cachemire mongol de qualit\u00e9 A \u00e0 100 %. Sa texture c\u00f4tel\u00e9e et<\/p>\n","protected":false},"featured_media":262994,"comment_status":"open","ping_status":"closed","template":"","meta":[],"product_brand":[],"product_cat":[1608,1609,1345],"product_tag":[1216],"class_list":{"0":"post-278721","1":"product","2":"type-product","3":"status-publish","4":"has-post-thumbnail","6":"product_cat-chapeaux","7":"product_cat-berets-et-bonnets","8":"product_cat-chapeaux-en-cachemire","9":"product_tag-simple","10":"product_shipping_class-pliable","11":"pa_color-beige-fr","12":"pa_color-blanc","13":"pa_color-bleu-fonce","14":"pa_color-gris-fr","15":"pa_color-gris-fonce","16":"pa_color-jaune-moutarde","17":"pa_color-noir","18":"pa_color-rouge-bourgogne","19":"pa_color-rouge-cramoisi","20":"pa_material-cachemire","21":"pa_pattern-plain","23":"first","24":"instock","25":"shipping-taxable","26":"purchasable","27":"product-type-variable"},"_links":{"self":[{"href":"https:\/\/peilishop.com\/fr\/wp-json\/wp\/v2\/product\/278721","targetHints":{"allow":["GET"]}}],"collection":[{"href":"https:\/\/peilishop.com\/fr\/wp-json\/wp\/v2\/product"}],"about":[{"href":"https:\/\/peilishop.com\/fr\/wp-json\/wp\/v2\/types\/product"}],"replies":[{"embeddable":true,"href":"https:\/\/peilishop.com\/fr\/wp-json\/wp\/v2\/comments?post=278721"}],"version-history":[{"count":0,"href":"https:\/\/peilishop.com\/fr\/wp-json\/wp\/v2\/product\/278721\/revisions"}],"wp:featuredmedia":[{"embeddable":true,"href":"https:\/\/peilishop.com\/fr\/wp-json\/wp\/v2\/media\/262994"}],"wp:attachment":[{"href":"https:\/\/peilishop.com\/fr\/wp-json\/wp\/v2\/media?parent=278721"}],"wp:term":[{"taxonomy":"product_brand","embeddable":true,"href":"https:\/\/peilishop.com\/fr\/wp-json\/wp\/v2\/product_brand?post=278721"},{"taxonomy":"product_cat","embeddable":true,"href":"https:\/\/peilishop.com\/fr\/wp-json\/wp\/v2\/product_cat?post=278721"},{"taxonomy":"product_tag","embeddable":true,"href":"https:\/\/peilishop.com\/fr\/wp-json\/wp\/v2\/product_tag?post=278721"}],"curies":[{"name":"wp","href":"https:\/\/api.w.org\/{rel}","templated":true}]}}