{"id":278672,"date":"2023-10-26T05:32:00","date_gmt":"2023-10-26T09:32:00","guid":{"rendered":"https:\/\/peilishop.com\/product\/gilet-depaule-en-cachemire-ionna\/"},"modified":"2025-04-13T21:55:26","modified_gmt":"2025-04-14T01:55:26","slug":"gilet-depaule-en-cachemire-ionna","status":"publish","type":"product","link":"https:\/\/peilishop.com\/fr\/produit\/gilet-depaule-en-cachemire-ionna\/","title":{"rendered":"Gilet d&rsquo;\u00e9paule en cachemire Ionna"},"content":{"rendered":"\t\t<div data-elementor-type=\"wp-post\" data-elementor-id=\"278672\" class=\"elementor elementor-278672 elementor-61094\" data-elementor-post-type=\"product\">\n\t\t\t\t\t\t<section class=\"wd-negative-gap elementor-section elementor-top-section elementor-element elementor-element-309ee49 elementor-section-boxed elementor-section-height-default elementor-section-height-default\" data-id=\"309ee49\" data-element_type=\"section\" data-e-type=\"section\">\n\t\t\t\t\t\t<div class=\"elementor-container elementor-column-gap-default\">\n\t\t\t\t\t<div class=\"elementor-column elementor-col-100 elementor-top-column elementor-element elementor-element-27c6e88\" data-id=\"27c6e88\" data-element_type=\"column\" data-e-type=\"column\">\n\t\t\t<div class=\"elementor-widget-wrap elementor-element-populated\">\n\t\t\t\t\t\t<div class=\"elementor-element elementor-element-ffd11f9 color-scheme-inherit text-left elementor-widget elementor-widget-text-editor\" data-id=\"ffd11f9\" data-element_type=\"widget\" data-e-type=\"widget\" data-widget_type=\"text-editor.default\">\n\t\t\t\t<div class=\"elementor-widget-container\">\n\t\t\t\t\t\t\t\t\t<p>Fabriqu\u00e9 \u00e0 partir du cachemire le plus fin, ce cache-\u00e9paule est con\u00e7u pour apporter \u00e0 la fois chaleur et style. La construction l\u00e9g\u00e8re assure un toucher sensationnellement doux, tandis que la taille g\u00e9n\u00e9reuse garantit une couverture compl\u00e8te de votre \u00e9paule.   <\/p><ul><li><span data-preserver-spaces=\"true\">Mati\u00e8re : <\/span><span data-preserver-spaces=\"true\">100 % cachemire mongol de qualit\u00e9 A <\/span> <\/li><li>Teinture naturelle, sans produits chimiques nocifs<\/li><li><span data-preserver-spaces=\"true\">  Confort : Doux et respirant, pas de d\u00e9mangeaisons ni de surchauffe.<\/span><\/li><li><span data-preserver-spaces=\"true\">Taille : <\/span><span data-preserver-spaces=\"true\">102cm x 42cm \/ 40.15\u2033 x 16.5\u2033<\/span><\/li><li><span data-preserver-spaces=\"true\">Poids : 80 grammes<\/span><\/li><li><span data-preserver-spaces=\"true\">Fabriqu\u00e9 avec soin en Mongolie int\u00e9rieure<\/span><\/li><\/ul>\t\t\t\t\t\t\t\t<\/div>\n\t\t\t\t<\/div>\n\t\t\t\t\t<\/div>\n\t\t<\/div>\n\t\t\t\t\t<\/div>\n\t\t<\/section>\n\t\t\t\t<\/div>\n\t\t","protected":false},"excerpt":{"rendered":"<p>Fabriqu\u00e9 \u00e0 partir du cachemire le plus fin, ce cache-\u00e9paule est con\u00e7u pour apporter \u00e0 la fois chaleur et style.<\/p>\n","protected":false},"featured_media":263302,"comment_status":"open","ping_status":"closed","template":"","meta":[],"product_brand":[],"product_cat":[1332,1143],"product_tag":[1216],"class_list":{"0":"post-278672","1":"product","2":"type-product","3":"status-publish","4":"has-post-thumbnail","6":"product_cat-cachemire-a-porter-sur-soi","7":"product_cat-foulards-et-echarpes","8":"product_tag-simple","9":"product_shipping_class-pliable","10":"pa_color-beige-fr","11":"pa_color-blanc","12":"pa_color-bleu-ciel","13":"pa_color-kaki","14":"pa_color-noir","15":"pa_color-rouge-bourgogne","16":"pa_material-cachemire","17":"pa_pattern-open","18":"pa_pattern-plain","20":"first","21":"instock","22":"shipping-taxable","23":"purchasable","24":"product-type-variable"},"_links":{"self":[{"href":"https:\/\/peilishop.com\/fr\/wp-json\/wp\/v2\/product\/278672","targetHints":{"allow":["GET"]}}],"collection":[{"href":"https:\/\/peilishop.com\/fr\/wp-json\/wp\/v2\/product"}],"about":[{"href":"https:\/\/peilishop.com\/fr\/wp-json\/wp\/v2\/types\/product"}],"replies":[{"embeddable":true,"href":"https:\/\/peilishop.com\/fr\/wp-json\/wp\/v2\/comments?post=278672"}],"version-history":[{"count":0,"href":"https:\/\/peilishop.com\/fr\/wp-json\/wp\/v2\/product\/278672\/revisions"}],"wp:featuredmedia":[{"embeddable":true,"href":"https:\/\/peilishop.com\/fr\/wp-json\/wp\/v2\/media\/263302"}],"wp:attachment":[{"href":"https:\/\/peilishop.com\/fr\/wp-json\/wp\/v2\/media?parent=278672"}],"wp:term":[{"taxonomy":"product_brand","embeddable":true,"href":"https:\/\/peilishop.com\/fr\/wp-json\/wp\/v2\/product_brand?post=278672"},{"taxonomy":"product_cat","embeddable":true,"href":"https:\/\/peilishop.com\/fr\/wp-json\/wp\/v2\/product_cat?post=278672"},{"taxonomy":"product_tag","embeddable":true,"href":"https:\/\/peilishop.com\/fr\/wp-json\/wp\/v2\/product_tag?post=278672"}],"curies":[{"name":"wp","href":"https:\/\/api.w.org\/{rel}","templated":true}]}}