{"id":278606,"date":"2023-10-26T09:25:00","date_gmt":"2023-10-26T13:25:00","guid":{"rendered":"https:\/\/peilishop.com\/product\/echarpe-en-cachemire-triangulaire-de-bae\/"},"modified":"2025-04-13T21:54:43","modified_gmt":"2025-04-14T01:54:43","slug":"echarpe-en-cachemire-triangulaire-de-bae","status":"publish","type":"product","link":"https:\/\/peilishop.com\/fr\/produit\/echarpe-en-cachemire-triangulaire-de-bae\/","title":{"rendered":"\u00c9charpe en cachemire triangulaire de Bae"},"content":{"rendered":"\t\t<div data-elementor-type=\"wp-post\" data-elementor-id=\"278606\" class=\"elementor elementor-278606 elementor-61162\" data-elementor-post-type=\"product\">\n\t\t\t\t\t\t<section class=\"wd-negative-gap elementor-section elementor-top-section elementor-element elementor-element-309ee49 elementor-section-boxed elementor-section-height-default elementor-section-height-default\" data-id=\"309ee49\" data-element_type=\"section\" data-e-type=\"section\">\n\t\t\t\t\t\t<div class=\"elementor-container elementor-column-gap-default\">\n\t\t\t\t\t<div class=\"elementor-column elementor-col-100 elementor-top-column elementor-element elementor-element-27c6e88\" data-id=\"27c6e88\" data-element_type=\"column\" data-e-type=\"column\">\n\t\t\t<div class=\"elementor-widget-wrap elementor-element-populated\">\n\t\t\t\t\t\t<div class=\"elementor-element elementor-element-ffd11f9 color-scheme-inherit text-left elementor-widget elementor-widget-text-editor\" data-id=\"ffd11f9\" data-element_type=\"widget\" data-e-type=\"widget\" data-widget_type=\"text-editor.default\">\n\t\t\t\t<div class=\"elementor-widget-container\">\n\t\t\t\t\t\t\t\t\t<p>Bae est fabriqu\u00e9 \u00e0 partir de cachemire de la plus haute qualit\u00e9, l\u00e9ger et incroyablement doux au toucher. Il est con\u00e7u avec des bords \u00e9l\u00e9gants et roul\u00e9s \u00e0 la main, ce qui lui conf\u00e8re un air d&rsquo;\u00e9l\u00e9gance et de sophistication en toute occasion.   <\/p><ul><li><span data-preserver-spaces=\"true\">Mati\u00e8re : <\/span><span data-preserver-spaces=\"true\">100 % cachemire mongol de qualit\u00e9 A <\/span> <\/li><li>Teinture naturelle, sans produits chimiques nocifs<\/li><li><span data-preserver-spaces=\"true\">  Confort : Doux et respirant, pas de d\u00e9mangeaisons ni de surchauffe.<\/span><\/li><li><span data-preserver-spaces=\"true\">Taille : <\/span><span data-preserver-spaces=\"true\">135cm x 70cm \/ 53.1\u2033 x 27.5\u2033<\/span><\/li><li><span data-preserver-spaces=\"true\">Poids : 90 grammes<\/span><\/li><li><span data-preserver-spaces=\"true\">Fabriqu\u00e9 avec soin en Mongolie int\u00e9rieure<\/span><\/li><\/ul>\t\t\t\t\t\t\t\t<\/div>\n\t\t\t\t<\/div>\n\t\t\t\t\t<\/div>\n\t\t<\/div>\n\t\t\t\t\t<\/div>\n\t\t<\/section>\n\t\t\t\t<\/div>\n\t\t","protected":false},"excerpt":{"rendered":"<p>Bae est fabriqu\u00e9 \u00e0 partir de cachemire de la plus haute qualit\u00e9, l\u00e9ger et incroyablement doux au toucher. Il est<\/p>\n","protected":false},"featured_media":263638,"comment_status":"open","ping_status":"closed","template":"","meta":[],"product_brand":[],"product_cat":[1744],"product_tag":[1216],"class_list":{"0":"post-278606","1":"product","2":"type-product","3":"status-publish","4":"has-post-thumbnail","6":"product_cat-echarpes-classiques-en-cachemire","7":"product_tag-simple","8":"product_shipping_class-pliable","9":"pa_color-blanc","10":"pa_color-bleu-marine","11":"pa_color-brun-cacao","12":"pa_color-gris-fr","13":"pa_color-gris-clair","14":"pa_color-kaki","15":"pa_color-noir","16":"pa_color-rose","17":"pa_color-rouge-rouille","18":"pa_color-vert-menthe","19":"pa_material-cachemire","20":"pa_pattern-plain","22":"first","23":"instock","24":"sale","25":"shipping-taxable","26":"purchasable","27":"product-type-variable"},"_links":{"self":[{"href":"https:\/\/peilishop.com\/fr\/wp-json\/wp\/v2\/product\/278606","targetHints":{"allow":["GET"]}}],"collection":[{"href":"https:\/\/peilishop.com\/fr\/wp-json\/wp\/v2\/product"}],"about":[{"href":"https:\/\/peilishop.com\/fr\/wp-json\/wp\/v2\/types\/product"}],"replies":[{"embeddable":true,"href":"https:\/\/peilishop.com\/fr\/wp-json\/wp\/v2\/comments?post=278606"}],"version-history":[{"count":0,"href":"https:\/\/peilishop.com\/fr\/wp-json\/wp\/v2\/product\/278606\/revisions"}],"wp:featuredmedia":[{"embeddable":true,"href":"https:\/\/peilishop.com\/fr\/wp-json\/wp\/v2\/media\/263638"}],"wp:attachment":[{"href":"https:\/\/peilishop.com\/fr\/wp-json\/wp\/v2\/media?parent=278606"}],"wp:term":[{"taxonomy":"product_brand","embeddable":true,"href":"https:\/\/peilishop.com\/fr\/wp-json\/wp\/v2\/product_brand?post=278606"},{"taxonomy":"product_cat","embeddable":true,"href":"https:\/\/peilishop.com\/fr\/wp-json\/wp\/v2\/product_cat?post=278606"},{"taxonomy":"product_tag","embeddable":true,"href":"https:\/\/peilishop.com\/fr\/wp-json\/wp\/v2\/product_tag?post=278606"}],"curies":[{"name":"wp","href":"https:\/\/api.w.org\/{rel}","templated":true}]}}