{"id":278404,"date":"2024-06-22T09:04:00","date_gmt":"2024-06-22T13:04:00","guid":{"rendered":"https:\/\/peilishop.com\/product\/echarpe-legere-en-laine-de-liana\/"},"modified":"2025-04-13T21:52:27","modified_gmt":"2025-04-14T01:52:27","slug":"echarpe-legere-en-laine-de-liana","status":"publish","type":"product","link":"https:\/\/peilishop.com\/fr\/produit\/echarpe-legere-en-laine-de-liana\/","title":{"rendered":"\u00c9charpe l\u00e9g\u00e8re en laine de Liana"},"content":{"rendered":"\t\t<div data-elementor-type=\"wp-post\" data-elementor-id=\"278404\" class=\"elementor elementor-278404 elementor-65412\" data-elementor-post-type=\"product\">\n\t\t\t\t\t\t<section class=\"wd-negative-gap elementor-section elementor-top-section elementor-element elementor-element-309ee49 elementor-section-boxed elementor-section-height-default elementor-section-height-default\" data-id=\"309ee49\" data-element_type=\"section\" data-e-type=\"section\">\n\t\t\t\t\t\t<div class=\"elementor-container elementor-column-gap-default\">\n\t\t\t\t\t<div class=\"elementor-column elementor-col-100 elementor-top-column elementor-element elementor-element-27c6e88\" data-id=\"27c6e88\" data-element_type=\"column\" data-e-type=\"column\">\n\t\t\t<div class=\"elementor-widget-wrap elementor-element-populated\">\n\t\t\t\t\t\t<div class=\"elementor-element elementor-element-ffd11f9 color-scheme-inherit text-left elementor-widget elementor-widget-text-editor\" data-id=\"ffd11f9\" data-element_type=\"widget\" data-e-type=\"widget\" data-widget_type=\"text-editor.default\">\n\t\t\t\t<div class=\"elementor-widget-container\">\n\t\t\t\t\t\t\t\t\t<p>Dot\u00e9e d&rsquo;un d\u00e9licat motif \u00e0 carreaux, l&rsquo;\u00e9charpe Liana ajoute une touche de charme intemporel \u00e0 tout ensemble. Fabriqu\u00e9e avec la laine la plus fine, cette \u00e9charpe est con\u00e7ue pour vous apporter chaleur et style tout au long de l&rsquo;ann\u00e9e. Disponible en 4 couleurs \u00e9tonnantes, c&rsquo;est l&rsquo;accessoire parfait pour rehausser n&rsquo;importe quelle tenue.  <\/p><ul><li><span data-preserver-spaces=\"true\">Mati\u00e8re : <\/span><span data-preserver-spaces=\"true\">100% laine m\u00e9rinos <\/span> <\/li><li>Teinture naturelle, sans produits chimiques nocifs<\/li><li><span data-preserver-spaces=\"true\">Taille : <\/span><span data-preserver-spaces=\"true\">200cmcm x 90cm\/ 78.7&Prime; x 35.4&Prime;<\/span><\/li><li><span data-preserver-spaces=\"true\">Poids : 85 grammes<\/span><\/li><li><span data-preserver-spaces=\"true\">Fabriqu\u00e9 avec soin en Mongolie int\u00e9rieure<\/span><\/li><\/ul>\t\t\t\t\t\t\t\t<\/div>\n\t\t\t\t<\/div>\n\t\t\t\t\t<\/div>\n\t\t<\/div>\n\t\t\t\t\t<\/div>\n\t\t<\/section>\n\t\t\t\t<\/div>\n\t\t","protected":false},"excerpt":{"rendered":"<p>Dot\u00e9e d&rsquo;un d\u00e9licat motif \u00e0 carreaux, l&rsquo;\u00e9charpe Liana ajoute une touche de charme intemporel \u00e0 tout ensemble. Fabriqu\u00e9e avec la<\/p>\n","protected":false},"featured_media":268717,"comment_status":"open","ping_status":"closed","template":"","meta":[],"product_brand":[],"product_cat":[1203],"product_tag":[1739,1204],"class_list":{"0":"post-278404","1":"product","2":"type-product","3":"status-publish","4":"has-post-thumbnail","6":"product_cat-echarpes-en-laine-legere","7":"product_tag-foulards-legers","8":"product_tag-verifie","9":"product_shipping_class-pliable","10":"pa_color-beige-fr","11":"pa_color-bleu-clair","12":"pa_color-bleu-dencre","13":"pa_color-rose","14":"pa_material-laine","15":"pa_pattern-checked","17":"first","18":"instock","19":"shipping-taxable","20":"purchasable","21":"product-type-variable"},"_links":{"self":[{"href":"https:\/\/peilishop.com\/fr\/wp-json\/wp\/v2\/product\/278404","targetHints":{"allow":["GET"]}}],"collection":[{"href":"https:\/\/peilishop.com\/fr\/wp-json\/wp\/v2\/product"}],"about":[{"href":"https:\/\/peilishop.com\/fr\/wp-json\/wp\/v2\/types\/product"}],"replies":[{"embeddable":true,"href":"https:\/\/peilishop.com\/fr\/wp-json\/wp\/v2\/comments?post=278404"}],"version-history":[{"count":0,"href":"https:\/\/peilishop.com\/fr\/wp-json\/wp\/v2\/product\/278404\/revisions"}],"wp:featuredmedia":[{"embeddable":true,"href":"https:\/\/peilishop.com\/fr\/wp-json\/wp\/v2\/media\/268717"}],"wp:attachment":[{"href":"https:\/\/peilishop.com\/fr\/wp-json\/wp\/v2\/media?parent=278404"}],"wp:term":[{"taxonomy":"product_brand","embeddable":true,"href":"https:\/\/peilishop.com\/fr\/wp-json\/wp\/v2\/product_brand?post=278404"},{"taxonomy":"product_cat","embeddable":true,"href":"https:\/\/peilishop.com\/fr\/wp-json\/wp\/v2\/product_cat?post=278404"},{"taxonomy":"product_tag","embeddable":true,"href":"https:\/\/peilishop.com\/fr\/wp-json\/wp\/v2\/product_tag?post=278404"}],"curies":[{"name":"wp","href":"https:\/\/api.w.org\/{rel}","templated":true}]}}