{"id":278336,"date":"2024-11-02T03:25:00","date_gmt":"2024-11-02T07:25:00","guid":{"rendered":"https:\/\/peilishop.com\/product\/echarpe-en-cachemire-degrade-de-zubi\/"},"modified":"2025-04-14T08:34:33","modified_gmt":"2025-04-14T12:34:33","slug":"echarpe-en-cachemire-degrade-de-zubi","status":"publish","type":"product","link":"https:\/\/peilishop.com\/fr\/produit\/echarpe-en-cachemire-degrade-de-zubi\/","title":{"rendered":"\u00c9charpe en cachemire d\u00e9grad\u00e9 de Zubi"},"content":{"rendered":"\t\t<div data-elementor-type=\"wp-post\" data-elementor-id=\"278336\" class=\"elementor elementor-278336 elementor-30635\" data-elementor-post-type=\"product\">\n\t\t\t\t\t\t<section class=\"wd-negative-gap elementor-section elementor-top-section elementor-element elementor-element-309ee49 elementor-section-boxed elementor-section-height-default elementor-section-height-default\" data-id=\"309ee49\" data-element_type=\"section\" data-e-type=\"section\">\n\t\t\t\t\t\t<div class=\"elementor-container elementor-column-gap-default\">\n\t\t\t\t\t<div class=\"elementor-column elementor-col-100 elementor-top-column elementor-element elementor-element-27c6e88\" data-id=\"27c6e88\" data-element_type=\"column\" data-e-type=\"column\">\n\t\t\t<div class=\"elementor-widget-wrap elementor-element-populated\">\n\t\t\t\t\t\t<div class=\"elementor-element elementor-element-ffd11f9 color-scheme-inherit text-left elementor-widget elementor-widget-text-editor\" data-id=\"ffd11f9\" data-element_type=\"widget\" data-e-type=\"widget\" data-widget_type=\"text-editor.default\">\n\t\t\t\t<div class=\"elementor-widget-container\">\n\t\t\t\t\t\t\t\t\t<p><span data-preserver-spaces=\"true\">All\u00e9gez votre collection de la saison froide avec <\/span>cette magnifique \u00e9charpe. R\u00e9alis\u00e9e en cachemire mongol de qualit\u00e9 A \u00e0 100 %, l&rsquo;\u00e9charpe Zubi pr\u00e9sente un d\u00e9grad\u00e9 de couleurs et des bords exag\u00e9r\u00e9ment gland\u00e9s. Enroulez-la autour du cou<span data-preserver-spaces=\"true\"> pour rehausser votre jeu d&rsquo;accessoires cette saison.<br><\/span>  <\/p>\n<ul>\n<li><span data-preserver-spaces=\"true\">Mati\u00e8re : <\/span><span data-preserver-spaces=\"true\">100% cachemire mongol de qualit\u00e9 A <\/span> <\/li>\n<li>Teinture naturelle, sans produits chimiques nocifs<\/li>\n<li><span data-preserver-spaces=\"true\">  Confort : Doux et respirant, pas de d\u00e9mangeaisons ni de surchauffe.<\/span><\/li>\n<li><span data-preserver-spaces=\"true\">Forme rectangulaire<\/span><\/li>\n<li><span data-preserver-spaces=\"true\">Taille : 190cm x 35cm\/ 74.8&Prime; x 13.77&Prime;<\/span><\/li>\n<li><span data-preserver-spaces=\"true\"><span data-preserver-spaces=\"true\"><span data-preserver-spaces=\"true\"><span data-preserver-spaces=\"true\">Poids l\u00e9ger : 160 grammes<\/span><\/span><\/span><\/span><\/li>\n<li><span data-preserver-spaces=\"true\"><span data-preserver-spaces=\"true\"><span data-preserver-spaces=\"true\"><span data-preserver-spaces=\"true\"><span data-preserver-spaces=\"true\">Fabriqu\u00e9 avec soin en Mongolie int\u00e9rieure<\/span><\/span><\/span><\/span><\/span><span data-preserver-spaces=\"true\"><br><\/span><\/li>\n<\/ul>\t\t\t\t\t\t\t\t<\/div>\n\t\t\t\t<\/div>\n\t\t\t\t\t<\/div>\n\t\t<\/div>\n\t\t\t\t\t<\/div>\n\t\t<\/section>\n\t\t\t\t<\/div>\n\t\t","protected":false},"excerpt":{"rendered":"<p>All\u00e9gez votre collection de la saison froide avec cette magnifique \u00e9charpe. R\u00e9alis\u00e9e en cachemire mongol de qualit\u00e9 A \u00e0 100<\/p>\n","protected":false},"featured_media":280509,"comment_status":"open","ping_status":"closed","template":"","meta":[],"product_brand":[],"product_cat":[1744],"product_tag":[1769],"class_list":{"0":"post-278336","1":"product","2":"type-product","3":"status-publish","4":"has-post-thumbnail","6":"product_cat-echarpes-classiques-en-cachemire","7":"product_tag-gradient","8":"product_shipping_class-pliable","9":"pa_color-bleu-denim","10":"pa_color-bleu-poudre","11":"pa_color-brun-cacao","12":"pa_color-jaune-dor","13":"pa_color-marron-fr","14":"pa_color-rouge-bourgogne","15":"pa_color-rouge-clair","16":"pa_color-rouge-violet-pale","17":"pa_color-sarcelle","18":"pa_material-cachemire","19":"pa_pattern-colorblock","20":"pa_pattern-fringe","21":"pa_pattern-playful","23":"first","24":"instock","25":"shipping-taxable","26":"purchasable","27":"product-type-variable"},"_links":{"self":[{"href":"https:\/\/peilishop.com\/fr\/wp-json\/wp\/v2\/product\/278336","targetHints":{"allow":["GET"]}}],"collection":[{"href":"https:\/\/peilishop.com\/fr\/wp-json\/wp\/v2\/product"}],"about":[{"href":"https:\/\/peilishop.com\/fr\/wp-json\/wp\/v2\/types\/product"}],"replies":[{"embeddable":true,"href":"https:\/\/peilishop.com\/fr\/wp-json\/wp\/v2\/comments?post=278336"}],"version-history":[{"count":0,"href":"https:\/\/peilishop.com\/fr\/wp-json\/wp\/v2\/product\/278336\/revisions"}],"wp:featuredmedia":[{"embeddable":true,"href":"https:\/\/peilishop.com\/fr\/wp-json\/wp\/v2\/media\/280509"}],"wp:attachment":[{"href":"https:\/\/peilishop.com\/fr\/wp-json\/wp\/v2\/media?parent=278336"}],"wp:term":[{"taxonomy":"product_brand","embeddable":true,"href":"https:\/\/peilishop.com\/fr\/wp-json\/wp\/v2\/product_brand?post=278336"},{"taxonomy":"product_cat","embeddable":true,"href":"https:\/\/peilishop.com\/fr\/wp-json\/wp\/v2\/product_cat?post=278336"},{"taxonomy":"product_tag","embeddable":true,"href":"https:\/\/peilishop.com\/fr\/wp-json\/wp\/v2\/product_tag?post=278336"}],"curies":[{"name":"wp","href":"https:\/\/api.w.org\/{rel}","templated":true}]}}