{"id":278214,"date":"2024-11-03T06:54:00","date_gmt":"2024-11-03T11:54:00","guid":{"rendered":"https:\/\/peilishop.com\/product\/echarpe-en-cachemire-hom-keyhole\/"},"modified":"2025-04-13T21:49:58","modified_gmt":"2025-04-14T01:49:58","slug":"echarpe-en-cachemire-hom-keyhole","status":"publish","type":"product","link":"https:\/\/peilishop.com\/fr\/produit\/echarpe-en-cachemire-hom-keyhole\/","title":{"rendered":"\u00c9charpe en cachemire Hom Keyhole"},"content":{"rendered":"\t\t<div data-elementor-type=\"wp-post\" data-elementor-id=\"278214\" class=\"elementor elementor-278214 elementor-31254\" data-elementor-post-type=\"product\">\n\t\t\t\t\t\t<section class=\"wd-negative-gap elementor-section elementor-top-section elementor-element elementor-element-309ee49 elementor-section-boxed elementor-section-height-default elementor-section-height-default\" data-id=\"309ee49\" data-element_type=\"section\" data-e-type=\"section\">\n\t\t\t\t\t\t<div class=\"elementor-container elementor-column-gap-default\">\n\t\t\t\t\t<div class=\"elementor-column elementor-col-100 elementor-top-column elementor-element elementor-element-27c6e88\" data-id=\"27c6e88\" data-element_type=\"column\" data-e-type=\"column\">\n\t\t\t<div class=\"elementor-widget-wrap elementor-element-populated\">\n\t\t\t\t\t\t<div class=\"elementor-element elementor-element-ffd11f9 color-scheme-inherit text-left elementor-widget elementor-widget-text-editor\" data-id=\"ffd11f9\" data-element_type=\"widget\" data-e-type=\"widget\" data-widget_type=\"text-editor.default\">\n\t\t\t\t<div class=\"elementor-widget-container\">\n\t\t\t\t\t\t\t\t\t<p>Cette adorable \u00e9charpe est parfaite pour garder votre cou bien au chaud d\u00e8s que la temp\u00e9rature baisse. Elle est tiss\u00e9e avec art en cachemire mongol de qualit\u00e9 A \u00e0 100 % et pr\u00e9sente un motif unique. Une fermeture \u00e0 glissi\u00e8re pratique permet de la maintenir en place tout en ajoutant un joli d\u00e9tail de cravate \u00e0 votre look.  <\/p><ul><li><span data-preserver-spaces=\"true\">Mati\u00e8re : <\/span><span data-preserver-spaces=\"true\">100% cachemire mongol de qualit\u00e9 A<br><\/span><\/li><li>Teinture naturelle, sans produits chimiques nocifs<\/li><li><span data-preserver-spaces=\"true\">  Confort : Doux et respirant, pas de d\u00e9mangeaisons ni de surchauffe.<\/span><\/li><li style=\"text-align: left;\">Fermeture \u00e0 glissi\u00e8re<\/li><li>Taille : 82cm x 21cm\/ 32.28&Prime; x 8.27&Prime;<\/li><li>L\u00e9ger : 52 grammes<\/li><li><span data-preserver-spaces=\"true\">Fabriqu\u00e9 avec soin en Mongolie int\u00e9rieure<\/span><\/li><\/ul>\t\t\t\t\t\t\t\t<\/div>\n\t\t\t\t<\/div>\n\t\t\t\t\t<\/div>\n\t\t<\/div>\n\t\t\t\t\t<\/div>\n\t\t<\/section>\n\t\t\t\t<\/div>\n\t\t","protected":false},"excerpt":{"rendered":"<p>Cette adorable \u00e9charpe est parfaite pour garder votre cou bien au chaud d\u00e8s que la temp\u00e9rature baisse. Elle est tiss\u00e9e<\/p>\n","protected":false},"featured_media":325920,"comment_status":"open","ping_status":"closed","template":"","meta":[],"product_brand":[],"product_cat":[1215,1143],"product_tag":[1739,1204],"class_list":{"0":"post-278214","1":"product","2":"type-product","3":"status-publish","4":"has-post-thumbnail","6":"product_cat-echarpes-en-cachemire","7":"product_cat-foulards-et-echarpes","8":"product_tag-foulards-legers","9":"product_tag-verifie","10":"product_shipping_class-pliable","11":"pa_color-beige-fr","12":"pa_color-marron-fr","13":"pa_color-noir","14":"pa_material-cachemire","15":"pa_pattern-abstract","17":"first","18":"instock","19":"shipping-taxable","20":"purchasable","21":"product-type-variable"},"_links":{"self":[{"href":"https:\/\/peilishop.com\/fr\/wp-json\/wp\/v2\/product\/278214","targetHints":{"allow":["GET"]}}],"collection":[{"href":"https:\/\/peilishop.com\/fr\/wp-json\/wp\/v2\/product"}],"about":[{"href":"https:\/\/peilishop.com\/fr\/wp-json\/wp\/v2\/types\/product"}],"replies":[{"embeddable":true,"href":"https:\/\/peilishop.com\/fr\/wp-json\/wp\/v2\/comments?post=278214"}],"version-history":[{"count":0,"href":"https:\/\/peilishop.com\/fr\/wp-json\/wp\/v2\/product\/278214\/revisions"}],"wp:featuredmedia":[{"embeddable":true,"href":"https:\/\/peilishop.com\/fr\/wp-json\/wp\/v2\/media\/325920"}],"wp:attachment":[{"href":"https:\/\/peilishop.com\/fr\/wp-json\/wp\/v2\/media?parent=278214"}],"wp:term":[{"taxonomy":"product_brand","embeddable":true,"href":"https:\/\/peilishop.com\/fr\/wp-json\/wp\/v2\/product_brand?post=278214"},{"taxonomy":"product_cat","embeddable":true,"href":"https:\/\/peilishop.com\/fr\/wp-json\/wp\/v2\/product_cat?post=278214"},{"taxonomy":"product_tag","embeddable":true,"href":"https:\/\/peilishop.com\/fr\/wp-json\/wp\/v2\/product_tag?post=278214"}],"curies":[{"name":"wp","href":"https:\/\/api.w.org\/{rel}","templated":true}]}}