{"id":278150,"date":"2024-11-06T03:36:00","date_gmt":"2024-11-06T08:36:00","guid":{"rendered":"https:\/\/peilishop.com\/product\/demi-poncho-en-cachemire-kendra\/"},"modified":"2025-04-13T21:49:35","modified_gmt":"2025-04-14T01:49:35","slug":"demi-poncho-en-cachemire-kendra","status":"publish","type":"product","link":"https:\/\/peilishop.com\/fr\/produit\/demi-poncho-en-cachemire-kendra\/","title":{"rendered":"Demi-poncho en cachemire Kendra"},"content":{"rendered":"\t\t<div data-elementor-type=\"wp-post\" data-elementor-id=\"278150\" class=\"elementor elementor-278150 elementor-209400\" data-elementor-post-type=\"product\">\n\t\t\t\t\t\t<section class=\"wd-negative-gap elementor-section elementor-top-section elementor-element elementor-element-309ee49 elementor-section-boxed elementor-section-height-default elementor-section-height-default\" data-id=\"309ee49\" data-element_type=\"section\" data-e-type=\"section\">\n\t\t\t\t\t\t<div class=\"elementor-container elementor-column-gap-default\">\n\t\t\t\t\t<div class=\"elementor-column elementor-col-100 elementor-top-column elementor-element elementor-element-27c6e88\" data-id=\"27c6e88\" data-element_type=\"column\" data-e-type=\"column\">\n\t\t\t<div class=\"elementor-widget-wrap elementor-element-populated\">\n\t\t\t\t\t\t<div class=\"elementor-element elementor-element-ffd11f9 color-scheme-inherit text-left elementor-widget elementor-widget-text-editor\" data-id=\"ffd11f9\" data-element_type=\"widget\" data-e-type=\"widget\" data-widget_type=\"text-editor.default\">\n\t\t\t\t<div class=\"elementor-widget-container\">\n\t\t\t\t\t\t\t\t\t<p>Fabriqu\u00e9 \u00e0 partir du cachemire le plus fin, ce demi-ponch l\u00e9ger est unique par sa polyvalence. Sa silhouette fluide se drape sans effort sur le corps, apportant juste ce qu&rsquo;il faut de chaleur sans se sentir encombrant ou contraignant. <\/p><ul><li><span data-preserver-spaces=\"true\">Mati\u00e8re : <\/span><span data-preserver-spaces=\"true\">100 % cachemire mongol de qualit\u00e9 A <\/span> <\/li><li>Teinture naturelle, sans produits chimiques nocifs<\/li><li><span data-preserver-spaces=\"true\">Taille : 52cm x <\/span><span data-preserver-spaces=\"true\">96cm x 45cm \/ 27.5\u2033 x 37.8\u2033 x17.7\u2033<\/span><\/li><li><span data-preserver-spaces=\"true\">Poids : 156 grammes<\/span><\/li><li><span data-preserver-spaces=\"true\">Fabriqu\u00e9 avec soin en Mongolie int\u00e9rieure<\/span><\/li><li>Bo\u00eete cadeau GRATUITE incluse avec messages cadeaux optionnels<\/li><\/ul>\t\t\t\t\t\t\t\t<\/div>\n\t\t\t\t<\/div>\n\t\t\t\t\t<\/div>\n\t\t<\/div>\n\t\t\t\t\t<\/div>\n\t\t<\/section>\n\t\t\t\t<\/div>\n\t\t","protected":false},"excerpt":{"rendered":"<p>Fabriqu\u00e9 \u00e0 partir du cachemire le plus fin, ce demi-ponch l\u00e9ger est unique par sa polyvalence. Sa silhouette fluide se<\/p>\n","protected":false},"featured_media":280271,"comment_status":"open","ping_status":"closed","template":"","meta":[],"product_brand":[],"product_cat":[1332,1143],"product_tag":[1216],"class_list":{"0":"post-278150","1":"product","2":"type-product","3":"status-publish","4":"has-post-thumbnail","6":"product_cat-cachemire-a-porter-sur-soi","7":"product_cat-foulards-et-echarpes","8":"product_tag-simple","9":"product_shipping_class-pliable","10":"pa_color-beige-fr","11":"pa_color-blanc","12":"pa_color-gris-fr","13":"pa_color-kaki","14":"pa_color-noir","15":"pa_color-rouge-bourgogne","16":"pa_material-cachemire","17":"pa_pattern-plain","19":"first","20":"instock","21":"shipping-taxable","22":"purchasable","23":"product-type-variable"},"_links":{"self":[{"href":"https:\/\/peilishop.com\/fr\/wp-json\/wp\/v2\/product\/278150","targetHints":{"allow":["GET"]}}],"collection":[{"href":"https:\/\/peilishop.com\/fr\/wp-json\/wp\/v2\/product"}],"about":[{"href":"https:\/\/peilishop.com\/fr\/wp-json\/wp\/v2\/types\/product"}],"replies":[{"embeddable":true,"href":"https:\/\/peilishop.com\/fr\/wp-json\/wp\/v2\/comments?post=278150"}],"version-history":[{"count":0,"href":"https:\/\/peilishop.com\/fr\/wp-json\/wp\/v2\/product\/278150\/revisions"}],"wp:featuredmedia":[{"embeddable":true,"href":"https:\/\/peilishop.com\/fr\/wp-json\/wp\/v2\/media\/280271"}],"wp:attachment":[{"href":"https:\/\/peilishop.com\/fr\/wp-json\/wp\/v2\/media?parent=278150"}],"wp:term":[{"taxonomy":"product_brand","embeddable":true,"href":"https:\/\/peilishop.com\/fr\/wp-json\/wp\/v2\/product_brand?post=278150"},{"taxonomy":"product_cat","embeddable":true,"href":"https:\/\/peilishop.com\/fr\/wp-json\/wp\/v2\/product_cat?post=278150"},{"taxonomy":"product_tag","embeddable":true,"href":"https:\/\/peilishop.com\/fr\/wp-json\/wp\/v2\/product_tag?post=278150"}],"curies":[{"name":"wp","href":"https:\/\/api.w.org\/{rel}","templated":true}]}}