{"id":278106,"date":"2024-11-07T07:30:00","date_gmt":"2024-11-07T12:30:00","guid":{"rendered":"https:\/\/peilishop.com\/product\/echarpe-en-cachemire-naomi\/"},"modified":"2025-04-13T21:49:07","modified_gmt":"2025-04-14T01:49:07","slug":"echarpe-en-cachemire-naomi","status":"publish","type":"product","link":"https:\/\/peilishop.com\/fr\/produit\/echarpe-en-cachemire-naomi\/","title":{"rendered":"\u00c9charpe en cachemire Naomi"},"content":{"rendered":"\t\t<div data-elementor-type=\"wp-post\" data-elementor-id=\"278106\" class=\"elementor elementor-278106 elementor-209413\" data-elementor-post-type=\"product\">\n\t\t\t\t\t\t<section class=\"wd-negative-gap elementor-section elementor-top-section elementor-element elementor-element-309ee49 elementor-section-boxed elementor-section-height-default elementor-section-height-default\" data-id=\"309ee49\" data-element_type=\"section\" data-e-type=\"section\">\n\t\t\t\t\t\t<div class=\"elementor-container elementor-column-gap-default\">\n\t\t\t\t\t<div class=\"elementor-column elementor-col-100 elementor-top-column elementor-element elementor-element-27c6e88\" data-id=\"27c6e88\" data-element_type=\"column\" data-e-type=\"column\">\n\t\t\t<div class=\"elementor-widget-wrap elementor-element-populated\">\n\t\t\t\t\t\t<div class=\"elementor-element elementor-element-ffd11f9 color-scheme-inherit text-left elementor-widget elementor-widget-text-editor\" data-id=\"ffd11f9\" data-element_type=\"widget\" data-e-type=\"widget\" data-widget_type=\"text-editor.default\">\n\t\t\t\t<div class=\"elementor-widget-container\">\n\t\t\t\t\t\t\t\t\t<p>Naomi est l&rsquo;accessoire id\u00e9al pour rester chic et \u00e9l\u00e9gante lorsque les temp\u00e9ratures chutent. Elle est orn\u00e9e d&rsquo;un motif unique de trous en forme de gouttes et de bords frang\u00e9s sur tous les c\u00f4t\u00e9s, ce qui vous donne une allure soign\u00e9e et distingu\u00e9e \u00e0 chaque fois que vous sortez avec cette \u00e9charpe. <\/p>\n<ul>\n<li><span data-preserver-spaces=\"true\">Mati\u00e8re : <\/span><span data-preserver-spaces=\"true\">100% cachemire mongol de qualit\u00e9 A <\/span> <\/li>\n<li>Teinture naturelle, sans produits chimiques nocifs<\/li>\n\n<li><span data-preserver-spaces=\"true\">Taille : <\/span><span data-preserver-spaces=\"true\">186cm x 44cm \/ 73.2\u2033 x 17.3\u2033<\/span><\/li>\n<li><span data-preserver-spaces=\"true\">Poids l\u00e9ger : 120 grammes<\/span><\/li>\n<li><span data-preserver-spaces=\"true\">Fabriqu\u00e9 avec soin en Mongolie int\u00e9rieure<\/span><\/li>\n<\/ul>\t\t\t\t\t\t\t\t<\/div>\n\t\t\t\t<\/div>\n\t\t\t\t\t<\/div>\n\t\t<\/div>\n\t\t\t\t\t<\/div>\n\t\t<\/section>\n\t\t\t\t<\/div>\n\t\t","protected":false},"excerpt":{"rendered":"<p>Naomi est l&rsquo;accessoire id\u00e9al pour rester chic et \u00e9l\u00e9gante lorsque les temp\u00e9ratures chutent. Elle est orn\u00e9e d&rsquo;un motif unique de<\/p>\n","protected":false},"featured_media":325956,"comment_status":"open","ping_status":"closed","template":"","meta":[],"product_brand":[],"product_cat":[1744],"product_tag":[1216],"class_list":{"0":"post-278106","1":"product","2":"type-product","3":"status-publish","4":"has-post-thumbnail","6":"product_cat-echarpes-classiques-en-cachemire","7":"product_tag-simple","8":"product_shipping_class-pliable","9":"pa_color-beige-fr","10":"pa_color-blanc-ivoire","11":"pa_color-gris-fonce","12":"pa_color-kaki","13":"pa_color-rouge-bourgogne","14":"pa_material-cachemire","15":"pa_pattern-boho","16":"pa_pattern-fringe","17":"pa_pattern-open","19":"first","20":"instock","21":"shipping-taxable","22":"purchasable","23":"product-type-variable"},"_links":{"self":[{"href":"https:\/\/peilishop.com\/fr\/wp-json\/wp\/v2\/product\/278106","targetHints":{"allow":["GET"]}}],"collection":[{"href":"https:\/\/peilishop.com\/fr\/wp-json\/wp\/v2\/product"}],"about":[{"href":"https:\/\/peilishop.com\/fr\/wp-json\/wp\/v2\/types\/product"}],"replies":[{"embeddable":true,"href":"https:\/\/peilishop.com\/fr\/wp-json\/wp\/v2\/comments?post=278106"}],"version-history":[{"count":0,"href":"https:\/\/peilishop.com\/fr\/wp-json\/wp\/v2\/product\/278106\/revisions"}],"wp:featuredmedia":[{"embeddable":true,"href":"https:\/\/peilishop.com\/fr\/wp-json\/wp\/v2\/media\/325956"}],"wp:attachment":[{"href":"https:\/\/peilishop.com\/fr\/wp-json\/wp\/v2\/media?parent=278106"}],"wp:term":[{"taxonomy":"product_brand","embeddable":true,"href":"https:\/\/peilishop.com\/fr\/wp-json\/wp\/v2\/product_brand?post=278106"},{"taxonomy":"product_cat","embeddable":true,"href":"https:\/\/peilishop.com\/fr\/wp-json\/wp\/v2\/product_cat?post=278106"},{"taxonomy":"product_tag","embeddable":true,"href":"https:\/\/peilishop.com\/fr\/wp-json\/wp\/v2\/product_tag?post=278106"}],"curies":[{"name":"wp","href":"https:\/\/api.w.org\/{rel}","templated":true}]}}