{"id":278103,"date":"2024-11-22T21:38:00","date_gmt":"2024-11-23T02:38:00","guid":{"rendered":"https:\/\/peilishop.com\/product\/bonnet-en-cachemire-ena\/"},"modified":"2025-04-23T10:32:24","modified_gmt":"2025-04-23T14:32:24","slug":"bonnet-en-cachemire-ena","status":"publish","type":"product","link":"https:\/\/peilishop.com\/fr\/produit\/bonnet-en-cachemire-ena\/","title":{"rendered":"Bonnet en cachemire Ena"},"content":{"rendered":"\t\t<div data-elementor-type=\"wp-post\" data-elementor-id=\"278103\" class=\"elementor elementor-278103 elementor-209820\" data-elementor-post-type=\"product\">\n\t\t\t\t\t\t<section class=\"wd-negative-gap elementor-section elementor-top-section elementor-element elementor-element-309ee49 elementor-section-boxed elementor-section-height-default elementor-section-height-default\" data-id=\"309ee49\" data-element_type=\"section\" data-e-type=\"section\">\n\t\t\t\t\t\t<div class=\"elementor-container elementor-column-gap-default\">\n\t\t\t\t\t<div class=\"elementor-column elementor-col-100 elementor-top-column elementor-element elementor-element-27c6e88\" data-id=\"27c6e88\" data-element_type=\"column\" data-e-type=\"column\">\n\t\t\t<div class=\"elementor-widget-wrap elementor-element-populated\">\n\t\t\t\t\t\t<div class=\"elementor-element elementor-element-ffd11f9 color-scheme-inherit text-left elementor-widget elementor-widget-text-editor\" data-id=\"ffd11f9\" data-element_type=\"widget\" data-e-type=\"widget\" data-widget_type=\"text-editor.default\">\n\t\t\t\t<div class=\"elementor-widget-container\">\n\t\t\t\t\t\t\t\t\t<p style=\"text-align: left;\"><span data-preserver-spaces=\"true\">  Ena sera un ajout \u00e9l\u00e9gant \u00e0 votre garde-robe d&rsquo;accessoires. Il est d\u00e9licatement tiss\u00e9 \u00e0 partir de cachemire doux comme du beurre pour   <\/span><span data-preserver-spaces=\"true\">une silhouette de bonnet classique<\/span><span data-preserver-spaces=\"true\">. Le motif ray\u00e9 vibrant est le moyen id\u00e9al d&rsquo;ajouter une touche de couleur \u00e0 une tenue, tout en restant bien au chaud.  <br><\/span><\/p><ul><li style=\"text-align: left;\"><span data-preserver-spaces=\"true\">Mati\u00e8re : 100% <\/span><span data-preserver-spaces=\"true\">Mongolie<br><\/span><\/li><li>Teinture naturelle, sans produits chimiques nocifs<\/li><li><span data-preserver-spaces=\"true\">  Confort : Doux et respirant, pas de d\u00e9mangeaisons ni de surchauffe.<\/span><\/li><li><span data-preserver-spaces=\"true\">Taille :<\/span><span data-preserver-spaces=\"true\">25cm x 26cm \/ 9.84\u2033 x 10.23\u2033<\/span><\/li><li><span data-preserver-spaces=\"true\">Poids l\u00e9ger : 40 grammes<\/span><\/li><li><span data-preserver-spaces=\"true\"><span data-preserver-spaces=\"true\">Fabriqu\u00e9 avec soin en Mongolie int\u00e9rieure<\/span><\/span><\/li><\/ul>\t\t\t\t\t\t\t\t<\/div>\n\t\t\t\t<\/div>\n\t\t\t\t\t<\/div>\n\t\t<\/div>\n\t\t\t\t\t<\/div>\n\t\t<\/section>\n\t\t\t\t<\/div>\n\t\t","protected":false},"excerpt":{"rendered":"<p>Ena sera un ajout \u00e9l\u00e9gant \u00e0 votre garde-robe d&rsquo;accessoires. Il est d\u00e9licatement tiss\u00e9 \u00e0 partir de cachemire doux comme du<\/p>\n","protected":false},"featured_media":280140,"comment_status":"open","ping_status":"closed","template":"","meta":[],"product_brand":[],"product_cat":[1608,1609,1345],"product_tag":[1420],"class_list":{"0":"post-278103","1":"product","2":"type-product","3":"status-publish","4":"has-post-thumbnail","6":"product_cat-chapeaux","7":"product_cat-berets-et-bonnets","8":"product_cat-chapeaux-en-cachemire","9":"product_tag-raye","10":"product_shipping_class-pliable","11":"pa_color-mandarine","12":"pa_color-marron-fr","13":"pa_color-noir","14":"pa_color-violet-raisin","15":"pa_material-cachemire","16":"pa_pattern-colorblock","18":"first","19":"instock","20":"shipping-taxable","21":"purchasable","22":"product-type-variable"},"_links":{"self":[{"href":"https:\/\/peilishop.com\/fr\/wp-json\/wp\/v2\/product\/278103","targetHints":{"allow":["GET"]}}],"collection":[{"href":"https:\/\/peilishop.com\/fr\/wp-json\/wp\/v2\/product"}],"about":[{"href":"https:\/\/peilishop.com\/fr\/wp-json\/wp\/v2\/types\/product"}],"replies":[{"embeddable":true,"href":"https:\/\/peilishop.com\/fr\/wp-json\/wp\/v2\/comments?post=278103"}],"version-history":[{"count":0,"href":"https:\/\/peilishop.com\/fr\/wp-json\/wp\/v2\/product\/278103\/revisions"}],"wp:featuredmedia":[{"embeddable":true,"href":"https:\/\/peilishop.com\/fr\/wp-json\/wp\/v2\/media\/280140"}],"wp:attachment":[{"href":"https:\/\/peilishop.com\/fr\/wp-json\/wp\/v2\/media?parent=278103"}],"wp:term":[{"taxonomy":"product_brand","embeddable":true,"href":"https:\/\/peilishop.com\/fr\/wp-json\/wp\/v2\/product_brand?post=278103"},{"taxonomy":"product_cat","embeddable":true,"href":"https:\/\/peilishop.com\/fr\/wp-json\/wp\/v2\/product_cat?post=278103"},{"taxonomy":"product_tag","embeddable":true,"href":"https:\/\/peilishop.com\/fr\/wp-json\/wp\/v2\/product_tag?post=278103"}],"curies":[{"name":"wp","href":"https:\/\/api.w.org\/{rel}","templated":true}]}}