{"id":205312,"date":"2023-07-17T10:05:57","date_gmt":"2023-07-17T14:05:57","guid":{"rendered":"https:\/\/peilishop.com\/retour-et-remboursement\/"},"modified":"2024-08-05T14:36:53","modified_gmt":"2024-08-05T18:36:53","slug":"retour-et-remboursement","status":"publish","type":"page","link":"https:\/\/peilishop.com\/fr\/retour-et-remboursement\/","title":{"rendered":"Retour et remboursement"},"content":{"rendered":"\t\t<div data-elementor-type=\"wp-page\" data-elementor-id=\"205312\" class=\"elementor elementor-205312 elementor-57642\" data-elementor-post-type=\"page\">\n\t\t\t\t\t\t<section class=\"wd-negative-gap elementor-section elementor-top-section elementor-element elementor-element-ee06d48 elementor-section-boxed elementor-section-height-default elementor-section-height-default\" data-id=\"ee06d48\" data-element_type=\"section\" data-e-type=\"section\">\n\t\t\t\t\t\t<div class=\"elementor-container elementor-column-gap-default\">\n\t\t\t\t\t<div class=\"elementor-column elementor-col-100 elementor-top-column elementor-element elementor-element-acf9b35\" data-id=\"acf9b35\" data-element_type=\"column\" data-e-type=\"column\">\n\t\t\t<div class=\"elementor-widget-wrap elementor-element-populated\">\n\t\t\t\t\t\t<section class=\"wd-negative-gap elementor-section elementor-inner-section elementor-element elementor-element-6e331fe elementor-section-boxed elementor-section-height-default elementor-section-height-default\" data-id=\"6e331fe\" data-element_type=\"section\" data-e-type=\"section\">\n\t\t\t\t\t\t<div class=\"elementor-container elementor-column-gap-default\">\n\t\t\t\t\t<div class=\"elementor-column elementor-col-100 elementor-inner-column elementor-element elementor-element-76b9ce4\" data-id=\"76b9ce4\" data-element_type=\"column\" data-e-type=\"column\">\n\t\t\t<div class=\"elementor-widget-wrap elementor-element-populated\">\n\t\t\t\t\t\t<div class=\"elementor-element elementor-element-4ac31d7 elementor-widget elementor-widget-heading\" data-id=\"4ac31d7\" data-element_type=\"widget\" data-e-type=\"widget\" data-widget_type=\"heading.default\">\n\t\t\t\t<div class=\"elementor-widget-container\">\n\t\t\t\t\t<h2 class=\"elementor-heading-title elementor-size-default\">- Condition de retour<\/h2>\t\t\t\t<\/div>\n\t\t\t\t<\/div>\n\t\t\t\t\t<\/div>\n\t\t<\/div>\n\t\t\t\t\t<\/div>\n\t\t<\/section>\n\t\t\t\t<div class=\"elementor-element elementor-element-449310e color-scheme-inherit text-left elementor-widget elementor-widget-text-editor\" data-id=\"449310e\" data-element_type=\"widget\" data-e-type=\"widget\" data-widget_type=\"text-editor.default\">\n\t\t\t\t<div class=\"elementor-widget-container\">\n\t\t\t\t\t\t\t\t\t<ul>\n<li><span data-preserver-spaces=\"true\">Vous avez 14 jours<\/span><span data-preserver-spaces=\"true\">  \u00e0 la r\u00e9ception de votre\/vos article(s) afin de d\u00e9cider si les articles vous conviennent.\nNous acceptons volontiers les articles non port\u00e9s, non lav\u00e9s ou d\u00e9fectueux que vous avez achet\u00e9s. <\/span><\/li>\n\n<li><span data-preserver-spaces=\"true\">Vous ne pouvez pas retourner des articles qui ont \u00e9t\u00e9 port\u00e9s, lav\u00e9s, endommag\u00e9s ou dont l&rsquo;\u00e9tiquette d&rsquo;origine a \u00e9t\u00e9 retir\u00e9e.<\/span><\/li>\n<li>Nous ne pouvons pas nous permettre d&rsquo;accepter les achats de type \u00ab\u00a0acheter pour garder\u00a0\u00bb.\nNotre service client\u00e8le peut annuler une commande dont on pense qu&rsquo;elle a \u00e9t\u00e9 pass\u00e9e dans cette intention, ou <span>refuser la demande de remboursement<\/span>. <\/li>\n<li>Nous nous r\u00e9servons le droit de refuser le retour s&rsquo;il est re\u00e7u dans un \u00e9tat inacceptable ou sans que nous en ayons \u00e9t\u00e9 inform\u00e9s au pr\u00e9alable.<\/li>\n<li>Nous ne sommes pas responsables des retours d&rsquo;articles perdus ou endommag\u00e9s. Veuillez conserver le re\u00e7u avec les informations de suivi.<\/li>\n<\/ul>\t\t\t\t\t\t\t\t<\/div>\n\t\t\t\t<\/div>\n\t\t\t\t\t<\/div>\n\t\t<\/div>\n\t\t\t\t\t<\/div>\n\t\t<\/section>\n\t\t\t\t<section class=\"wd-negative-gap elementor-section elementor-top-section elementor-element elementor-element-1912e97 elementor-section-boxed elementor-section-height-default elementor-section-height-default\" data-id=\"1912e97\" data-element_type=\"section\" data-e-type=\"section\">\n\t\t\t\t\t\t<div class=\"elementor-container elementor-column-gap-default\">\n\t\t\t\t\t<div class=\"elementor-column elementor-col-100 elementor-top-column elementor-element elementor-element-6fead1f\" data-id=\"6fead1f\" data-element_type=\"column\" data-e-type=\"column\">\n\t\t\t<div class=\"elementor-widget-wrap elementor-element-populated\">\n\t\t\t\t\t\t<section class=\"wd-negative-gap elementor-section elementor-inner-section elementor-element elementor-element-9aee7d9 elementor-section-boxed elementor-section-height-default elementor-section-height-default\" data-id=\"9aee7d9\" data-element_type=\"section\" data-e-type=\"section\">\n\t\t\t\t\t\t<div class=\"elementor-container elementor-column-gap-default\">\n\t\t\t\t\t<div class=\"elementor-column elementor-col-100 elementor-inner-column elementor-element elementor-element-2814158\" data-id=\"2814158\" data-element_type=\"column\" data-e-type=\"column\">\n\t\t\t<div class=\"elementor-widget-wrap elementor-element-populated\">\n\t\t\t\t\t\t<div class=\"elementor-element elementor-element-5f7f89d elementor-widget elementor-widget-heading\" data-id=\"5f7f89d\" data-element_type=\"widget\" data-e-type=\"widget\" data-widget_type=\"heading.default\">\n\t\t\t\t<div class=\"elementor-widget-container\">\n\t\t\t\t\t<h2 class=\"elementor-heading-title elementor-size-default\">- Retourner les articles d\u00e9fectueux<\/h2>\t\t\t\t<\/div>\n\t\t\t\t<\/div>\n\t\t\t\t\t<\/div>\n\t\t<\/div>\n\t\t\t\t\t<\/div>\n\t\t<\/section>\n\t\t\t\t<div class=\"elementor-element elementor-element-7440e7a color-scheme-inherit text-left elementor-widget elementor-widget-text-editor\" data-id=\"7440e7a\" data-element_type=\"widget\" data-e-type=\"widget\" data-widget_type=\"text-editor.default\">\n\t\t\t\t<div class=\"elementor-widget-container\">\n\t\t\t\t\t\t\t\t\t<p><span data-preserver-spaces=\"true\">Nous faisons tout notre possible pour que les produits exp\u00e9di\u00e9s \u00e0 nos clients soient dans les meilleures conditions possibles.<br \/>\nMais si votre produit s&rsquo;av\u00e8re d\u00e9fectueux, veuillez nous fournir les preuves suivantes : <\/span><\/p>\n<ul>\n<li>\n<p><span data-preserver-spaces=\"true\">Photos du recto et du verso de l&#8217;emballage ou de la bo\u00eete ;<\/span><\/p>\n<\/li>\n<li>\n<p><span data-preserver-spaces=\"true\">  Les bordereaux d&rsquo;exp\u00e9dition partielle (le cas \u00e9ch\u00e9ant) ;<\/span><\/p>\n<\/li>\n<li>\n<p><span data-preserver-spaces=\"true\">Photo ou vid\u00e9o de l&rsquo;article d\u00e9fectueux ;<\/span><\/p>\n<\/li>\n<li>\n<p><span data-preserver-spaces=\"true\">Une description d\u00e9taill\u00e9e du probl\u00e8me ;<\/span><\/p>\n<\/li>\n<\/ul>\n<p>Une fois que nous avons d\u00e9termin\u00e9 que le produit est d\u00e9fectueux, vous pouvez le renvoyer dans les 30 jours suivant l&rsquo;achat pour qu&rsquo;il soit remplac\u00e9 ou rembours\u00e9 int\u00e9gralement, frais de port inclus.<\/p>\n\t\t\t\t\t\t\t\t<\/div>\n\t\t\t\t<\/div>\n\t\t\t\t\t<\/div>\n\t\t<\/div>\n\t\t\t\t\t<\/div>\n\t\t<\/section>\n\t\t\t\t<section class=\"wd-negative-gap elementor-section elementor-top-section elementor-element elementor-element-3ac8acf elementor-section-boxed elementor-section-height-default elementor-section-height-default\" data-id=\"3ac8acf\" data-element_type=\"section\" data-e-type=\"section\">\n\t\t\t\t\t\t<div class=\"elementor-container elementor-column-gap-default\">\n\t\t\t\t\t<div class=\"elementor-column elementor-col-100 elementor-top-column elementor-element elementor-element-d9f83bd\" data-id=\"d9f83bd\" data-element_type=\"column\" data-e-type=\"column\">\n\t\t\t<div class=\"elementor-widget-wrap elementor-element-populated\">\n\t\t\t\t\t\t<section class=\"wd-negative-gap elementor-section elementor-inner-section elementor-element elementor-element-1d7d27b elementor-section-boxed elementor-section-height-default elementor-section-height-default\" data-id=\"1d7d27b\" data-element_type=\"section\" data-e-type=\"section\">\n\t\t\t\t\t\t<div class=\"elementor-container elementor-column-gap-default\">\n\t\t\t\t\t<div class=\"elementor-column elementor-col-100 elementor-inner-column elementor-element elementor-element-17941f7\" data-id=\"17941f7\" data-element_type=\"column\" data-e-type=\"column\">\n\t\t\t<div class=\"elementor-widget-wrap elementor-element-populated\">\n\t\t\t\t\t\t<div class=\"elementor-element elementor-element-ccc18ae elementor-widget elementor-widget-heading\" data-id=\"ccc18ae\" data-element_type=\"widget\" data-e-type=\"widget\" data-widget_type=\"heading.default\">\n\t\t\t\t<div class=\"elementor-widget-container\">\n\t\t\t\t\t<h2 class=\"elementor-heading-title elementor-size-default\">- Processus de retour<\/h2>\t\t\t\t<\/div>\n\t\t\t\t<\/div>\n\t\t\t\t\t<\/div>\n\t\t<\/div>\n\t\t\t\t\t<\/div>\n\t\t<\/section>\n\t\t\t\t<div class=\"elementor-element elementor-element-fe0c004 color-scheme-inherit text-left elementor-widget elementor-widget-text-editor\" data-id=\"fe0c004\" data-element_type=\"widget\" data-e-type=\"widget\" data-widget_type=\"text-editor.default\">\n\t\t\t\t<div class=\"elementor-widget-container\">\n\t\t\t\t\t\t\t\t\t<ul>\n<li>Aller \u00e0 <strong><a href=\"https:\/\/peili.returnscenter.com\/\" target=\"_blank\" rel=\"noopener\">Centre de retour<\/a><\/strong>et entrez votre num\u00e9ro de commande et votre courriel.<\/li>\n<li>Choisissez les articles que vous souhaitez retourner et indiquez les raisons de votre retour.<\/li>\n<li>Choisissez votre m\u00e9thode de compensation.<\/li>\n<li>Une fois que nous avons approuv\u00e9 votre demande de retour, vous pouvez proc\u00e9der au retour.<br \/>\nNous vous fournirons l&rsquo;\u00e9tiquette de retour USPS <strong>(veuillez ne pas renvoyer le produit \u00e0 l&rsquo;adresse figurant sur votre colis. Ce n&rsquo;est pas notre adresse de retour et cela affectera le traitement de votre retour. Nous n&rsquo;acceptons pas les articles renvoy\u00e9s directement par vous sans nous avoir consult\u00e9s au pr\u00e9alable).<\/strong> <\/li>\n<li>Emballez soigneusement vos articles dans la bo\u00eete d&rsquo;exp\u00e9dition d&rsquo;origine si possible, et collez solidement l&rsquo;\u00e9tiquette de retour sur l&rsquo;ext\u00e9rieur de votre colis de retour.<\/li>\n<li>Postez le colis de retour \u00e0 l&rsquo;agence USPS la plus proche.<\/li>\n<li>N&rsquo;oubliez pas d&rsquo;indiquer votre num\u00e9ro de commande, le nom et l&rsquo;adresse de facturation, ainsi que la raison de votre retour sur une feuille de papier.<\/li>\n<\/ul>\n\t\t\t\t\t\t\t\t<\/div>\n\t\t\t\t<\/div>\n\t\t\t\t\t<\/div>\n\t\t<\/div>\n\t\t\t\t\t<\/div>\n\t\t<\/section>\n\t\t\t\t<section class=\"wd-negative-gap elementor-section elementor-top-section elementor-element elementor-element-3a1c4eb elementor-section-boxed elementor-section-height-default elementor-section-height-default\" data-id=\"3a1c4eb\" data-element_type=\"section\" data-e-type=\"section\">\n\t\t\t\t\t\t<div class=\"elementor-container elementor-column-gap-default\">\n\t\t\t\t\t<div class=\"elementor-column elementor-col-100 elementor-top-column elementor-element elementor-element-2a18caf\" data-id=\"2a18caf\" data-element_type=\"column\" data-e-type=\"column\">\n\t\t\t<div class=\"elementor-widget-wrap elementor-element-populated\">\n\t\t\t\t\t\t<section class=\"wd-negative-gap elementor-section elementor-inner-section elementor-element elementor-element-4a0dd36 elementor-section-boxed elementor-section-height-default elementor-section-height-default\" data-id=\"4a0dd36\" data-element_type=\"section\" data-e-type=\"section\">\n\t\t\t\t\t\t<div class=\"elementor-container elementor-column-gap-default\">\n\t\t\t\t\t<div class=\"elementor-column elementor-col-100 elementor-inner-column elementor-element elementor-element-9ab6f53\" data-id=\"9ab6f53\" data-element_type=\"column\" data-e-type=\"column\">\n\t\t\t<div class=\"elementor-widget-wrap elementor-element-populated\">\n\t\t\t\t\t\t<div class=\"elementor-element elementor-element-1359aef elementor-widget elementor-widget-heading\" data-id=\"1359aef\" data-element_type=\"widget\" data-e-type=\"widget\" data-widget_type=\"heading.default\">\n\t\t\t\t<div class=\"elementor-widget-container\">\n\t\t\t\t\t<h2 class=\"elementor-heading-title elementor-size-default\">- Co\u00fbt du retour<\/h2>\t\t\t\t<\/div>\n\t\t\t\t<\/div>\n\t\t\t\t\t<\/div>\n\t\t<\/div>\n\t\t\t\t\t<\/div>\n\t\t<\/section>\n\t\t\t\t<div class=\"elementor-element elementor-element-0fc0cc3 color-scheme-inherit text-left elementor-widget elementor-widget-text-editor\" data-id=\"0fc0cc3\" data-element_type=\"widget\" data-e-type=\"widget\" data-widget_type=\"text-editor.default\">\n\t\t\t\t<div class=\"elementor-widget-container\">\n\t\t\t\t\t\t\t\t\t<p>Vous pouvez renvoyer votre colis par un transporteur tra\u00e7able de votre choix, ou vous pouvez utiliser l&rsquo;\u00e9tiquette de retour que nous avons fournie, et les <b> frais d&rsquo;exp\u00e9dition de 7,99 $ <\/b> seront d\u00e9duits de votre remboursement.<\/p>\n\t\t\t\t\t\t\t\t<\/div>\n\t\t\t\t<\/div>\n\t\t\t\t\t<\/div>\n\t\t<\/div>\n\t\t\t\t\t<\/div>\n\t\t<\/section>\n\t\t\t\t<section class=\"wd-negative-gap elementor-section elementor-top-section elementor-element elementor-element-503b82d elementor-section-boxed elementor-section-height-default elementor-section-height-default\" data-id=\"503b82d\" data-element_type=\"section\" data-e-type=\"section\">\n\t\t\t\t\t\t<div class=\"elementor-container elementor-column-gap-default\">\n\t\t\t\t\t<div class=\"elementor-column elementor-col-100 elementor-top-column elementor-element elementor-element-207b9a3\" data-id=\"207b9a3\" data-element_type=\"column\" data-e-type=\"column\">\n\t\t\t<div class=\"elementor-widget-wrap elementor-element-populated\">\n\t\t\t\t\t\t<section class=\"wd-negative-gap elementor-section elementor-inner-section elementor-element elementor-element-642ca46 elementor-section-boxed elementor-section-height-default elementor-section-height-default\" data-id=\"642ca46\" data-element_type=\"section\" data-e-type=\"section\">\n\t\t\t\t\t\t<div class=\"elementor-container elementor-column-gap-default\">\n\t\t\t\t\t<div class=\"elementor-column elementor-col-100 elementor-inner-column elementor-element elementor-element-ea3f77a\" data-id=\"ea3f77a\" data-element_type=\"column\" data-e-type=\"column\">\n\t\t\t<div class=\"elementor-widget-wrap elementor-element-populated\">\n\t\t\t\t\t\t<div class=\"elementor-element elementor-element-394e3d5 elementor-widget elementor-widget-heading\" data-id=\"394e3d5\" data-element_type=\"widget\" data-e-type=\"widget\" data-widget_type=\"heading.default\">\n\t\t\t\t<div class=\"elementor-widget-container\">\n\t\t\t\t\t<h2 class=\"elementor-heading-title elementor-size-default\">- \u00c9change<\/h2>\t\t\t\t<\/div>\n\t\t\t\t<\/div>\n\t\t\t\t\t<\/div>\n\t\t<\/div>\n\t\t\t\t\t<\/div>\n\t\t<\/section>\n\t\t\t\t<div class=\"elementor-element elementor-element-e5fef04 color-scheme-inherit text-left elementor-widget elementor-widget-text-editor\" data-id=\"e5fef04\" data-element_type=\"widget\" data-e-type=\"widget\" data-widget_type=\"text-editor.default\">\n\t\t\t\t<div class=\"elementor-widget-container\">\n\t\t\t\t\t\t\t\t\t<p>Nous avons le plaisir de vous proposer des \u00e9changes gratuits pour certains articles. <a href=\"https:\/\/peili.returnscenter.com\/\" target=\"_blank\" rel=\"noopener\"><span style=\"text-decoration: underline;\">Cliquez ici<\/span><\/a> pour proc\u00e9der \u00e0 un \u00e9change pour les commandes pass\u00e9es aux \u00c9tats-Unis.<br \/>\nLes \u00e9changes sont soumis \u00e0 notre politique d&rsquo;\u00e9ligibilit\u00e9 des retours. <\/p>\n\t\t\t\t\t\t\t\t<\/div>\n\t\t\t\t<\/div>\n\t\t\t\t\t<\/div>\n\t\t<\/div>\n\t\t\t\t\t<\/div>\n\t\t<\/section>\n\t\t\t\t<section class=\"wd-negative-gap elementor-section elementor-top-section elementor-element elementor-element-f9d8bc4 elementor-section-boxed elementor-section-height-default elementor-section-height-default\" data-id=\"f9d8bc4\" data-element_type=\"section\" data-e-type=\"section\">\n\t\t\t\t\t\t<div class=\"elementor-container elementor-column-gap-default\">\n\t\t\t\t\t<div class=\"elementor-column elementor-col-100 elementor-top-column elementor-element elementor-element-fd03eb4\" data-id=\"fd03eb4\" data-element_type=\"column\" data-e-type=\"column\">\n\t\t\t<div class=\"elementor-widget-wrap elementor-element-populated\">\n\t\t\t\t\t\t<section class=\"wd-negative-gap elementor-section elementor-inner-section elementor-element elementor-element-e9f171a elementor-section-boxed elementor-section-height-default elementor-section-height-default\" data-id=\"e9f171a\" data-element_type=\"section\" data-e-type=\"section\">\n\t\t\t\t\t\t<div class=\"elementor-container elementor-column-gap-default\">\n\t\t\t\t\t<div class=\"elementor-column elementor-col-100 elementor-inner-column elementor-element elementor-element-4acfb6a\" data-id=\"4acfb6a\" data-element_type=\"column\" data-e-type=\"column\">\n\t\t\t<div class=\"elementor-widget-wrap elementor-element-populated\">\n\t\t\t\t\t\t<div class=\"elementor-element elementor-element-2d44f6a elementor-widget elementor-widget-heading\" data-id=\"2d44f6a\" data-element_type=\"widget\" data-e-type=\"widget\" data-widget_type=\"heading.default\">\n\t\t\t\t<div class=\"elementor-widget-container\">\n\t\t\t\t\t<h2 class=\"elementor-heading-title elementor-size-default\">- Remboursement<\/h2>\t\t\t\t<\/div>\n\t\t\t\t<\/div>\n\t\t\t\t\t<\/div>\n\t\t<\/div>\n\t\t\t\t\t<\/div>\n\t\t<\/section>\n\t\t\t\t<div class=\"elementor-element elementor-element-7936228 color-scheme-inherit text-left elementor-widget elementor-widget-text-editor\" data-id=\"7936228\" data-element_type=\"widget\" data-e-type=\"widget\" data-widget_type=\"text-editor.default\">\n\t\t\t\t<div class=\"elementor-widget-container\">\n\t\t\t\t\t\t\t\t\t<ul>\n<li>Le remboursement sera effectu\u00e9 dans les 3 jours ouvrables suivant la r\u00e9ception des colis retourn\u00e9s.<br \/>\nLe remboursement sera effectu\u00e9 sur votre compte de paiement d&rsquo;origine. <\/li>\n<li><span data-preserver-spaces=\"true\">Si le colis est vol\u00e9 ou perdu pendant le transport, vous pourrez b\u00e9n\u00e9ficier d&rsquo;un remplacement gratuit ou d&rsquo;un remboursement.<br \/>\nToutefois, en cas de vol ou de perte du colis, vous pourrez b\u00e9n\u00e9ficier d&rsquo;un remplacement gratuit ou d&rsquo;un remboursement. <\/span>Nous n&rsquo;assumons aucune responsabilit\u00e9 une fois que le transporteur a indiqu\u00e9 qu&rsquo;il s&rsquo;agissait d&rsquo;une livraison.<\/li>\n<li>Si votre colis n&rsquo;est pas livr\u00e9 apr\u00e8s 30 jours, vous pouvez nous contacter pour demander un remboursement complet ou un nouveau remplacement.<\/li>\n<li><strong>Note : Les frais d&rsquo;exp\u00e9dition et l&rsquo;assurance ne sont pas remboursables.<\/strong><\/li>\n<\/ul>\n\t\t\t\t\t\t\t\t<\/div>\n\t\t\t\t<\/div>\n\t\t\t\t\t<\/div>\n\t\t<\/div>\n\t\t\t\t\t<\/div>\n\t\t<\/section>\n\t\t\t\t<\/div>\n\t\t","protected":false},"excerpt":{"rendered":"<p>&#8211; Condition de retour Vous avez 14 jours \u00e0 la r\u00e9ception de votre\/vos article(s) afin de d\u00e9cider si les articles<\/p>\n","protected":false},"author":1,"featured_media":0,"parent":0,"menu_order":0,"comment_status":"closed","ping_status":"closed","template":"","meta":{"footnotes":""},"class_list":["post-205312","page","type-page","status-publish","hentry"],"_links":{"self":[{"href":"https:\/\/peilishop.com\/fr\/wp-json\/wp\/v2\/pages\/205312","targetHints":{"allow":["GET"]}}],"collection":[{"href":"https:\/\/peilishop.com\/fr\/wp-json\/wp\/v2\/pages"}],"about":[{"href":"https:\/\/peilishop.com\/fr\/wp-json\/wp\/v2\/types\/page"}],"author":[{"embeddable":true,"href":"https:\/\/peilishop.com\/fr\/wp-json\/wp\/v2\/users\/1"}],"replies":[{"embeddable":true,"href":"https:\/\/peilishop.com\/fr\/wp-json\/wp\/v2\/comments?post=205312"}],"version-history":[{"count":0,"href":"https:\/\/peilishop.com\/fr\/wp-json\/wp\/v2\/pages\/205312\/revisions"}],"wp:attachment":[{"href":"https:\/\/peilishop.com\/fr\/wp-json\/wp\/v2\/media?parent=205312"}],"curies":[{"name":"wp","href":"https:\/\/api.w.org\/{rel}","templated":true}]}}