{"id":205223,"date":"2020-12-23T03:14:08","date_gmt":"2020-12-23T08:14:08","guid":{"rendered":"https:\/\/peilishop.com\/conditions-dutilisation\/"},"modified":"2024-07-28T21:16:56","modified_gmt":"2024-07-29T01:16:56","slug":"conditions-dutilisation","status":"publish","type":"page","link":"https:\/\/peilishop.com\/fr\/conditions-dutilisation\/","title":{"rendered":"Conditions d&rsquo;utilisation"},"content":{"rendered":"<p>Les pr\u00e9sentes conditions r\u00e9gissent votre acc\u00e8s et votre utilisation de l&rsquo;ensemble du contenu, des produits et des services disponibles sur le site https:\/\/peilishop.com (le \u00ab\u00a0Service\u00a0\u00bb) exploit\u00e9 par Peili (\u00ab\u00a0nous\u00a0\u00bb, \u00ab\u00a0nous\u00a0\u00bb ou \u00ab\u00a0notre\u00a0\u00bb).<br \/>\nVotre acc\u00e8s \u00e0 nos services est soumis \u00e0 votre acceptation, sans modification, de tous les termes et conditions contenus dans le pr\u00e9sent document et de toutes les autres r\u00e8gles et politiques d&rsquo;exploitation publi\u00e9es et pouvant \u00eatre publi\u00e9es de temps \u00e0 autre par nous.<br \/>\nVeuillez lire attentivement l&rsquo;accord avant d&rsquo;acc\u00e9der \u00e0 nos services ou de les utiliser.<br \/>\nEn acc\u00e9dant \u00e0 nos services ou en les utilisant, vous acceptez d&rsquo;\u00eatre li\u00e9 par les pr\u00e9sentes conditions.<br \/>\nSi vous n&rsquo;acceptez pas une partie des conditions de l&rsquo;accord, vous ne pouvez pas acc\u00e9der \u00e0 nos services ou les utiliser.      <\/p>\n<h2>Propri\u00e9t\u00e9 intellectuelle<\/h2>\n<p>  L&rsquo;accord ne transf\u00e8re pas de Nous \u00e0 vous la propri\u00e9t\u00e9 intellectuelle de Nous ou de tiers, et tous les droits, titres et int\u00e9r\u00eats relatifs \u00e0 cette propri\u00e9t\u00e9 demeureront (entre les parties) uniquement chez Peili et ses conc\u00e9dants de licence.  <\/p>\n<h3>Services de tiers<\/h3>\n<p>  Dans le cadre de l&rsquo;utilisation des services, vous pouvez utiliser des services, des produits, des logiciels, des \u00e9l\u00e9ments int\u00e9gr\u00e9s ou des applications d\u00e9velopp\u00e9s par des tiers (\u00ab\u00a0services de tiers\u00a0\u00bb).<br \/>\nSi vous utilisez des services de tiers, vous comprenez que :   <\/p>\n<ul>\n<li>Toute utilisation d&rsquo;un service tiers se fait \u00e0 vos risques et p\u00e9rils, et nous ne pouvons \u00eatre tenus pour responsables des sites web ou services tiers.<\/li>\n<li>Vous reconnaissez et acceptez que nous ne pouvons \u00eatre tenus responsables de tout dommage ou perte caus\u00e9 ou suppos\u00e9 caus\u00e9 par ou en relation avec l&rsquo;utilisation de ce contenu, de ces biens ou de ces services disponibles sur ou par l&rsquo;interm\u00e9diaire de ces sites web ou services.<\/li>\n<\/ul>\n<h2>Comptes<\/h2>\n<p>  Lorsque l&rsquo;utilisation d&rsquo;une partie de nos services n\u00e9cessite l&rsquo;ouverture d&rsquo;un compte, vous acceptez de nous fournir des informations compl\u00e8tes et exactes lorsque vous vous inscrivez pour ouvrir un compte.<br \/>\nVous serez seul responsable de toute activit\u00e9 effectu\u00e9e sous votre compte.<br \/>\nVous \u00eates responsable de la mise \u00e0 jour des informations relatives \u00e0 votre compte et de la s\u00e9curit\u00e9 de votre mot de passe.<br \/>\nVous \u00eates responsable du maintien de la s\u00e9curit\u00e9 de votre compte que vous utilisez pour acc\u00e9der au service.<br \/>\nVous ne devez pas partager ou utiliser abusivement vos identifiants d&rsquo;acc\u00e8s.<br \/>\nVous devez nous informer imm\u00e9diatement de toute utilisation non autoris\u00e9e de votre compte ou de toute autre violation de la s\u00e9curit\u00e9.       <\/p>\n<h2>Cessation d&rsquo;activit\u00e9<\/h2>\n<p>  Nous pouvons r\u00e9silier ou suspendre votre acc\u00e8s \u00e0 tout ou partie de nos services \u00e0 tout moment, avec ou sans motif, avec ou sans pr\u00e9avis, avec effet imm\u00e9diat.<br \/>\nSi vous souhaitez r\u00e9silier l&rsquo;accord ou votre compte Peili, vous pouvez simplement cesser d&rsquo;utiliser nos services.<br \/>\nToutes les dispositions de l&rsquo;accord qui, de par leur nature, devraient survivre \u00e0 la r\u00e9siliation, survivront \u00e0 la r\u00e9siliation, y compris, mais sans s&rsquo;y limiter, les dispositions relatives \u00e0 la propri\u00e9t\u00e9, les exclusions de garantie, l&rsquo;indemnisation et les limitations de responsabilit\u00e9.    <\/p>\n<h2>Clause de non-responsabilit\u00e9<\/h2>\n<p>  Nos services sont fournis \u00ab\u00a0TELS QUELS\u00a0\u00bb et \u00ab\u00a0TELS QUE DISPONIBLES\u00a0\u00bb.<br \/>\nPeili et ses fournisseurs et conc\u00e9dants de licence d\u00e9clinent par la pr\u00e9sente toute garantie de quelque nature que ce soit, expresse ou implicite, y compris, sans limitation, les garanties de qualit\u00e9 marchande, d&rsquo;ad\u00e9quation \u00e0 un usage particulier et d&rsquo;absence de contrefa\u00e7on.<br \/>\nNi Peili, ni ses fournisseurs et conc\u00e9dants, ne garantissent que nos services seront exempts d&rsquo;erreurs ou que l&rsquo;acc\u00e8s \u00e0 ceux-ci sera continu ou ininterrompu.<br \/>\nVous comprenez que vous t\u00e9l\u00e9chargez ou obtenez autrement du contenu ou des services par le biais de nos services \u00e0 votre propre discr\u00e9tion et \u00e0 vos propres risques.     <\/p>\n<h3>Comp\u00e9tence et droit applicable<\/h3>\n<p>  Sauf dans la mesure o\u00f9 une loi applicable en dispose autrement, l&rsquo;accord et tout acc\u00e8s ou utilisation de nos services seront r\u00e9gis par les lois de Hong Kong.  <\/p>\n<h2>Changements<\/h2>\n<p>  Peili se r\u00e9serve le droit, \u00e0 sa seule discr\u00e9tion, de modifier ou de remplacer ces conditions \u00e0 tout moment.<br \/>\nSi nous apportons des changements importants, nous vous en informerons en les publiant sur notre site web ou en vous envoyant un courrier \u00e9lectronique ou toute autre communication avant que les changements n&rsquo;entrent en vigueur.<br \/>\nL&rsquo;avis indiquera un d\u00e9lai raisonnable apr\u00e8s lequel les nouvelles conditions prendront effet.<br \/>\nSi vous n&rsquo;\u00eates pas d&rsquo;accord avec nos modifications, vous devez cesser d&rsquo;utiliser nos services pendant la p\u00e9riode de pr\u00e9avis d\u00e9sign\u00e9e ou une fois que les modifications sont entr\u00e9es en vigueur.<br \/>\nVotre utilisation continue de nos services sera soumise aux nouvelles conditions.    <\/p>\n","protected":false},"excerpt":{"rendered":"<p>Les pr\u00e9sentes conditions r\u00e9gissent votre acc\u00e8s et votre utilisation de l&rsquo;ensemble du contenu, des produits et des services disponibles sur<\/p>\n","protected":false},"author":1,"featured_media":0,"parent":0,"menu_order":0,"comment_status":"closed","ping_status":"closed","template":"","meta":{"footnotes":""},"class_list":["post-205223","page","type-page","status-publish","hentry"],"_links":{"self":[{"href":"https:\/\/peilishop.com\/fr\/wp-json\/wp\/v2\/pages\/205223","targetHints":{"allow":["GET"]}}],"collection":[{"href":"https:\/\/peilishop.com\/fr\/wp-json\/wp\/v2\/pages"}],"about":[{"href":"https:\/\/peilishop.com\/fr\/wp-json\/wp\/v2\/types\/page"}],"author":[{"embeddable":true,"href":"https:\/\/peilishop.com\/fr\/wp-json\/wp\/v2\/users\/1"}],"replies":[{"embeddable":true,"href":"https:\/\/peilishop.com\/fr\/wp-json\/wp\/v2\/comments?post=205223"}],"version-history":[{"count":0,"href":"https:\/\/peilishop.com\/fr\/wp-json\/wp\/v2\/pages\/205223\/revisions"}],"wp:attachment":[{"href":"https:\/\/peilishop.com\/fr\/wp-json\/wp\/v2\/media?parent=205223"}],"curies":[{"name":"wp","href":"https:\/\/api.w.org\/{rel}","templated":true}]}}