{"id":205189,"date":"2021-08-12T08:09:11","date_gmt":"2021-08-12T12:09:11","guid":{"rendered":"https:\/\/peilishop.com\/lignes-directrices-pour-lexpedition\/"},"modified":"2024-07-31T15:45:11","modified_gmt":"2024-07-31T19:45:11","slug":"lignes-directrices-pour-lexpedition","status":"publish","type":"page","link":"https:\/\/peilishop.com\/fr\/lignes-directrices-pour-lexpedition\/","title":{"rendered":"Lignes directrices pour l&rsquo;exp\u00e9dition"},"content":{"rendered":"\t\t<div data-elementor-type=\"wp-page\" data-elementor-id=\"205189\" class=\"elementor elementor-205189 elementor-26479\" data-elementor-post-type=\"page\">\n\t\t\t\t\t\t<section class=\"elementor-section elementor-top-section elementor-element elementor-element-521cf7ab elementor-section-boxed elementor-section-height-default elementor-section-height-default\" data-id=\"521cf7ab\" data-element_type=\"section\" data-e-type=\"section\">\n\t\t\t\t\t\t<div class=\"elementor-container elementor-column-gap-default\">\n\t\t\t\t\t<div class=\"elementor-column elementor-col-100 elementor-top-column elementor-element elementor-element-5b7a87a6\" data-id=\"5b7a87a6\" data-element_type=\"column\" data-e-type=\"column\">\n\t\t\t<div class=\"elementor-widget-wrap elementor-element-populated\">\n\t\t\t\t\t\t<div class=\"elementor-element elementor-element-2086357c elementor-widget elementor-widget-heading\" data-id=\"2086357c\" data-element_type=\"widget\" data-e-type=\"widget\" data-widget_type=\"heading.default\">\n\t\t\t\t<div class=\"elementor-widget-container\">\n\t\t\t\t\t<h4 class=\"elementor-heading-title elementor-size-medium\">Cette page vous montre comment choisir un mode d'exp\u00e9dition pour votre commande, estimer les frais et le d\u00e9lai d'exp\u00e9dition, ainsi que d'autres informations concernant le processus d'exp\u00e9dition :  <\/h4>\t\t\t\t<\/div>\n\t\t\t\t<\/div>\n\t\t\t\t<div class=\"elementor-element elementor-element-64f0b86a elementor-widget elementor-widget-shortcode\" data-id=\"64f0b86a\" data-element_type=\"widget\" data-e-type=\"widget\" data-widget_type=\"shortcode.default\">\n\t\t\t\t<div class=\"elementor-widget-container\">\n\t\t\t\t\t\t\t<div class=\"elementor-shortcode\">[ninja_tables id=\"19522\"]<\/div>\n\t\t\t\t\t\t<\/div>\n\t\t\t\t<\/div>\n\t\t\t\t<div class=\"elementor-element elementor-element-145ec2e elementor-widget elementor-widget-heading\" data-id=\"145ec2e\" data-element_type=\"widget\" data-e-type=\"widget\" data-widget_type=\"heading.default\">\n\t\t\t\t<div class=\"elementor-widget-container\">\n\t\t\t\t\t<h2 class=\"elementor-heading-title elementor-size-default\">Note :<\/h2>\t\t\t\t<\/div>\n\t\t\t\t<\/div>\n\t\t\t\t<div class=\"elementor-element elementor-element-551f513e color-scheme-inherit text-left elementor-widget elementor-widget-text-editor\" data-id=\"551f513e\" data-element_type=\"widget\" data-e-type=\"widget\" data-widget_type=\"text-editor.default\">\n\t\t\t\t<div class=\"elementor-widget-container\">\n\t\t\t\t\t\t\t\t\t<div>\n<ul>\n<li>Exp\u00e9dition acc\u00e9l\u00e9r\u00e9e Les commandes seront exp\u00e9di\u00e9es apr\u00e8s le<strong> 3 mai<\/strong>, apr\u00e8s la f\u00eate du travail.<\/li>\n<li>Suivi gratuit des envois par e-mail et SMS pour tous les clients.<\/li>\n<li>Pour l&rsquo;exp\u00e9dition standard, tous les clients am\u00e9ricains b\u00e9n\u00e9ficieront de la livraison au dernier kilom\u00e8tre USPS Ground Advantage \/ Priority Mail (tous les articles sauf les chapeaux et les sacs de grande taille non emballables).<br \/>\nIl vous suffit de choisir l&rsquo;exp\u00e9dition standard au moment du paiement. <\/li>\n<li>L&rsquo;exp\u00e9dition acc\u00e9l\u00e9r\u00e9e (Fedex, DHL, UPS, sauf USPS Priority) n&rsquo;est pas disponible pour les bo\u00eetes postales et les adresses APO\/FPO.<\/li>\n<li><span data-preserver-spaces=\"true\">Avant que votre commande ne soit exp\u00e9di\u00e9e, nous devons d&rsquo;abord la traiter, ce qui prend en moyenne de 1 \u00e0 3 jours ouvrables.<br \/>\nLe d\u00e9lai de livraison total est la somme des d\u00e9lais suivants   <\/span><strong><span data-preserver-spaces=\"true\">le temps de traitement<\/span><\/strong><span data-preserver-spaces=\"true\"> et le <\/span><strong><span data-preserver-spaces=\"true\">d\u00e9lai d&rsquo;exp\u00e9dition<\/span><\/strong><span data-preserver-spaces=\"true\">.<\/span><\/li>\n<li>Le <span data-preserver-spaces=\"true\">d\u00e9lai d&rsquo;exp\u00e9dition peut \u00eatre plus long <\/span>en raison d&rsquo;adresses non valides.<br \/>\nSi vous \u00eates situ\u00e9 dans une r\u00e9gion \u00e9loign\u00e9e, le d\u00e9lai de livraison peut \u00e9galement \u00eatre plus long. <\/li>\n<li><span data-preserver-spaces=\"true\">Pendant la p\u00e9riode des f\u00eates, le d\u00e9lai de livraison de votre commande peut \u00eatre plus long que d&rsquo;habitude.  <\/span><\/li>\n<li><span data-preserver-spaces=\"true\">Si le colis est vol\u00e9 ou perdu pendant le transport, vous pourrez b\u00e9n\u00e9ficier d&rsquo;un remplacement gratuit ou d&rsquo;un remboursement.<br \/>\nToutefois, en cas de vol ou de perte du colis, vous pourrez b\u00e9n\u00e9ficier d&rsquo;un remplacement gratuit ou d&rsquo;un remboursement. <\/span>Nous n&rsquo;assumons aucune responsabilit\u00e9 une fois que le transporteur a indiqu\u00e9 qu&rsquo;il s&rsquo;agissait d&rsquo;une livraison.<\/li>\n<li>Si votre colis n&rsquo;est pas livr\u00e9 apr\u00e8s 30 jours, vous pouvez nous contacter pour demander un remboursement complet ou un nouveau remplacement.<\/li>\n<\/ul>\n<\/div>\n<div> <\/div>\n\t\t\t\t\t\t\t\t<\/div>\n\t\t\t\t<\/div>\n\t\t\t\t\t<\/div>\n\t\t<\/div>\n\t\t\t\t\t<\/div>\n\t\t<\/section>\n\t\t\t\t<\/div>\n\t\t","protected":false},"excerpt":{"rendered":"<p>\/*! elementor &#8211; v3.23.0 &#8211; 25-07-2024 *\/ .elementor-heading-title{padding:0;margin:0;line-height:1}.elementor-widget-heading .elementor-heading-title[class*=elementor-size-]&gt;a{color:inherit;font-size:inherit;line-height:inherit}.elementor-widget-heading .elementor-heading-title.elementor-size-small{font-size:15px}.elementor-widget-heading .elementor-heading-title.elementor-size-medium{font-size:19px}.elementor-widget-heading .elementor-heading-title.elementor-size-large{font-size:29px}.elementor-widget-heading .elementor-heading-title.elementor-size-xl{font-size:39px}.elementor-widget-heading .elementor-heading-title.elementor-size-xxl{font-size:59px} Cette page vous montre comment choisir<\/p>\n","protected":false},"author":1,"featured_media":0,"parent":0,"menu_order":0,"comment_status":"closed","ping_status":"closed","template":"","meta":{"footnotes":""},"class_list":["post-205189","page","type-page","status-publish","hentry"],"_links":{"self":[{"href":"https:\/\/peilishop.com\/fr\/wp-json\/wp\/v2\/pages\/205189","targetHints":{"allow":["GET"]}}],"collection":[{"href":"https:\/\/peilishop.com\/fr\/wp-json\/wp\/v2\/pages"}],"about":[{"href":"https:\/\/peilishop.com\/fr\/wp-json\/wp\/v2\/types\/page"}],"author":[{"embeddable":true,"href":"https:\/\/peilishop.com\/fr\/wp-json\/wp\/v2\/users\/1"}],"replies":[{"embeddable":true,"href":"https:\/\/peilishop.com\/fr\/wp-json\/wp\/v2\/comments?post=205189"}],"version-history":[{"count":0,"href":"https:\/\/peilishop.com\/fr\/wp-json\/wp\/v2\/pages\/205189\/revisions"}],"wp:attachment":[{"href":"https:\/\/peilishop.com\/fr\/wp-json\/wp\/v2\/media?parent=205189"}],"curies":[{"name":"wp","href":"https:\/\/api.w.org\/{rel}","templated":true}]}}