{"id":340478,"date":"2026-05-16T04:40:06","date_gmt":"2026-05-16T08:40:06","guid":{"rendered":"https:\/\/peilishop.com\/product\/ami-federleichter-kaschmir-halstuch-teal\/"},"modified":"2026-05-17T04:27:10","modified_gmt":"2026-05-17T08:27:10","slug":"ami-federleichter-kaschmir-halstuch-teal","status":"publish","type":"product","link":"https:\/\/peilishop.com\/de\/produkt\/ami-federleichter-kaschmir-halstuch-teal\/","title":{"rendered":"Ami Federleichter Kaschmir-Halstuch &#8211; Teal"},"content":{"rendered":"\t\t<div data-elementor-type=\"wp-post\" data-elementor-id=\"340478\" class=\"elementor elementor-340478 elementor-340022\" data-elementor-post-type=\"product\">\n\t\t\t\t\t\t<section class=\"wd-negative-gap elementor-section elementor-top-section elementor-element elementor-element-309ee49 elementor-section-boxed elementor-section-height-default elementor-section-height-default\" data-id=\"309ee49\" data-element_type=\"section\" data-e-type=\"section\">\n\t\t\t\t\t\t<div class=\"elementor-container elementor-column-gap-default\">\n\t\t\t\t\t<div class=\"elementor-column elementor-col-100 elementor-top-column elementor-element elementor-element-27c6e88\" data-id=\"27c6e88\" data-element_type=\"column\" data-e-type=\"column\">\n\t\t\t<div class=\"elementor-widget-wrap elementor-element-populated\">\n\t\t\t\t\t\t<div class=\"elementor-element elementor-element-ffd11f9 color-scheme-inherit text-left elementor-widget elementor-widget-text-editor\" data-id=\"ffd11f9\" data-element_type=\"widget\" data-e-type=\"widget\" data-widget_type=\"text-editor.default\">\n\t\t\t\t<div class=\"elementor-widget-container\">\n\t\t\t\t\t\t\t\t\t<p>Genie\u00dfen Sie die gem\u00fctliche Raffinesse der Saison mit dem Ami Schal. Die klaren Linien und die dezenten Farbkombinationen sorgen f\u00fcr einen ruhigen und raffinierten Look, w\u00e4hrend die zierliche Gr\u00f6\u00dfe ihn zum perfekten Accessoire macht, das Sie immer und \u00fcberall tragen k\u00f6nnen.   <\/p><ul><li><span data-preserver-spaces=\"true\">Material: <\/span><span data-preserver-spaces=\"true\">100% Mongolisches Kaschmir der G\u00fcteklasse A <\/span> <\/li><li><span data-preserver-spaces=\"true\">  Komfort: Ganzj\u00e4hriger Komfort, kein Juckreiz oder \u00dcberhitzung<\/span><\/li><li><span data-preserver-spaces=\"true\">Gr\u00f6\u00dfe: 147cm x 23cm \/ 58&#8243; x 9&#8243;<\/span><\/li><li>Taschengerechtes Design<\/li><li>Leichtgewicht: 17 Gramm<\/li><li><span data-preserver-spaces=\"true\"><span data-preserver-spaces=\"true\"><span data-preserver-spaces=\"true\"><span data-preserver-spaces=\"true\"><span data-preserver-spaces=\"true\">Mit Sorgfalt in der inneren Mongolei hergestellt<\/span><\/span><\/span><\/span><\/span><\/li><\/ul>\t\t\t\t\t\t\t\t<\/div>\n\t\t\t\t<\/div>\n\t\t\t\t\t<\/div>\n\t\t<\/div>\n\t\t\t\t\t<\/div>\n\t\t<\/section>\n\t\t\t\t<\/div>\n\t\t","protected":false},"excerpt":{"rendered":"<p>Genie\u00dfen Sie die gem\u00fctliche Raffinesse der Saison mit dem Ami Schal. Die klaren Linien und die dezenten Farbkombinationen sorgen f\u00fcr<\/p>\n","protected":false},"featured_media":339981,"comment_status":"open","ping_status":"closed","template":"","meta":[],"product_brand":[],"product_cat":[1127,1614,1799],"product_tag":[1768,1731],"class_list":{"0":"post-340478","1":"product","2":"type-product","3":"status-publish","4":"has-post-thumbnail","6":"product_cat-schals-tucher","7":"product_cat-federleichte-kaschmirschals","8":"product_cat-zierliche-kaschmirschals","9":"product_tag-farbverlauf","10":"product_tag-lightweight-scarves","11":"product_shipping_class-foldable","12":"pa_color-turkisblau","13":"pa_material-kaschmir","14":"pa_pattern-gradient","16":"first","17":"instock","18":"shipping-taxable","19":"purchasable","20":"product-type-simple"},"_links":{"self":[{"href":"https:\/\/peilishop.com\/de\/wp-json\/wp\/v2\/product\/340478","targetHints":{"allow":["GET"]}}],"collection":[{"href":"https:\/\/peilishop.com\/de\/wp-json\/wp\/v2\/product"}],"about":[{"href":"https:\/\/peilishop.com\/de\/wp-json\/wp\/v2\/types\/product"}],"replies":[{"embeddable":true,"href":"https:\/\/peilishop.com\/de\/wp-json\/wp\/v2\/comments?post=340478"}],"version-history":[{"count":1,"href":"https:\/\/peilishop.com\/de\/wp-json\/wp\/v2\/product\/340478\/revisions"}],"predecessor-version":[{"id":340480,"href":"https:\/\/peilishop.com\/de\/wp-json\/wp\/v2\/product\/340478\/revisions\/340480"}],"wp:featuredmedia":[{"embeddable":true,"href":"https:\/\/peilishop.com\/de\/wp-json\/wp\/v2\/media\/339981"}],"wp:attachment":[{"href":"https:\/\/peilishop.com\/de\/wp-json\/wp\/v2\/media?parent=340478"}],"wp:term":[{"taxonomy":"product_brand","embeddable":true,"href":"https:\/\/peilishop.com\/de\/wp-json\/wp\/v2\/product_brand?post=340478"},{"taxonomy":"product_cat","embeddable":true,"href":"https:\/\/peilishop.com\/de\/wp-json\/wp\/v2\/product_cat?post=340478"},{"taxonomy":"product_tag","embeddable":true,"href":"https:\/\/peilishop.com\/de\/wp-json\/wp\/v2\/product_tag?post=340478"}],"curies":[{"name":"wp","href":"https:\/\/api.w.org\/{rel}","templated":true}]}}