{"id":340440,"date":"2026-05-16T07:58:25","date_gmt":"2026-05-16T11:58:25","guid":{"rendered":"https:\/\/peilishop.com\/product\/lydia-federleichter-kaschmirschal-wrap-perlmutt-lila\/"},"modified":"2026-05-17T04:26:08","modified_gmt":"2026-05-17T08:26:08","slug":"lydia-federleichter-kaschmirschal-wrap-perlmutt-lila","status":"publish","type":"product","link":"https:\/\/peilishop.com\/de\/produkt\/lydia-federleichter-kaschmirschal-wrap-perlmutt-lila\/","title":{"rendered":"Lydia Federleichter Kaschmirschal Wrap &#8211; Perlmutt-Lila"},"content":{"rendered":"\t\t<div data-elementor-type=\"wp-post\" data-elementor-id=\"340440\" class=\"elementor elementor-340440 elementor-340229\" data-elementor-post-type=\"product\">\n\t\t\t\t\t\t<section class=\"wd-negative-gap elementor-section elementor-top-section elementor-element elementor-element-309ee49 elementor-section-boxed elementor-section-height-default elementor-section-height-default\" data-id=\"309ee49\" data-element_type=\"section\" data-e-type=\"section\">\n\t\t\t\t\t\t<div class=\"elementor-container elementor-column-gap-default\">\n\t\t\t\t\t<div class=\"elementor-column elementor-col-100 elementor-top-column elementor-element elementor-element-27c6e88\" data-id=\"27c6e88\" data-element_type=\"column\" data-e-type=\"column\">\n\t\t\t<div class=\"elementor-widget-wrap elementor-element-populated\">\n\t\t\t\t\t\t<div class=\"elementor-element elementor-element-ffd11f9 color-scheme-inherit text-left elementor-widget elementor-widget-text-editor\" data-id=\"ffd11f9\" data-element_type=\"widget\" data-e-type=\"widget\" data-widget_type=\"text-editor.default\">\n\t\t\t\t<div class=\"elementor-widget-container\">\n\t\t\t\t\t\t\t\t\t<p>Erh\u00f6hen Sie Ihren Stil mit dem Lydia Schal &#8211; einer perfekten Mischung aus Eleganz und Komfort. Er ist aus feinstem Kaschmir gefertigt und f\u00e4llt wie eine Wolke &#8211; m\u00fchelos leicht und dennoch luxuri\u00f6s warm. Das zeitlose Design mit Farbverlauf verleiht jedem Outfit einen Hauch von Eleganz.  <\/p><ul><li><span data-preserver-spaces=\"true\">Material: <\/span><span data-preserver-spaces=\"true\">100% Mongolisches Kaschmir der G\u00fcteklasse A <\/span> <\/li><li><span data-preserver-spaces=\"true\">  Komfort: Ganzj\u00e4hriger Komfort, kein Juckreiz oder \u00dcberhitzung<\/span><\/li><li><span data-preserver-spaces=\"true\">Gr\u00f6\u00dfe: 200cm x 60cm \/ 79&#8243; x 23.6&#8243;<\/span><\/li><li>Leichtgewicht: 65 Gramm<\/li><li><span data-preserver-spaces=\"true\"><span data-preserver-spaces=\"true\"><span data-preserver-spaces=\"true\"><span data-preserver-spaces=\"true\"><span data-preserver-spaces=\"true\">Mit Sorgfalt in der inneren Mongolei hergestellt<\/span><\/span><\/span><\/span><\/span><\/li><\/ul>\t\t\t\t\t\t\t\t<\/div>\n\t\t\t\t<\/div>\n\t\t\t\t\t<\/div>\n\t\t<\/div>\n\t\t\t\t\t<\/div>\n\t\t<\/section>\n\t\t\t\t<\/div>\n\t\t","protected":false},"excerpt":{"rendered":"<p>Erh\u00f6hen Sie Ihren Stil mit dem Lydia Schal &#8211; einer perfekten Mischung aus Eleganz und Komfort. Er ist aus feinstem<\/p>\n","protected":false},"featured_media":339712,"comment_status":"open","ping_status":"closed","template":"","meta":[],"product_brand":[],"product_cat":[1127,1614],"product_tag":[1768,1731],"class_list":{"0":"post-340440","1":"product","2":"type-product","3":"status-publish","4":"has-post-thumbnail","6":"product_cat-schals-tucher","7":"product_cat-federleichte-kaschmirschals","8":"product_tag-farbverlauf","9":"product_tag-lightweight-scarves","10":"product_shipping_class-foldable","11":"pa_color-perlweis-lila","12":"pa_material-kaschmir","13":"pa_pattern-gradient","15":"first","16":"instock","17":"shipping-taxable","18":"purchasable","19":"product-type-simple"},"_links":{"self":[{"href":"https:\/\/peilishop.com\/de\/wp-json\/wp\/v2\/product\/340440","targetHints":{"allow":["GET"]}}],"collection":[{"href":"https:\/\/peilishop.com\/de\/wp-json\/wp\/v2\/product"}],"about":[{"href":"https:\/\/peilishop.com\/de\/wp-json\/wp\/v2\/types\/product"}],"replies":[{"embeddable":true,"href":"https:\/\/peilishop.com\/de\/wp-json\/wp\/v2\/comments?post=340440"}],"version-history":[{"count":0,"href":"https:\/\/peilishop.com\/de\/wp-json\/wp\/v2\/product\/340440\/revisions"}],"wp:featuredmedia":[{"embeddable":true,"href":"https:\/\/peilishop.com\/de\/wp-json\/wp\/v2\/media\/339712"}],"wp:attachment":[{"href":"https:\/\/peilishop.com\/de\/wp-json\/wp\/v2\/media?parent=340440"}],"wp:term":[{"taxonomy":"product_brand","embeddable":true,"href":"https:\/\/peilishop.com\/de\/wp-json\/wp\/v2\/product_brand?post=340440"},{"taxonomy":"product_cat","embeddable":true,"href":"https:\/\/peilishop.com\/de\/wp-json\/wp\/v2\/product_cat?post=340440"},{"taxonomy":"product_tag","embeddable":true,"href":"https:\/\/peilishop.com\/de\/wp-json\/wp\/v2\/product_tag?post=340440"}],"curies":[{"name":"wp","href":"https:\/\/api.w.org\/{rel}","templated":true}]}}