{"id":339256,"date":"2026-03-28T02:24:08","date_gmt":"2026-03-28T06:24:08","guid":{"rendered":"https:\/\/peilishop.com\/product\/clady-raffia-crossbody-tasche\/"},"modified":"2026-05-08T09:49:07","modified_gmt":"2026-05-08T13:49:07","slug":"clady-raffia-crossbody-tasche","status":"publish","type":"product","link":"https:\/\/peilishop.com\/de\/produkt\/clady-raffia-crossbody-tasche\/","title":{"rendered":"Clady Raffia Crossbody Tasche"},"content":{"rendered":"\t\t<div data-elementor-type=\"wp-post\" data-elementor-id=\"339256\" class=\"elementor elementor-339256 elementor-338212\" data-elementor-post-type=\"product\">\n\t\t\t\t\t\t<section class=\"wd-negative-gap elementor-section elementor-top-section elementor-element elementor-element-309ee49 elementor-section-boxed elementor-section-height-default elementor-section-height-default\" data-id=\"309ee49\" data-element_type=\"section\" data-e-type=\"section\">\n\t\t\t\t\t\t<div class=\"elementor-container elementor-column-gap-default\">\n\t\t\t\t\t<div class=\"elementor-column elementor-col-100 elementor-top-column elementor-element elementor-element-27c6e88\" data-id=\"27c6e88\" data-element_type=\"column\" data-e-type=\"column\">\n\t\t\t<div class=\"elementor-widget-wrap elementor-element-populated\">\n\t\t\t\t\t\t<div class=\"elementor-element elementor-element-ffd11f9 color-scheme-inherit text-left elementor-widget elementor-widget-text-editor\" data-id=\"ffd11f9\" data-element_type=\"widget\" data-e-type=\"widget\" data-widget_type=\"text-editor.default\">\n\t\t\t\t<div class=\"elementor-widget-container\">\n\t\t\t\t\t\t\t\t\t<p>Bringen Sie einen Hauch von Sommerstil mit, wohin Sie auch gehen. Diese Crossbody-Tasche aus Raffiabast kombiniert ein sattes Olivgr\u00fcn mit einem <span data-preserver-spaces=\"true\">geometrischen<\/span> Muster in sonnengebr\u00e4untem Orange und sorgt so f\u00fcr einen m\u00fchelos eleganten Look, w\u00e4hrend<span data-preserver-spaces=\"true\">der geflochtene Riemen f\u00fcr ein handwerkliches Finish sorgt.<\/span> <\/p><ul><li><span data-preserver-spaces=\"true\">Material: Madagaskar-Raffia<\/span><\/li><li><span data-preserver-spaces=\"true\">Details innen: ungef\u00fcttert<\/span><\/li><\/ul>\t\t\t\t\t\t\t\t<\/div>\n\t\t\t\t<\/div>\n\t\t\t\t\t<\/div>\n\t\t<\/div>\n\t\t\t\t\t<\/div>\n\t\t<\/section>\n\t\t\t\t<\/div>\n\t\t","protected":false},"excerpt":{"rendered":"<p>Bringen Sie einen Hauch von Sommerstil mit, wohin Sie auch gehen. Diese Crossbody-Tasche aus Raffiabast kombiniert ein sattes Olivgr\u00fcn mit<\/p>\n","protected":false},"featured_media":338242,"comment_status":"open","ping_status":"closed","template":"","meta":[],"product_brand":[],"product_cat":[1788,1689],"product_tag":[1452,1667],"class_list":{"0":"post-339256","1":"product","2":"type-product","3":"status-publish","4":"has-post-thumbnail","6":"product_cat-raffia-taschen","7":"product_cat-taschen","8":"product_tag-abstrakt","9":"product_tag-raffia-de","10":"pa_color-olivgrun","11":"pa_material-raffia-de","12":"pa_pattern-checked","14":"first","15":"instock","16":"shipping-taxable","17":"purchasable","18":"product-type-simple"},"_links":{"self":[{"href":"https:\/\/peilishop.com\/de\/wp-json\/wp\/v2\/product\/339256","targetHints":{"allow":["GET"]}}],"collection":[{"href":"https:\/\/peilishop.com\/de\/wp-json\/wp\/v2\/product"}],"about":[{"href":"https:\/\/peilishop.com\/de\/wp-json\/wp\/v2\/types\/product"}],"replies":[{"embeddable":true,"href":"https:\/\/peilishop.com\/de\/wp-json\/wp\/v2\/comments?post=339256"}],"version-history":[{"count":0,"href":"https:\/\/peilishop.com\/de\/wp-json\/wp\/v2\/product\/339256\/revisions"}],"wp:featuredmedia":[{"embeddable":true,"href":"https:\/\/peilishop.com\/de\/wp-json\/wp\/v2\/media\/338242"}],"wp:attachment":[{"href":"https:\/\/peilishop.com\/de\/wp-json\/wp\/v2\/media?parent=339256"}],"wp:term":[{"taxonomy":"product_brand","embeddable":true,"href":"https:\/\/peilishop.com\/de\/wp-json\/wp\/v2\/product_brand?post=339256"},{"taxonomy":"product_cat","embeddable":true,"href":"https:\/\/peilishop.com\/de\/wp-json\/wp\/v2\/product_cat?post=339256"},{"taxonomy":"product_tag","embeddable":true,"href":"https:\/\/peilishop.com\/de\/wp-json\/wp\/v2\/product_tag?post=339256"}],"curies":[{"name":"wp","href":"https:\/\/api.w.org\/{rel}","templated":true}]}}