{"id":339219,"date":"2026-03-26T12:58:34","date_gmt":"2026-03-26T16:58:34","guid":{"rendered":"https:\/\/peilishop.com\/product\/cilla-raffia-tote-beige\/"},"modified":"2026-05-08T09:48:03","modified_gmt":"2026-05-08T13:48:03","slug":"cilla-raffia-tote-beige","status":"publish","type":"product","link":"https:\/\/peilishop.com\/de\/produkt\/cilla-raffia-tote-beige\/","title":{"rendered":"Cilla Raffia Tote &#8211; Beige"},"content":{"rendered":"\t\t<div data-elementor-type=\"wp-post\" data-elementor-id=\"339219\" class=\"elementor elementor-339219 elementor-13685\" data-elementor-post-type=\"product\">\n\t\t\t\t\t\t<section class=\"wd-negative-gap elementor-section elementor-top-section elementor-element elementor-element-309ee49 elementor-section-boxed elementor-section-height-default elementor-section-height-default\" data-id=\"309ee49\" data-element_type=\"section\" data-e-type=\"section\">\n\t\t\t\t\t\t<div class=\"elementor-container elementor-column-gap-default\">\n\t\t\t\t\t<div class=\"elementor-column elementor-col-100 elementor-top-column elementor-element elementor-element-27c6e88\" data-id=\"27c6e88\" data-element_type=\"column\" data-e-type=\"column\">\n\t\t\t<div class=\"elementor-widget-wrap elementor-element-populated\">\n\t\t\t\t\t\t<div class=\"elementor-element elementor-element-ffd11f9 color-scheme-inherit text-left elementor-widget elementor-widget-text-editor\" data-id=\"ffd11f9\" data-element_type=\"widget\" data-e-type=\"widget\" data-widget_type=\"text-editor.default\">\n\t\t\t\t<div class=\"elementor-widget-container\">\n\t\t\t\t\t\t\t\t\t<p style=\"text-align: left;\"><span data-preserver-spaces=\"true\">Lassen Sie sich von der Cilla Basttasche mit einem Hauch von Meer verzaubern. Mit ihren k\u00fchnen, farbenfrohen Streifen in einem geometrischen Muster ist diese Tasche sofort strandtauglich. Das ger\u00e4umige Innere und das Design mit offenem Deckel sind ideal, um alles zu transportieren, vom t\u00e4glichen Bedarf bis hin zu Strandt\u00fcchern, w\u00e4hrend die robusten Griffe f\u00fcr eine lange Lebensdauer sorgen.  <\/span><\/p><ul><li style=\"text-align: left;\"><span data-preserver-spaces=\"true\">Material: Madagaskar-Raffia<\/span><\/li><li style=\"text-align: left;\"><span data-preserver-spaces=\"true\">Details innen: ungef\u00fcttert<\/span><\/li><\/ul>\t\t\t\t\t\t\t\t<\/div>\n\t\t\t\t<\/div>\n\t\t\t\t\t<\/div>\n\t\t<\/div>\n\t\t\t\t\t<\/div>\n\t\t<\/section>\n\t\t\t\t<\/div>\n\t\t","protected":false},"excerpt":{"rendered":"<p>Lassen Sie sich von der Cilla Basttasche mit einem Hauch von Meer verzaubern. Mit ihren k\u00fchnen, farbenfrohen Streifen in einem<\/p>\n","protected":false},"featured_media":338089,"comment_status":"open","ping_status":"closed","template":"","meta":[],"product_brand":[],"product_cat":[1788,1689,1786],"product_tag":[1232,1667],"class_list":{"0":"post-339219","1":"product","2":"type-product","3":"status-publish","4":"has-post-thumbnail","6":"product_cat-raffia-taschen","7":"product_cat-taschen","8":"product_cat-tragetaschen","9":"product_tag-einfach","10":"product_tag-raffia-de","11":"pa_color-beige-de","12":"pa_material-raffia-de","13":"pa_pattern-colorblock","15":"first","16":"instock","17":"shipping-taxable","18":"purchasable","19":"product-type-simple"},"_links":{"self":[{"href":"https:\/\/peilishop.com\/de\/wp-json\/wp\/v2\/product\/339219","targetHints":{"allow":["GET"]}}],"collection":[{"href":"https:\/\/peilishop.com\/de\/wp-json\/wp\/v2\/product"}],"about":[{"href":"https:\/\/peilishop.com\/de\/wp-json\/wp\/v2\/types\/product"}],"replies":[{"embeddable":true,"href":"https:\/\/peilishop.com\/de\/wp-json\/wp\/v2\/comments?post=339219"}],"version-history":[{"count":0,"href":"https:\/\/peilishop.com\/de\/wp-json\/wp\/v2\/product\/339219\/revisions"}],"wp:featuredmedia":[{"embeddable":true,"href":"https:\/\/peilishop.com\/de\/wp-json\/wp\/v2\/media\/338089"}],"wp:attachment":[{"href":"https:\/\/peilishop.com\/de\/wp-json\/wp\/v2\/media?parent=339219"}],"wp:term":[{"taxonomy":"product_brand","embeddable":true,"href":"https:\/\/peilishop.com\/de\/wp-json\/wp\/v2\/product_brand?post=339219"},{"taxonomy":"product_cat","embeddable":true,"href":"https:\/\/peilishop.com\/de\/wp-json\/wp\/v2\/product_cat?post=339219"},{"taxonomy":"product_tag","embeddable":true,"href":"https:\/\/peilishop.com\/de\/wp-json\/wp\/v2\/product_tag?post=339219"}],"curies":[{"name":"wp","href":"https:\/\/api.w.org\/{rel}","templated":true}]}}