{"id":339212,"date":"2026-03-24T08:52:16","date_gmt":"2026-03-24T12:52:16","guid":{"rendered":"https:\/\/peilishop.com\/product\/kara-raffia-umhaengetasche\/"},"modified":"2026-05-08T09:48:03","modified_gmt":"2026-05-08T13:48:03","slug":"kara-raffia-umhaengetasche","status":"publish","type":"product","link":"https:\/\/peilishop.com\/de\/produkt\/kara-raffia-umhaengetasche\/","title":{"rendered":"Kara Raffia Umh\u00e4ngetasche"},"content":{"rendered":"\t\t<div data-elementor-type=\"wp-post\" data-elementor-id=\"339212\" class=\"elementor elementor-339212 elementor-13323\" data-elementor-post-type=\"product\">\n\t\t\t\t\t\t<section class=\"wd-negative-gap elementor-section elementor-top-section elementor-element elementor-element-309ee49 elementor-section-boxed elementor-section-height-default elementor-section-height-default\" data-id=\"309ee49\" data-element_type=\"section\" data-e-type=\"section\">\n\t\t\t\t\t\t<div class=\"elementor-container elementor-column-gap-default\">\n\t\t\t\t\t<div class=\"elementor-column elementor-col-100 elementor-top-column elementor-element elementor-element-27c6e88\" data-id=\"27c6e88\" data-element_type=\"column\" data-e-type=\"column\">\n\t\t\t<div class=\"elementor-widget-wrap elementor-element-populated\">\n\t\t\t\t\t\t<div class=\"elementor-element elementor-element-ffd11f9 color-scheme-inherit text-left elementor-widget elementor-widget-text-editor\" data-id=\"ffd11f9\" data-element_type=\"widget\" data-e-type=\"widget\" data-widget_type=\"text-editor.default\">\n\t\t\t\t<div class=\"elementor-widget-container\">\n\t\t\t\t\t\t\t\t\t<p><span data-preserver-spaces=\"true\">Diese handgeflochtene Tasche aus madagassischem Raffiabast hat einen lockeren Stil und eine gro\u00dfe Silhouette. Das ungef\u00fctterte Innere der oben offenen Tasche bietet reichlich Platz f\u00fcr all Ihre Habseligkeiten und ein Steckfach f\u00fcr kleinere Wertgegenst\u00e4nde. An den langen, glatten Griffen k\u00f6nnen Sie die Tasche \u00fcber der Schulter oder in der Hand tragen.  <\/span><\/p><ul><li><span data-preserver-spaces=\"true\">Material: Madagaskar-Raffia<\/span><\/li><li><span data-preserver-spaces=\"true\">Details innen: ungef\u00fcttert<\/span><\/li><li><span data-preserver-spaces=\"true\">Interne Schlupftasche  <\/span><\/li><\/ul>\t\t\t\t\t\t\t\t<\/div>\n\t\t\t\t<\/div>\n\t\t\t\t\t<\/div>\n\t\t<\/div>\n\t\t\t\t\t<\/div>\n\t\t<\/section>\n\t\t\t\t<\/div>\n\t\t","protected":false},"excerpt":{"rendered":"<p>Diese handgeflochtene Tasche aus madagassischem Raffiabast hat einen lockeren Stil und eine gro\u00dfe Silhouette. Das ungef\u00fctterte Innere der oben offenen<\/p>\n","protected":false},"featured_media":337938,"comment_status":"open","ping_status":"closed","template":"","meta":[],"product_brand":[],"product_cat":[1788,1793,1689],"product_tag":[1452,1667],"class_list":{"0":"post-339212","1":"product","2":"type-product","3":"status-publish","4":"has-post-thumbnail","6":"product_cat-raffia-taschen","7":"product_cat-strohsacke","8":"product_cat-taschen","9":"product_tag-abstrakt","10":"product_tag-raffia-de","11":"pa_color-beige-de","12":"pa_color-dunkelgrau","13":"pa_color-rot","14":"pa_material-raffia-de","15":"pa_pattern-plain","17":"first","18":"instock","19":"shipping-taxable","20":"purchasable","21":"product-type-variable"},"_links":{"self":[{"href":"https:\/\/peilishop.com\/de\/wp-json\/wp\/v2\/product\/339212","targetHints":{"allow":["GET"]}}],"collection":[{"href":"https:\/\/peilishop.com\/de\/wp-json\/wp\/v2\/product"}],"about":[{"href":"https:\/\/peilishop.com\/de\/wp-json\/wp\/v2\/types\/product"}],"replies":[{"embeddable":true,"href":"https:\/\/peilishop.com\/de\/wp-json\/wp\/v2\/comments?post=339212"}],"version-history":[{"count":0,"href":"https:\/\/peilishop.com\/de\/wp-json\/wp\/v2\/product\/339212\/revisions"}],"wp:featuredmedia":[{"embeddable":true,"href":"https:\/\/peilishop.com\/de\/wp-json\/wp\/v2\/media\/337938"}],"wp:attachment":[{"href":"https:\/\/peilishop.com\/de\/wp-json\/wp\/v2\/media?parent=339212"}],"wp:term":[{"taxonomy":"product_brand","embeddable":true,"href":"https:\/\/peilishop.com\/de\/wp-json\/wp\/v2\/product_brand?post=339212"},{"taxonomy":"product_cat","embeddable":true,"href":"https:\/\/peilishop.com\/de\/wp-json\/wp\/v2\/product_cat?post=339212"},{"taxonomy":"product_tag","embeddable":true,"href":"https:\/\/peilishop.com\/de\/wp-json\/wp\/v2\/product_tag?post=339212"}],"curies":[{"name":"wp","href":"https:\/\/api.w.org\/{rel}","templated":true}]}}