{"id":339208,"date":"2026-03-23T10:24:47","date_gmt":"2026-03-23T14:24:47","guid":{"rendered":"https:\/\/peilishop.com\/product\/beth-raffia-tote\/"},"modified":"2026-05-08T09:48:02","modified_gmt":"2026-05-08T13:48:02","slug":"beth-raffia-tote","status":"publish","type":"product","link":"https:\/\/peilishop.com\/de\/produkt\/beth-raffia-tote\/","title":{"rendered":"Beth Raffia Tote"},"content":{"rendered":"\t\t<div data-elementor-type=\"wp-post\" data-elementor-id=\"339208\" class=\"elementor elementor-339208 elementor-13617\" data-elementor-post-type=\"product\">\n\t\t\t\t\t\t<section class=\"wd-negative-gap elementor-section elementor-top-section elementor-element elementor-element-309ee49 elementor-section-boxed elementor-section-height-default elementor-section-height-default\" data-id=\"309ee49\" data-element_type=\"section\" data-e-type=\"section\">\n\t\t\t\t\t\t<div class=\"elementor-container elementor-column-gap-default\">\n\t\t\t\t\t<div class=\"elementor-column elementor-col-100 elementor-top-column elementor-element elementor-element-27c6e88\" data-id=\"27c6e88\" data-element_type=\"column\" data-e-type=\"column\">\n\t\t\t<div class=\"elementor-widget-wrap elementor-element-populated\">\n\t\t\t\t\t\t<div class=\"elementor-element elementor-element-ffd11f9 color-scheme-inherit text-left elementor-widget elementor-widget-text-editor\" data-id=\"ffd11f9\" data-element_type=\"widget\" data-e-type=\"widget\" data-widget_type=\"text-editor.default\">\n\t\t\t\t<div class=\"elementor-widget-container\">\n\t\t\t\t\t\t\t\t\t<p style=\"text-align: left;\"><span data-preserver-spaces=\"true\">Die aus hochwertigem Raffiabast gefertigte Beth Tote ist ein Meisterwerk handwerklicher Kunstfertigkeit. Die Au\u00dfenseite ist mit einem komplizierten Blumenmuster verziert, das ihr einen Hauch von romantischem Charme verleiht. Das ger\u00e4umige Innere ist perfekt f\u00fcr all Ihre t\u00e4glichen Utensilien, von der Wasserflasche bis zum Laptop, und damit ebenso funktional wie stilvoll. <\/span><\/p><ul><li style=\"text-align: left;\"><span data-preserver-spaces=\"true\">Material: Madagaskar-Raffia<\/span><\/li><li style=\"text-align: left;\"><span data-preserver-spaces=\"true\">Details innen: ungef\u00fcttert<\/span><\/li><\/ul>\t\t\t\t\t\t\t\t<\/div>\n\t\t\t\t<\/div>\n\t\t\t\t\t<\/div>\n\t\t<\/div>\n\t\t\t\t\t<\/div>\n\t\t<\/section>\n\t\t\t\t<\/div>\n\t\t","protected":false},"excerpt":{"rendered":"<p>Die aus hochwertigem Raffiabast gefertigte Beth Tote ist ein Meisterwerk handwerklicher Kunstfertigkeit. Die Au\u00dfenseite ist mit einem komplizierten Blumenmuster verziert,<\/p>\n","protected":false},"featured_media":338077,"comment_status":"open","ping_status":"closed","template":"","meta":[],"product_brand":[],"product_cat":[1788,1689,1786],"product_tag":[1667],"class_list":{"0":"post-339208","1":"product","2":"type-product","3":"status-publish","4":"has-post-thumbnail","6":"product_cat-raffia-taschen","7":"product_cat-taschen","8":"product_cat-tragetaschen","9":"product_tag-raffia-de","10":"product_shipping_class-korbtasche-groser-hut","11":"pa_color-beige-de","12":"pa_color-rot","13":"pa_material-raffia-de","14":"pa_pattern-floral","16":"first","17":"instock","18":"shipping-taxable","19":"purchasable","20":"product-type-variable","21":"has-default-attributes"},"_links":{"self":[{"href":"https:\/\/peilishop.com\/de\/wp-json\/wp\/v2\/product\/339208","targetHints":{"allow":["GET"]}}],"collection":[{"href":"https:\/\/peilishop.com\/de\/wp-json\/wp\/v2\/product"}],"about":[{"href":"https:\/\/peilishop.com\/de\/wp-json\/wp\/v2\/types\/product"}],"replies":[{"embeddable":true,"href":"https:\/\/peilishop.com\/de\/wp-json\/wp\/v2\/comments?post=339208"}],"version-history":[{"count":0,"href":"https:\/\/peilishop.com\/de\/wp-json\/wp\/v2\/product\/339208\/revisions"}],"wp:featuredmedia":[{"embeddable":true,"href":"https:\/\/peilishop.com\/de\/wp-json\/wp\/v2\/media\/338077"}],"wp:attachment":[{"href":"https:\/\/peilishop.com\/de\/wp-json\/wp\/v2\/media?parent=339208"}],"wp:term":[{"taxonomy":"product_brand","embeddable":true,"href":"https:\/\/peilishop.com\/de\/wp-json\/wp\/v2\/product_brand?post=339208"},{"taxonomy":"product_cat","embeddable":true,"href":"https:\/\/peilishop.com\/de\/wp-json\/wp\/v2\/product_cat?post=339208"},{"taxonomy":"product_tag","embeddable":true,"href":"https:\/\/peilishop.com\/de\/wp-json\/wp\/v2\/product_tag?post=339208"}],"curies":[{"name":"wp","href":"https:\/\/api.w.org\/{rel}","templated":true}]}}