{"id":339202,"date":"2026-03-28T03:00:56","date_gmt":"2026-03-28T07:00:56","guid":{"rendered":"https:\/\/peilishop.com\/product\/jina-raffia-tote\/"},"modified":"2026-05-08T09:47:36","modified_gmt":"2026-05-08T13:47:36","slug":"jina-raffia-tote","status":"publish","type":"product","link":"https:\/\/peilishop.com\/de\/produkt\/jina-raffia-tote\/","title":{"rendered":"Jina Raffia Tote"},"content":{"rendered":"\t\t<div data-elementor-type=\"wp-post\" data-elementor-id=\"339202\" class=\"elementor elementor-339202 elementor-338247\" data-elementor-post-type=\"product\">\n\t\t\t\t\t\t<section class=\"wd-negative-gap elementor-section elementor-top-section elementor-element elementor-element-309ee49 elementor-section-boxed elementor-section-height-default elementor-section-height-default\" data-id=\"309ee49\" data-element_type=\"section\" data-e-type=\"section\">\n\t\t\t\t\t\t<div class=\"elementor-container elementor-column-gap-default\">\n\t\t\t\t\t<div class=\"elementor-column elementor-col-100 elementor-top-column elementor-element elementor-element-27c6e88\" data-id=\"27c6e88\" data-element_type=\"column\" data-e-type=\"column\">\n\t\t\t<div class=\"elementor-widget-wrap elementor-element-populated\">\n\t\t\t\t\t\t<div class=\"elementor-element elementor-element-ffd11f9 color-scheme-inherit text-left elementor-widget elementor-widget-text-editor\" data-id=\"ffd11f9\" data-element_type=\"widget\" data-e-type=\"widget\" data-widget_type=\"text-editor.default\">\n\t\t\t\t<div class=\"elementor-widget-container\">\n\t\t\t\t\t\t\t\t\t<p style=\"text-align: left;\"><span data-preserver-spaces=\"true\">Bringen Sie handwerklichen Stil in Ihren Alltag mit der Jina Raffia Tote. Sie zeichnet sich durch eine kr\u00e4ftige schwarze Basis und ein zartes cremefarbenes Schachbrettmuster aus, das sowohl verspielt als auch elegant wirkt. Dank des ger\u00e4umigen, nach oben offenen Designs k\u00f6nnen Sie Ihre wichtigsten Dinge des Alltags m\u00fchelos transportieren.  <\/span><\/p><ul><li style=\"text-align: left;\"><span data-preserver-spaces=\"true\">Material: Madagaskar-Raffia<\/span><\/li><li style=\"text-align: left;\"><span data-preserver-spaces=\"true\">Details innen: ungef\u00fcttert<\/span><\/li><\/ul>\t\t\t\t\t\t\t\t<\/div>\n\t\t\t\t<\/div>\n\t\t\t\t\t<\/div>\n\t\t<\/div>\n\t\t\t\t\t<\/div>\n\t\t<\/section>\n\t\t\t\t<\/div>\n\t\t","protected":false},"excerpt":{"rendered":"<p>Bringen Sie handwerklichen Stil in Ihren Alltag mit der Jina Raffia Tote. Sie zeichnet sich durch eine kr\u00e4ftige schwarze Basis<\/p>\n","protected":false},"featured_media":338249,"comment_status":"open","ping_status":"closed","template":"","meta":[],"product_brand":[],"product_cat":[1788,1689,1786],"product_tag":[1232,1667],"class_list":{"0":"post-339202","1":"product","2":"type-product","3":"status-publish","4":"has-post-thumbnail","6":"product_cat-raffia-taschen","7":"product_cat-taschen","8":"product_cat-tragetaschen","9":"product_tag-einfach","10":"product_tag-raffia-de","11":"pa_color-schwarz","12":"pa_material-raffia-de","13":"pa_pattern-checked","15":"first","16":"instock","17":"shipping-taxable","18":"purchasable","19":"product-type-simple"},"_links":{"self":[{"href":"https:\/\/peilishop.com\/de\/wp-json\/wp\/v2\/product\/339202","targetHints":{"allow":["GET"]}}],"collection":[{"href":"https:\/\/peilishop.com\/de\/wp-json\/wp\/v2\/product"}],"about":[{"href":"https:\/\/peilishop.com\/de\/wp-json\/wp\/v2\/types\/product"}],"replies":[{"embeddable":true,"href":"https:\/\/peilishop.com\/de\/wp-json\/wp\/v2\/comments?post=339202"}],"version-history":[{"count":0,"href":"https:\/\/peilishop.com\/de\/wp-json\/wp\/v2\/product\/339202\/revisions"}],"wp:featuredmedia":[{"embeddable":true,"href":"https:\/\/peilishop.com\/de\/wp-json\/wp\/v2\/media\/338249"}],"wp:attachment":[{"href":"https:\/\/peilishop.com\/de\/wp-json\/wp\/v2\/media?parent=339202"}],"wp:term":[{"taxonomy":"product_brand","embeddable":true,"href":"https:\/\/peilishop.com\/de\/wp-json\/wp\/v2\/product_brand?post=339202"},{"taxonomy":"product_cat","embeddable":true,"href":"https:\/\/peilishop.com\/de\/wp-json\/wp\/v2\/product_cat?post=339202"},{"taxonomy":"product_tag","embeddable":true,"href":"https:\/\/peilishop.com\/de\/wp-json\/wp\/v2\/product_tag?post=339202"}],"curies":[{"name":"wp","href":"https:\/\/api.w.org\/{rel}","templated":true}]}}