{"id":339172,"date":"2026-04-30T05:56:38","date_gmt":"2026-04-30T09:56:38","guid":{"rendered":"https:\/\/peilishop.com\/product\/gianna-federleichter-kaschmir-schal-wrap-gruen\/"},"modified":"2026-05-08T09:41:25","modified_gmt":"2026-05-08T13:41:25","slug":"gianna-federleichter-kaschmir-schal-wrap-gruen","status":"publish","type":"product","link":"https:\/\/peilishop.com\/de\/produkt\/gianna-federleichter-kaschmir-schal-wrap-gruen\/","title":{"rendered":"Gianna Federleichter Kaschmir Schal Wrap &#8211; Gr\u00fcn"},"content":{"rendered":"\t\t<div data-elementor-type=\"wp-post\" data-elementor-id=\"339172\" class=\"elementor elementor-339172 elementor-338878\" data-elementor-post-type=\"product\">\n\t\t\t\t\t\t<section class=\"wd-negative-gap elementor-section elementor-top-section elementor-element elementor-element-309ee49 elementor-section-boxed elementor-section-height-default elementor-section-height-default\" data-id=\"309ee49\" data-element_type=\"section\" data-e-type=\"section\">\n\t\t\t\t\t\t<div class=\"elementor-container elementor-column-gap-default\">\n\t\t\t\t\t<div class=\"elementor-column elementor-col-100 elementor-top-column elementor-element elementor-element-27c6e88\" data-id=\"27c6e88\" data-element_type=\"column\" data-e-type=\"column\">\n\t\t\t<div class=\"elementor-widget-wrap elementor-element-populated\">\n\t\t\t\t\t\t<div class=\"elementor-element elementor-element-ffd11f9 color-scheme-inherit text-left elementor-widget elementor-widget-text-editor\" data-id=\"ffd11f9\" data-element_type=\"widget\" data-e-type=\"widget\" data-widget_type=\"text-editor.default\">\n\t\t\t\t<div class=\"elementor-widget-container\">\n\t\t\t\t\t\t\t\t\t<p><span style=\"white-space: pre-wrap;\">H\u00fcllen Sie sich in Luxus mit dem Gianna Schal. <\/span>Dieser Schal aus feinstem Kaschmir vereint <em>luxuri\u00f6se Weichheit <\/em>mit einem fl\u00fcsterleichten Gewicht. Seine luftige Transparenz verleiht ihm einen Hauch von Raffinesse, w\u00e4hrend die nat\u00fcrliche, gedeckte Farbpalette zeitlose Eleganz verleiht. <\/p><ul><li><span data-preserver-spaces=\"true\">Material: <\/span><span data-preserver-spaces=\"true\">90% Mongolisches Kaschmir der G\u00fcteklasse A, 10% matallisches Garn und Pailletten<\/span><\/li><li><span data-preserver-spaces=\"true\">  Komfort: Himmlisch weich und atmungsaktiv, kein Jucken oder \u00dcberhitzen<\/span><\/li><li><span data-preserver-spaces=\"true\"><span data-preserver-spaces=\"true\">Gr\u00f6\u00dfe: 200cm x 90cm\/ 79\u2033 x 35.4\u2033<br><\/span><\/span><\/li><li><span data-preserver-spaces=\"true\"><span data-preserver-spaces=\"true\"><span data-preserver-spaces=\"true\"><span data-preserver-spaces=\"true\">Federleicht: 40 Gramm<\/span><\/span><\/span><\/span><\/li><li><span data-preserver-spaces=\"true\"><span data-preserver-spaces=\"true\"><span data-preserver-spaces=\"true\"><span data-preserver-spaces=\"true\"><span data-preserver-spaces=\"true\">Mit Sorgfalt in der inneren Mongolei hergestellt<\/span><\/span><\/span><\/span><\/span><\/li><\/ul>\t\t\t\t\t\t\t\t<\/div>\n\t\t\t\t<\/div>\n\t\t\t\t\t<\/div>\n\t\t<\/div>\n\t\t\t\t\t<\/div>\n\t\t<\/section>\n\t\t\t\t<\/div>\n\t\t","protected":false},"excerpt":{"rendered":"<p>H\u00fcllen Sie sich in Luxus mit dem Gianna Schal. Dieser Schal aus feinstem Kaschmir vereint luxuri\u00f6se Weichheit mit einem fl\u00fcsterleichten<\/p>\n","protected":false},"featured_media":338892,"comment_status":"open","ping_status":"closed","template":"","meta":[],"product_brand":[],"product_cat":[1614,1127],"product_tag":[1130,1731],"class_list":{"0":"post-339172","1":"product","2":"type-product","3":"status-publish","4":"has-post-thumbnail","6":"product_cat-federleichte-kaschmirschals","7":"product_cat-schals-tucher","8":"product_tag-fransen","9":"product_tag-lightweight-scarves","10":"product_shipping_class-foldable","11":"pa_color-grun","12":"pa_material-kaschmir","13":"pa_pattern-gradient","15":"first","16":"instock","17":"shipping-taxable","18":"purchasable","19":"product-type-simple"},"_links":{"self":[{"href":"https:\/\/peilishop.com\/de\/wp-json\/wp\/v2\/product\/339172","targetHints":{"allow":["GET"]}}],"collection":[{"href":"https:\/\/peilishop.com\/de\/wp-json\/wp\/v2\/product"}],"about":[{"href":"https:\/\/peilishop.com\/de\/wp-json\/wp\/v2\/types\/product"}],"replies":[{"embeddable":true,"href":"https:\/\/peilishop.com\/de\/wp-json\/wp\/v2\/comments?post=339172"}],"version-history":[{"count":0,"href":"https:\/\/peilishop.com\/de\/wp-json\/wp\/v2\/product\/339172\/revisions"}],"wp:featuredmedia":[{"embeddable":true,"href":"https:\/\/peilishop.com\/de\/wp-json\/wp\/v2\/media\/338892"}],"wp:attachment":[{"href":"https:\/\/peilishop.com\/de\/wp-json\/wp\/v2\/media?parent=339172"}],"wp:term":[{"taxonomy":"product_brand","embeddable":true,"href":"https:\/\/peilishop.com\/de\/wp-json\/wp\/v2\/product_brand?post=339172"},{"taxonomy":"product_cat","embeddable":true,"href":"https:\/\/peilishop.com\/de\/wp-json\/wp\/v2\/product_cat?post=339172"},{"taxonomy":"product_tag","embeddable":true,"href":"https:\/\/peilishop.com\/de\/wp-json\/wp\/v2\/product_tag?post=339172"}],"curies":[{"name":"wp","href":"https:\/\/api.w.org\/{rel}","templated":true}]}}