{"id":336251,"date":"2025-10-02T20:36:00","date_gmt":"2025-10-03T00:36:00","guid":{"rendered":"https:\/\/peilishop.com\/product\/fiona-federleichter-lammwollschal-khaki\/"},"modified":"2026-01-31T02:16:55","modified_gmt":"2026-01-31T07:16:55","slug":"fiona-federleichter-lammwollschal-khaki","status":"publish","type":"product","link":"https:\/\/peilishop.com\/de\/produkt\/fiona-federleichter-lammwollschal-khaki\/","title":{"rendered":"Fiona Federleichter Lammwollschal &#8211; Khaki"},"content":{"rendered":"\t\t<div data-elementor-type=\"wp-post\" data-elementor-id=\"336251\" class=\"elementor elementor-336251 elementor-335397\" data-elementor-post-type=\"product\">\n\t\t\t\t\t\t<section class=\"wd-negative-gap elementor-section elementor-top-section elementor-element elementor-element-309ee49 elementor-section-boxed elementor-section-height-default elementor-section-height-default\" data-id=\"309ee49\" data-element_type=\"section\" data-e-type=\"section\">\n\t\t\t\t\t\t<div class=\"elementor-container elementor-column-gap-default\">\n\t\t\t\t\t<div class=\"elementor-column elementor-col-100 elementor-top-column elementor-element elementor-element-27c6e88\" data-id=\"27c6e88\" data-element_type=\"column\" data-e-type=\"column\">\n\t\t\t<div class=\"elementor-widget-wrap elementor-element-populated\">\n\t\t\t\t\t\t<div class=\"elementor-element elementor-element-ffd11f9 color-scheme-inherit text-left elementor-widget elementor-widget-text-editor\" data-id=\"ffd11f9\" data-element_type=\"widget\" data-e-type=\"widget\" data-widget_type=\"text-editor.default\">\n\t\t\t\t<div class=\"elementor-widget-container\">\n\t\t\t\t\t\t\t\t\t<p>Erleben Sie die perfekte Mischung aus Stil und Komfort. Gefertigt aus feinster Lammwolle, bietet sie eine zarte W\u00e4rme, die sich wie ein Fl\u00fcstern auf der Haut anf\u00fchlt. Es ist mit einem komplizierten Jacquard-Muster aus Blumen und Schmetterlingen verziert &#8211; ein Beweis f\u00fcr seine handwerkliche Qualit\u00e4t.  <\/p><ul><li><span data-preserver-spaces=\"true\">Material: <\/span><span data-preserver-spaces=\"true\">100% Lambswool <\/span> <\/li><li><span data-preserver-spaces=\"true\">Gr\u00f6\u00dfe: <\/span><span data-preserver-spaces=\"true\">200cmcm x 90cm\/ 78.7&#8243; x 35.4&#8243;<\/span><\/li><li><span data-preserver-spaces=\"true\">Gewicht: 85 Gramm<\/span><\/li><li><span data-preserver-spaces=\"true\">Mit Sorgfalt in der inneren Mongolei hergestellt<\/span><\/li><\/ul>\t\t\t\t\t\t\t\t<\/div>\n\t\t\t\t<\/div>\n\t\t\t\t\t<\/div>\n\t\t<\/div>\n\t\t\t\t\t<\/div>\n\t\t<\/section>\n\t\t\t\t<\/div>\n\t\t","protected":false},"excerpt":{"rendered":"<p>Erleben Sie die perfekte Mischung aus Stil und Komfort. Gefertigt aus feinster Lammwolle, bietet sie eine zarte W\u00e4rme, die sich<\/p>\n","protected":false},"featured_media":335401,"comment_status":"open","ping_status":"closed","template":"","meta":[],"product_brand":[],"product_cat":[1194],"product_tag":[1184,1770,1731],"class_list":{"0":"post-336251","1":"product","2":"type-product","3":"status-publish","4":"has-post-thumbnail","6":"product_cat-federleichte-schals-aus-wolle","7":"product_tag-blumen","8":"product_tag-gemustert","9":"product_tag-lightweight-scarves","10":"product_shipping_class-foldable","11":"pa_color-khaki-de","12":"pa_material-lambswool","13":"pa_material-wolle","14":"pa_pattern-floral","16":"first","17":"instock","18":"shipping-taxable","19":"purchasable","20":"product-type-simple"},"_links":{"self":[{"href":"https:\/\/peilishop.com\/de\/wp-json\/wp\/v2\/product\/336251","targetHints":{"allow":["GET"]}}],"collection":[{"href":"https:\/\/peilishop.com\/de\/wp-json\/wp\/v2\/product"}],"about":[{"href":"https:\/\/peilishop.com\/de\/wp-json\/wp\/v2\/types\/product"}],"replies":[{"embeddable":true,"href":"https:\/\/peilishop.com\/de\/wp-json\/wp\/v2\/comments?post=336251"}],"version-history":[{"count":0,"href":"https:\/\/peilishop.com\/de\/wp-json\/wp\/v2\/product\/336251\/revisions"}],"wp:featuredmedia":[{"embeddable":true,"href":"https:\/\/peilishop.com\/de\/wp-json\/wp\/v2\/media\/335401"}],"wp:attachment":[{"href":"https:\/\/peilishop.com\/de\/wp-json\/wp\/v2\/media?parent=336251"}],"wp:term":[{"taxonomy":"product_brand","embeddable":true,"href":"https:\/\/peilishop.com\/de\/wp-json\/wp\/v2\/product_brand?post=336251"},{"taxonomy":"product_cat","embeddable":true,"href":"https:\/\/peilishop.com\/de\/wp-json\/wp\/v2\/product_cat?post=336251"},{"taxonomy":"product_tag","embeddable":true,"href":"https:\/\/peilishop.com\/de\/wp-json\/wp\/v2\/product_tag?post=336251"}],"curies":[{"name":"wp","href":"https:\/\/api.w.org\/{rel}","templated":true}]}}