{"id":336232,"date":"2025-09-28T03:27:00","date_gmt":"2025-09-28T07:27:00","guid":{"rendered":"https:\/\/peilishop.com\/product\/elia-federleichter-lammwollschal-dunkelgrau\/"},"modified":"2026-01-31T02:16:41","modified_gmt":"2026-01-31T07:16:41","slug":"elia-federleichter-lammwollschal-dunkelgrau","status":"publish","type":"product","link":"https:\/\/peilishop.com\/de\/produkt\/elia-federleichter-lammwollschal-dunkelgrau\/","title":{"rendered":"Elia Federleichter Lammwollschal &#8211; Dunkelgrau"},"content":{"rendered":"\t\t<div data-elementor-type=\"wp-post\" data-elementor-id=\"336232\" class=\"elementor elementor-336232 elementor-335343\" data-elementor-post-type=\"product\">\n\t\t\t\t\t\t<section class=\"wd-negative-gap elementor-section elementor-top-section elementor-element elementor-element-309ee49 elementor-section-boxed elementor-section-height-default elementor-section-height-default\" data-id=\"309ee49\" data-element_type=\"section\" data-e-type=\"section\">\n\t\t\t\t\t\t<div class=\"elementor-container elementor-column-gap-default\">\n\t\t\t\t\t<div class=\"elementor-column elementor-col-100 elementor-top-column elementor-element elementor-element-27c6e88\" data-id=\"27c6e88\" data-element_type=\"column\" data-e-type=\"column\">\n\t\t\t<div class=\"elementor-widget-wrap elementor-element-populated\">\n\t\t\t\t\t\t<div class=\"elementor-element elementor-element-ffd11f9 color-scheme-inherit text-left elementor-widget elementor-widget-text-editor\" data-id=\"ffd11f9\" data-element_type=\"widget\" data-e-type=\"widget\" data-widget_type=\"text-editor.default\">\n\t\t\t\t<div class=\"elementor-widget-container\">\n\t\t\t\t\t\t\t\t\t<p>Erleben Sie die perfekte Mischung aus Stil und Komfort. Gefertigt aus feinster Lammwolle, bietet sie eine zarte W\u00e4rme, die sich wie ein Fl\u00fcstern auf der Haut anf\u00fchlt. Das raffinierte Jacquard-Muster ist ein weiterer Beweis f\u00fcr seine handwerkliche Qualit\u00e4t.  <\/p><ul><li><span data-preserver-spaces=\"true\">Material: <\/span><span data-preserver-spaces=\"true\">100% Lambswool <\/span> <\/li><li><span data-preserver-spaces=\"true\">Gr\u00f6\u00dfe: <\/span><span data-preserver-spaces=\"true\">200cmcm x 90cm\/ 78.7&#8243; x 35.4&#8243;<\/span><\/li><li><span data-preserver-spaces=\"true\">Gewicht: 85 Gramm<\/span><\/li><li><span data-preserver-spaces=\"true\">Mit Sorgfalt in der inneren Mongolei hergestellt<\/span><\/li><\/ul>\t\t\t\t\t\t\t\t<\/div>\n\t\t\t\t<\/div>\n\t\t\t\t\t<\/div>\n\t\t<\/div>\n\t\t\t\t\t<\/div>\n\t\t<\/section>\n\t\t\t\t<\/div>\n\t\t","protected":false},"excerpt":{"rendered":"<p>Erleben Sie die perfekte Mischung aus Stil und Komfort. Gefertigt aus feinster Lammwolle, bietet sie eine zarte W\u00e4rme, die sich<\/p>\n","protected":false},"featured_media":328032,"comment_status":"open","ping_status":"closed","template":"","meta":[],"product_brand":[],"product_cat":[1194],"product_tag":[1731],"class_list":{"0":"post-336232","1":"product","2":"type-product","3":"status-publish","4":"has-post-thumbnail","6":"product_cat-federleichte-schals-aus-wolle","7":"product_tag-lightweight-scarves","8":"product_shipping_class-foldable","9":"pa_color-dunkelgrau","10":"pa_material-lambswool","11":"pa_material-wolle","12":"pa_pattern-floral","14":"first","15":"instock","16":"shipping-taxable","17":"purchasable","18":"product-type-simple"},"_links":{"self":[{"href":"https:\/\/peilishop.com\/de\/wp-json\/wp\/v2\/product\/336232","targetHints":{"allow":["GET"]}}],"collection":[{"href":"https:\/\/peilishop.com\/de\/wp-json\/wp\/v2\/product"}],"about":[{"href":"https:\/\/peilishop.com\/de\/wp-json\/wp\/v2\/types\/product"}],"replies":[{"embeddable":true,"href":"https:\/\/peilishop.com\/de\/wp-json\/wp\/v2\/comments?post=336232"}],"version-history":[{"count":0,"href":"https:\/\/peilishop.com\/de\/wp-json\/wp\/v2\/product\/336232\/revisions"}],"wp:featuredmedia":[{"embeddable":true,"href":"https:\/\/peilishop.com\/de\/wp-json\/wp\/v2\/media\/328032"}],"wp:attachment":[{"href":"https:\/\/peilishop.com\/de\/wp-json\/wp\/v2\/media?parent=336232"}],"wp:term":[{"taxonomy":"product_brand","embeddable":true,"href":"https:\/\/peilishop.com\/de\/wp-json\/wp\/v2\/product_brand?post=336232"},{"taxonomy":"product_cat","embeddable":true,"href":"https:\/\/peilishop.com\/de\/wp-json\/wp\/v2\/product_cat?post=336232"},{"taxonomy":"product_tag","embeddable":true,"href":"https:\/\/peilishop.com\/de\/wp-json\/wp\/v2\/product_tag?post=336232"}],"curies":[{"name":"wp","href":"https:\/\/api.w.org\/{rel}","templated":true}]}}