{"id":336159,"date":"2025-06-08T04:30:00","date_gmt":"2025-06-08T08:30:00","guid":{"rendered":"https:\/\/peilishop.com\/product\/dana-cloudlight-kaschmirschal-wrap-khaki\/"},"modified":"2026-01-31T02:15:49","modified_gmt":"2026-01-31T07:15:49","slug":"dana-cloudlight-kaschmirschal-wrap-khaki","status":"publish","type":"product","link":"https:\/\/peilishop.com\/de\/produkt\/dana-cloudlight-kaschmirschal-wrap-khaki\/","title":{"rendered":"Dana Cloudlight Kaschmirschal Wrap &#8211; Khaki"},"content":{"rendered":"\t\t<div data-elementor-type=\"wp-post\" data-elementor-id=\"336159\" class=\"elementor elementor-336159 elementor-334518\" data-elementor-post-type=\"product\">\n\t\t\t\t\t\t<section class=\"wd-negative-gap elementor-section elementor-top-section elementor-element elementor-element-309ee49 elementor-section-boxed elementor-section-height-default elementor-section-height-default\" data-id=\"309ee49\" data-element_type=\"section\" data-e-type=\"section\">\n\t\t\t\t\t\t<div class=\"elementor-container elementor-column-gap-default\">\n\t\t\t\t\t<div class=\"elementor-column elementor-col-100 elementor-top-column elementor-element elementor-element-27c6e88\" data-id=\"27c6e88\" data-element_type=\"column\" data-e-type=\"column\">\n\t\t\t<div class=\"elementor-widget-wrap elementor-element-populated\">\n\t\t\t\t\t\t<div class=\"elementor-element elementor-element-ffd11f9 color-scheme-inherit text-left elementor-widget elementor-widget-text-editor\" data-id=\"ffd11f9\" data-element_type=\"widget\" data-e-type=\"widget\" data-widget_type=\"text-editor.default\">\n\t\t\t\t<div class=\"elementor-widget-container\">\n\t\t\t\t\t\t\t\t\t<p>Werten Sie Ihr Outfit mit dem luxuri\u00f6sen Dana Cashmere Wrap auf. Dieser Schal ist aus hochwertigem Kaschmir gefertigt und bietet atmungsaktive W\u00e4rme, ohne zu beschweren. Das wundersch\u00f6ne Paisley-Muster verleiht jedem Outfit einen Hauch von handwerklichem Charme.  <\/p><ul><li><span data-preserver-spaces=\"true\">Material: <\/span><span data-preserver-spaces=\"true\">100% Mongolisches Kaschmir der G\u00fcteklasse A <\/span> <\/li><li><span data-preserver-spaces=\"true\">  Komfort: Wolkenartige Weichheit und Schwellungen, kein Juckreiz oder \u00dcberhitzung<\/span><\/li><li><span data-preserver-spaces=\"true\">Gr\u00f6\u00dfe: 200cm x 60cm\/ 78.74&#8243; x 23.6&#8243;<\/span><\/li><li>Leichtgewicht: 100 Gramm<\/li><li>Faltenfrei<\/li><li><span data-preserver-spaces=\"true\">Mit Sorgfalt in der inneren Mongolei hergestellt<\/span><\/li><\/ul>\t\t\t\t\t\t\t\t<\/div>\n\t\t\t\t<\/div>\n\t\t\t\t\t<\/div>\n\t\t<\/div>\n\t\t\t\t\t<\/div>\n\t\t<\/section>\n\t\t\t\t<\/div>\n\t\t","protected":false},"excerpt":{"rendered":"<p>Werten Sie Ihr Outfit mit dem luxuri\u00f6sen Dana Cashmere Wrap auf. Dieser Schal ist aus hochwertigem Kaschmir gefertigt und bietet<\/p>\n","protected":false},"featured_media":329718,"comment_status":"open","ping_status":"closed","template":"","meta":[],"product_brand":[],"product_cat":[1127,1743],"product_tag":[1731],"class_list":{"0":"post-336159","1":"product","2":"type-product","3":"status-publish","4":"has-post-thumbnail","6":"product_cat-schals-tucher","7":"product_cat-cloudlight-kaschmir-schals","8":"product_tag-lightweight-scarves","9":"product_shipping_class-foldable","10":"pa_color-khaki-de","11":"pa_material-kaschmir","12":"pa_pattern-floral","14":"first","15":"instock","16":"shipping-taxable","17":"purchasable","18":"product-type-simple"},"_links":{"self":[{"href":"https:\/\/peilishop.com\/de\/wp-json\/wp\/v2\/product\/336159","targetHints":{"allow":["GET"]}}],"collection":[{"href":"https:\/\/peilishop.com\/de\/wp-json\/wp\/v2\/product"}],"about":[{"href":"https:\/\/peilishop.com\/de\/wp-json\/wp\/v2\/types\/product"}],"replies":[{"embeddable":true,"href":"https:\/\/peilishop.com\/de\/wp-json\/wp\/v2\/comments?post=336159"}],"version-history":[{"count":0,"href":"https:\/\/peilishop.com\/de\/wp-json\/wp\/v2\/product\/336159\/revisions"}],"wp:featuredmedia":[{"embeddable":true,"href":"https:\/\/peilishop.com\/de\/wp-json\/wp\/v2\/media\/329718"}],"wp:attachment":[{"href":"https:\/\/peilishop.com\/de\/wp-json\/wp\/v2\/media?parent=336159"}],"wp:term":[{"taxonomy":"product_brand","embeddable":true,"href":"https:\/\/peilishop.com\/de\/wp-json\/wp\/v2\/product_brand?post=336159"},{"taxonomy":"product_cat","embeddable":true,"href":"https:\/\/peilishop.com\/de\/wp-json\/wp\/v2\/product_cat?post=336159"},{"taxonomy":"product_tag","embeddable":true,"href":"https:\/\/peilishop.com\/de\/wp-json\/wp\/v2\/product_tag?post=336159"}],"curies":[{"name":"wp","href":"https:\/\/api.w.org\/{rel}","templated":true}]}}