{"id":336119,"date":"2026-01-22T22:29:00","date_gmt":"2026-01-23T03:29:00","guid":{"rendered":"https:\/\/peilishop.com\/product\/vella-airweave-kaschmirschal-burgunderrot\/"},"modified":"2026-01-31T02:13:01","modified_gmt":"2026-01-31T07:13:01","slug":"vella-airweave-kaschmirschal-burgunderrot","status":"publish","type":"product","link":"https:\/\/peilishop.com\/de\/produkt\/vella-airweave-kaschmirschal-burgunderrot\/","title":{"rendered":"Vella Airweave Kaschmirschal &#8211; Burgunderrot"},"content":{"rendered":"\t\t<div data-elementor-type=\"wp-post\" data-elementor-id=\"336119\" class=\"elementor elementor-336119 elementor-335011\" data-elementor-post-type=\"product\">\n\t\t\t\t\t\t<section class=\"wd-negative-gap elementor-section elementor-top-section elementor-element elementor-element-309ee49 elementor-section-boxed elementor-section-height-default elementor-section-height-default\" data-id=\"309ee49\" data-element_type=\"section\" data-e-type=\"section\">\n\t\t\t\t\t\t<div class=\"elementor-container elementor-column-gap-default\">\n\t\t\t\t\t<div class=\"elementor-column elementor-col-100 elementor-top-column elementor-element elementor-element-27c6e88\" data-id=\"27c6e88\" data-element_type=\"column\" data-e-type=\"column\">\n\t\t\t<div class=\"elementor-widget-wrap elementor-element-populated\">\n\t\t\t\t\t\t<div class=\"elementor-element elementor-element-ffd11f9 color-scheme-inherit text-left elementor-widget elementor-widget-text-editor\" data-id=\"ffd11f9\" data-element_type=\"widget\" data-e-type=\"widget\" data-widget_type=\"text-editor.default\">\n\t\t\t\t<div class=\"elementor-widget-container\">\n\t\t\t\t\t\t\t\t\t<p>Erleben Sie mit dem Vella Airweave Schal Vielseitigkeit zu jeder Jahreszeit. Die aufwendig gewebte Airweave-Technik sorgt f\u00fcr atmungsaktiven Komfort bei warmem Wetter, w\u00e4hrend das kostbare Kaschmir gerade genug W\u00e4rme f\u00fcr den Winter bietet.   <\/p><ul><li><span data-preserver-spaces=\"true\">Material: <\/span><span data-preserver-spaces=\"true\">100% Mongolisches Kaschmir der G\u00fcteklasse A <\/span> <\/li><li><span data-preserver-spaces=\"true\">Komfort: Au\u00dfergew\u00f6hnlich atmungsaktiv, keine \u00dcberhitzung<\/span><\/li><li><span data-preserver-spaces=\"true\"><span data-preserver-spaces=\"true\">Gr\u00f6\u00dfe: 180 cm x 65 cm\/ 71\u2033 x 25.6\u2033<\/span><\/span><\/li><li>Leichtgewicht: 90 Gramm<\/li><li>Faltenfrei<\/li><li><span data-preserver-spaces=\"true\"><span data-preserver-spaces=\"true\"><span data-preserver-spaces=\"true\"><span data-preserver-spaces=\"true\"><span data-preserver-spaces=\"true\">Mit Sorgfalt in der inneren Mongolei hergestellt<\/span><\/span><\/span><\/span><\/span><\/li><\/ul>\t\t\t\t\t\t\t\t<\/div>\n\t\t\t\t<\/div>\n\t\t\t\t\t<\/div>\n\t\t<\/div>\n\t\t\t\t\t<\/div>\n\t\t<\/section>\n\t\t\t\t<\/div>\n\t\t","protected":false},"excerpt":{"rendered":"<p>Erleben Sie mit dem Vella Airweave Schal Vielseitigkeit zu jeder Jahreszeit. Die aufwendig gewebte Airweave-Technik sorgt f\u00fcr atmungsaktiven Komfort bei<\/p>\n","protected":false},"featured_media":335066,"comment_status":"open","ping_status":"closed","template":"","meta":[],"product_brand":[],"product_cat":[1127,1737],"product_tag":[1731],"class_list":{"0":"post-336119","1":"product","2":"type-product","3":"status-publish","4":"has-post-thumbnail","6":"product_cat-schals-tucher","7":"product_cat-airweave-kaschmir-schals","8":"product_tag-lightweight-scarves","9":"product_shipping_class-foldable","10":"pa_color-burgunderrot","11":"pa_material-kaschmir","12":"pa_pattern-open","13":"pa_pattern-plain","15":"first","16":"instock","17":"shipping-taxable","18":"purchasable","19":"product-type-simple"},"_links":{"self":[{"href":"https:\/\/peilishop.com\/de\/wp-json\/wp\/v2\/product\/336119","targetHints":{"allow":["GET"]}}],"collection":[{"href":"https:\/\/peilishop.com\/de\/wp-json\/wp\/v2\/product"}],"about":[{"href":"https:\/\/peilishop.com\/de\/wp-json\/wp\/v2\/types\/product"}],"replies":[{"embeddable":true,"href":"https:\/\/peilishop.com\/de\/wp-json\/wp\/v2\/comments?post=336119"}],"version-history":[{"count":0,"href":"https:\/\/peilishop.com\/de\/wp-json\/wp\/v2\/product\/336119\/revisions"}],"wp:featuredmedia":[{"embeddable":true,"href":"https:\/\/peilishop.com\/de\/wp-json\/wp\/v2\/media\/335066"}],"wp:attachment":[{"href":"https:\/\/peilishop.com\/de\/wp-json\/wp\/v2\/media?parent=336119"}],"wp:term":[{"taxonomy":"product_brand","embeddable":true,"href":"https:\/\/peilishop.com\/de\/wp-json\/wp\/v2\/product_brand?post=336119"},{"taxonomy":"product_cat","embeddable":true,"href":"https:\/\/peilishop.com\/de\/wp-json\/wp\/v2\/product_cat?post=336119"},{"taxonomy":"product_tag","embeddable":true,"href":"https:\/\/peilishop.com\/de\/wp-json\/wp\/v2\/product_tag?post=336119"}],"curies":[{"name":"wp","href":"https:\/\/api.w.org\/{rel}","templated":true}]}}