{"id":336011,"date":"2025-11-06T23:02:00","date_gmt":"2025-11-07T04:02:00","guid":{"rendered":"https:\/\/peilishop.com\/product\/kamal-federleichter-kaschmir-schal-wrap-beige\/"},"modified":"2026-01-31T02:10:44","modified_gmt":"2026-01-31T07:10:44","slug":"kamal-federleichter-kaschmir-schal-wrap-beige","status":"publish","type":"product","link":"https:\/\/peilishop.com\/de\/produkt\/kamal-federleichter-kaschmir-schal-wrap-beige\/","title":{"rendered":"Kamal Federleichter Kaschmir Schal Wrap &#8211; Beige"},"content":{"rendered":"\t\t<div data-elementor-type=\"wp-post\" data-elementor-id=\"336011\" class=\"elementor elementor-336011 elementor-334385\" data-elementor-post-type=\"product\">\n\t\t\t\t\t\t<section class=\"wd-negative-gap elementor-section elementor-top-section elementor-element elementor-element-309ee49 elementor-section-boxed elementor-section-height-default elementor-section-height-default\" data-id=\"309ee49\" data-element_type=\"section\" data-e-type=\"section\">\n\t\t\t\t\t\t<div class=\"elementor-container elementor-column-gap-default\">\n\t\t\t\t\t<div class=\"elementor-column elementor-col-100 elementor-top-column elementor-element elementor-element-27c6e88\" data-id=\"27c6e88\" data-element_type=\"column\" data-e-type=\"column\">\n\t\t\t<div class=\"elementor-widget-wrap elementor-element-populated\">\n\t\t\t\t\t\t<div class=\"elementor-element elementor-element-ffd11f9 color-scheme-inherit text-left elementor-widget elementor-widget-text-editor\" data-id=\"ffd11f9\" data-element_type=\"widget\" data-e-type=\"widget\" data-widget_type=\"text-editor.default\">\n\t\t\t\t<div class=\"elementor-widget-container\">\n\t\t\t\t\t\t\t\t\t<p>Werten Sie Ihr Outfit mit dem luxuri\u00f6sen Kaschmirschal Kamal auf. Gefertigt aus 100% hochwertigem Kaschmir f\u00fcr ultimative leichte W\u00e4rme und Weichheit. Dieser gro\u00dfz\u00fcgig geschnittene Schal besticht durch sein Paisleymuster, das jedem Outfit m\u00fchelos einen Hauch von Raffinesse verleiht.    <\/p><ul><li>Material: 100% Mongolisches Kaschmir der G\u00fcteklasse A<\/li><li>Komfort: Himmlisch weich und atmungsaktiv, kein Jucken oder \u00dcberhitzen<\/li><li>Gr\u00f6\u00dfe: 185cm x 72cm\/ 73&#8243; x 28.3&#8243;<\/li><li>Federleicht: 109 Gramm<\/li><li>Mit Sorgfalt in der inneren Mongolei hergestellt<\/li><\/ul>\t\t\t\t\t\t\t\t<\/div>\n\t\t\t\t<\/div>\n\t\t\t\t\t<\/div>\n\t\t<\/div>\n\t\t\t\t\t<\/div>\n\t\t<\/section>\n\t\t\t\t<\/div>\n\t\t","protected":false},"excerpt":{"rendered":"<p>Werten Sie Ihr Outfit mit dem luxuri\u00f6sen Kaschmirschal Kamal auf. Gefertigt aus 100% hochwertigem Kaschmir f\u00fcr ultimative leichte W\u00e4rme und<\/p>\n","protected":false},"featured_media":332435,"comment_status":"open","ping_status":"closed","template":"","meta":[],"product_brand":[],"product_cat":[1614,1127],"product_tag":[1184,1731,1185],"class_list":{"0":"post-336011","1":"product","2":"type-product","3":"status-publish","4":"has-post-thumbnail","6":"product_cat-federleichte-kaschmirschals","7":"product_cat-schals-tucher","8":"product_tag-blumen","9":"product_tag-lightweight-scarves","10":"product_tag-spielerisch","11":"product_shipping_class-foldable","12":"pa_color-beige-de","13":"pa_material-kaschmir","14":"pa_pattern-floral","16":"first","17":"instock","18":"shipping-taxable","19":"purchasable","20":"product-type-simple"},"_links":{"self":[{"href":"https:\/\/peilishop.com\/de\/wp-json\/wp\/v2\/product\/336011","targetHints":{"allow":["GET"]}}],"collection":[{"href":"https:\/\/peilishop.com\/de\/wp-json\/wp\/v2\/product"}],"about":[{"href":"https:\/\/peilishop.com\/de\/wp-json\/wp\/v2\/types\/product"}],"replies":[{"embeddable":true,"href":"https:\/\/peilishop.com\/de\/wp-json\/wp\/v2\/comments?post=336011"}],"version-history":[{"count":0,"href":"https:\/\/peilishop.com\/de\/wp-json\/wp\/v2\/product\/336011\/revisions"}],"wp:featuredmedia":[{"embeddable":true,"href":"https:\/\/peilishop.com\/de\/wp-json\/wp\/v2\/media\/332435"}],"wp:attachment":[{"href":"https:\/\/peilishop.com\/de\/wp-json\/wp\/v2\/media?parent=336011"}],"wp:term":[{"taxonomy":"product_brand","embeddable":true,"href":"https:\/\/peilishop.com\/de\/wp-json\/wp\/v2\/product_brand?post=336011"},{"taxonomy":"product_cat","embeddable":true,"href":"https:\/\/peilishop.com\/de\/wp-json\/wp\/v2\/product_cat?post=336011"},{"taxonomy":"product_tag","embeddable":true,"href":"https:\/\/peilishop.com\/de\/wp-json\/wp\/v2\/product_tag?post=336011"}],"curies":[{"name":"wp","href":"https:\/\/api.w.org\/{rel}","templated":true}]}}