{"id":335797,"date":"2025-10-16T09:13:00","date_gmt":"2025-10-16T13:13:00","guid":{"rendered":"https:\/\/peilishop.com\/product\/jules-schal-aus-lammwolle-burgunderrot\/"},"modified":"2026-01-31T02:10:09","modified_gmt":"2026-01-31T07:10:09","slug":"jules-schal-aus-lammwolle-burgunderrot","status":"publish","type":"product","link":"https:\/\/peilishop.com\/de\/produkt\/jules-schal-aus-lammwolle-burgunderrot\/","title":{"rendered":"Jules Schal aus Lammwolle &#8211; Burgunderrot"},"content":{"rendered":"\t\t<div data-elementor-type=\"wp-post\" data-elementor-id=\"335797\" class=\"elementor elementor-335797 elementor-330145\" data-elementor-post-type=\"product\">\n\t\t\t\t\t\t<section class=\"wd-negative-gap elementor-section elementor-top-section elementor-element elementor-element-309ee49 elementor-section-boxed elementor-section-height-default elementor-section-height-default\" data-id=\"309ee49\" data-element_type=\"section\" data-e-type=\"section\">\n\t\t\t\t\t\t<div class=\"elementor-container elementor-column-gap-default\">\n\t\t\t\t\t<div class=\"elementor-column elementor-col-100 elementor-top-column elementor-element elementor-element-27c6e88\" data-id=\"27c6e88\" data-element_type=\"column\" data-e-type=\"column\">\n\t\t\t<div class=\"elementor-widget-wrap elementor-element-populated\">\n\t\t\t\t\t\t<div class=\"elementor-element elementor-element-ffd11f9 color-scheme-inherit text-left elementor-widget elementor-widget-text-editor\" data-id=\"ffd11f9\" data-element_type=\"widget\" data-e-type=\"widget\" data-widget_type=\"text-editor.default\">\n\t\t\t\t<div class=\"elementor-widget-container\">\n\t\t\t\t\t\t\t\t\t<p><span data-preserver-spaces=\"true\">Bringen Sie mit dem Jules Schal frischen Wind in Ihre Garderobe f\u00fcr die kalte Jahreszeit.  <\/span>Dieser Schal wurde sorgf\u00e4ltig aus hochwertiger Lammwolle gewebt und zeichnet sich durch seine weiche, pl\u00fcschige Textur aus, die f\u00fcr au\u00dfergew\u00f6hnliche W\u00e4rme sorgt. Das k\u00fchne geometrische Muster verleiht jedem Outfit einen modernen Farbakzent.<\/p><ul><li><span data-preserver-spaces=\"true\">Material: <\/span><span data-preserver-spaces=\"true\">100% Lambswool<\/span><\/li><li><span data-preserver-spaces=\"true\">Gr\u00f6\u00dfe: <\/span><span data-preserver-spaces=\"true\">180cm x 30cm\/ 70.87\u2033 x 11.81\u2033<\/span><\/li><li><span data-preserver-spaces=\"true\">Leichtgewicht: 150 Gramm<\/span><\/li><li><span data-preserver-spaces=\"true\">Mit Sorgfalt in der inneren Mongolei hergestellt<\/span><\/li><\/ul>\t\t\t\t\t\t\t\t<\/div>\n\t\t\t\t<\/div>\n\t\t\t\t\t<\/div>\n\t\t<\/div>\n\t\t\t\t\t<\/div>\n\t\t<\/section>\n\t\t\t\t<\/div>\n\t\t","protected":false},"excerpt":{"rendered":"<p>Bringen Sie mit dem Jules Schal frischen Wind in Ihre Garderobe f\u00fcr die kalte Jahreszeit. Dieser Schal wurde sorgf\u00e4ltig aus<\/p>\n","protected":false},"featured_media":330078,"comment_status":"open","ping_status":"closed","template":"","meta":[],"product_brand":[],"product_cat":[1127,1703],"product_tag":[1130,1195],"class_list":{"0":"post-335797","1":"product","2":"type-product","3":"status-publish","4":"has-post-thumbnail","6":"product_cat-schals-tucher","7":"product_cat-wollschals","8":"product_tag-fransen","9":"product_tag-gepruft","10":"product_shipping_class-foldable","11":"pa_color-burgunderrot","12":"pa_material-lambswool","13":"pa_material-wolle","14":"pa_pattern-fringe","16":"first","17":"instock","18":"shipping-taxable","19":"purchasable","20":"product-type-simple"},"_links":{"self":[{"href":"https:\/\/peilishop.com\/de\/wp-json\/wp\/v2\/product\/335797","targetHints":{"allow":["GET"]}}],"collection":[{"href":"https:\/\/peilishop.com\/de\/wp-json\/wp\/v2\/product"}],"about":[{"href":"https:\/\/peilishop.com\/de\/wp-json\/wp\/v2\/types\/product"}],"replies":[{"embeddable":true,"href":"https:\/\/peilishop.com\/de\/wp-json\/wp\/v2\/comments?post=335797"}],"version-history":[{"count":0,"href":"https:\/\/peilishop.com\/de\/wp-json\/wp\/v2\/product\/335797\/revisions"}],"wp:featuredmedia":[{"embeddable":true,"href":"https:\/\/peilishop.com\/de\/wp-json\/wp\/v2\/media\/330078"}],"wp:attachment":[{"href":"https:\/\/peilishop.com\/de\/wp-json\/wp\/v2\/media?parent=335797"}],"wp:term":[{"taxonomy":"product_brand","embeddable":true,"href":"https:\/\/peilishop.com\/de\/wp-json\/wp\/v2\/product_brand?post=335797"},{"taxonomy":"product_cat","embeddable":true,"href":"https:\/\/peilishop.com\/de\/wp-json\/wp\/v2\/product_cat?post=335797"},{"taxonomy":"product_tag","embeddable":true,"href":"https:\/\/peilishop.com\/de\/wp-json\/wp\/v2\/product_tag?post=335797"}],"curies":[{"name":"wp","href":"https:\/\/api.w.org\/{rel}","templated":true}]}}