{"id":335738,"date":"2025-10-17T10:02:00","date_gmt":"2025-10-17T14:02:00","guid":{"rendered":"https:\/\/peilishop.com\/product\/naya-federleichter-kaschmirschal-wrap\/"},"modified":"2026-01-31T02:09:24","modified_gmt":"2026-01-31T07:09:24","slug":"naya-federleichter-kaschmirschal-wrap","status":"publish","type":"product","link":"https:\/\/peilishop.com\/de\/produkt\/naya-federleichter-kaschmirschal-wrap\/","title":{"rendered":"Naya Federleichter Kaschmirschal Wrap"},"content":{"rendered":"\t\t<div data-elementor-type=\"wp-post\" data-elementor-id=\"335738\" class=\"elementor elementor-335738 elementor-330319\" data-elementor-post-type=\"product\">\n\t\t\t\t\t\t<section class=\"wd-negative-gap elementor-section elementor-top-section elementor-element elementor-element-309ee49 elementor-section-boxed elementor-section-height-default elementor-section-height-default\" data-id=\"309ee49\" data-element_type=\"section\" data-e-type=\"section\">\n\t\t\t\t\t\t<div class=\"elementor-container elementor-column-gap-default\">\n\t\t\t\t\t<div class=\"elementor-column elementor-col-100 elementor-top-column elementor-element elementor-element-27c6e88\" data-id=\"27c6e88\" data-element_type=\"column\" data-e-type=\"column\">\n\t\t\t<div class=\"elementor-widget-wrap elementor-element-populated\">\n\t\t\t\t\t\t<div class=\"elementor-element elementor-element-ffd11f9 elementor-widget-laptop__width-initial color-scheme-inherit text-left elementor-widget elementor-widget-text-editor\" data-id=\"ffd11f9\" data-element_type=\"widget\" data-e-type=\"widget\" data-widget_type=\"text-editor.default\">\n\t\t\t\t<div class=\"elementor-widget-container\">\n\t\t\t\t\t\t\t\t\t<p>Der m\u00fchelos elegante Schal Naya ist aus hochwertigem Kaschmir gefertigt, der sich wie ein sanftes Fl\u00fcstern auf Ihrer Haut anf\u00fchlt. Das Design zeigt einen neutralen cremefarbenen Hintergrund, der mit einem einzigartigen Muster aus Polka-Dots verziert ist. Der gro\u00dfz\u00fcgig bemessene Schal kann als eleganter Umhang oder als kuscheliger Schal getragen werden und verleiht jedem Ensemble einen Hauch von k\u00fcnstlerischem Flair.  <\/p><ul><li><span data-preserver-spaces=\"true\">Material: <\/span><span data-preserver-spaces=\"true\">100% Mongolisches Kaschmir der G\u00fcteklasse A <\/span> <\/li><li><span data-preserver-spaces=\"true\">  Komfort: Himmlisch weich und atmungsaktiv, kein Jucken oder \u00dcberhitzen<\/span><\/li><li><span data-preserver-spaces=\"true\"><span data-preserver-spaces=\"true\"><span data-preserver-spaces=\"true\"><span data-preserver-spaces=\"true\"><span data-preserver-spaces=\"true\">Gr\u00f6\u00dfe: 200cm x 90cm\/ 79&#8243; x 35.4&#8243;<\/span><\/span><\/span><\/span><\/span><\/li><li>Gewicht: 60g<\/li><li><span data-preserver-spaces=\"true\"><span data-preserver-spaces=\"true\"><span data-preserver-spaces=\"true\"><span data-preserver-spaces=\"true\"><span data-preserver-spaces=\"true\">Mit Sorgfalt in der inneren Mongolei hergestellt<\/span><\/span><\/span><\/span><\/span><\/li><\/ul>\t\t\t\t\t\t\t\t<\/div>\n\t\t\t\t<\/div>\n\t\t\t\t\t<\/div>\n\t\t<\/div>\n\t\t\t\t\t<\/div>\n\t\t<\/section>\n\t\t\t\t<\/div>\n\t\t","protected":false},"excerpt":{"rendered":"<p>Der m\u00fchelos elegante Schal Naya ist aus hochwertigem Kaschmir gefertigt, der sich wie ein sanftes Fl\u00fcstern auf Ihrer Haut anf\u00fchlt.<\/p>\n","protected":false},"featured_media":330387,"comment_status":"open","ping_status":"closed","template":"","meta":[],"product_brand":[],"product_cat":[1614,1127],"product_tag":[1130,1731],"class_list":{"0":"post-335738","1":"product","2":"type-product","3":"status-publish","4":"has-post-thumbnail","6":"product_cat-federleichte-kaschmirschals","7":"product_cat-schals-tucher","8":"product_tag-fransen","9":"product_tag-lightweight-scarves","10":"product_shipping_class-foldable","11":"pa_color-elfenbeinweis","12":"pa_material-kaschmir","13":"pa_pattern-polka-dots","15":"first","16":"instock","17":"shipping-taxable","18":"purchasable","19":"product-type-simple"},"_links":{"self":[{"href":"https:\/\/peilishop.com\/de\/wp-json\/wp\/v2\/product\/335738","targetHints":{"allow":["GET"]}}],"collection":[{"href":"https:\/\/peilishop.com\/de\/wp-json\/wp\/v2\/product"}],"about":[{"href":"https:\/\/peilishop.com\/de\/wp-json\/wp\/v2\/types\/product"}],"replies":[{"embeddable":true,"href":"https:\/\/peilishop.com\/de\/wp-json\/wp\/v2\/comments?post=335738"}],"version-history":[{"count":0,"href":"https:\/\/peilishop.com\/de\/wp-json\/wp\/v2\/product\/335738\/revisions"}],"wp:featuredmedia":[{"embeddable":true,"href":"https:\/\/peilishop.com\/de\/wp-json\/wp\/v2\/media\/330387"}],"wp:attachment":[{"href":"https:\/\/peilishop.com\/de\/wp-json\/wp\/v2\/media?parent=335738"}],"wp:term":[{"taxonomy":"product_brand","embeddable":true,"href":"https:\/\/peilishop.com\/de\/wp-json\/wp\/v2\/product_brand?post=335738"},{"taxonomy":"product_cat","embeddable":true,"href":"https:\/\/peilishop.com\/de\/wp-json\/wp\/v2\/product_cat?post=335738"},{"taxonomy":"product_tag","embeddable":true,"href":"https:\/\/peilishop.com\/de\/wp-json\/wp\/v2\/product_tag?post=335738"}],"curies":[{"name":"wp","href":"https:\/\/api.w.org\/{rel}","templated":true}]}}