{"id":335667,"date":"2025-11-04T07:51:00","date_gmt":"2025-11-04T12:51:00","guid":{"rendered":"https:\/\/peilishop.com\/product\/lorea-cloudlight-kaschmirschal-wrap-blassrot\/"},"modified":"2026-01-31T02:08:14","modified_gmt":"2026-01-31T07:08:14","slug":"lorea-cloudlight-kaschmirschal-wrap-blassrot","status":"publish","type":"product","link":"https:\/\/peilishop.com\/de\/produkt\/lorea-cloudlight-kaschmirschal-wrap-blassrot\/","title":{"rendered":"Lorea Cloudlight Kaschmirschal Wrap &#8211; Blassrot"},"content":{"rendered":"\t\t<div data-elementor-type=\"wp-post\" data-elementor-id=\"335667\" class=\"elementor elementor-335667 elementor-331802\" data-elementor-post-type=\"product\">\n\t\t\t\t\t\t<section class=\"wd-negative-gap elementor-section elementor-top-section elementor-element elementor-element-309ee49 elementor-section-boxed elementor-section-height-default elementor-section-height-default\" data-id=\"309ee49\" data-element_type=\"section\" data-e-type=\"section\">\n\t\t\t\t\t\t<div class=\"elementor-container elementor-column-gap-default\">\n\t\t\t\t\t<div class=\"elementor-column elementor-col-100 elementor-top-column elementor-element elementor-element-27c6e88\" data-id=\"27c6e88\" data-element_type=\"column\" data-e-type=\"column\">\n\t\t\t<div class=\"elementor-widget-wrap elementor-element-populated\">\n\t\t\t\t\t\t<div class=\"elementor-element elementor-element-ffd11f9 color-scheme-inherit text-left elementor-widget elementor-widget-text-editor\" data-id=\"ffd11f9\" data-element_type=\"widget\" data-e-type=\"widget\" data-widget_type=\"text-editor.default\">\n\t\t\t\t<div class=\"elementor-widget-container\">\n\t\t\t\t\t\t\t\t\t<p>Werten Sie Ihren Look mit dem Lorea Schal auf. Er ist aus 100% Kaschmir gefertigt und f\u00fchlt sich au\u00dfergew\u00f6hnlich weich und luftig an, ohne zu beschweren. Das atemberaubende Farbverlaufsdesign und die subtilen, floralen Motive verleihen jedem Outfit eine Aura von m\u00fcheloser Eleganz und moderner Romantik.  <\/p><ul><li><span data-preserver-spaces=\"true\">Material: <\/span><span data-preserver-spaces=\"true\">100% Mongolisches Kaschmir der G\u00fcteklasse A <\/span> <\/li><li><span data-preserver-spaces=\"true\">  Komfort: Wolkenartige Weichheit und Schwellungen, kein Juckreiz oder \u00dcberhitzung<\/span><\/li><li><span data-preserver-spaces=\"true\">Gr\u00f6\u00dfe: 200 cm x 68 cm\/ 79\u2033 x 25.6\u2033<\/span><\/li><li>Leichtgewicht: 60 Gramm<\/li><li>Faltenfrei<\/li><li><span data-preserver-spaces=\"true\">Mit Sorgfalt in der inneren Mongolei hergestellt<\/span><\/li><\/ul>\t\t\t\t\t\t\t\t<\/div>\n\t\t\t\t<\/div>\n\t\t\t\t\t<\/div>\n\t\t<\/div>\n\t\t\t\t\t<\/div>\n\t\t<\/section>\n\t\t\t\t<\/div>\n\t\t","protected":false},"excerpt":{"rendered":"<p>Werten Sie Ihren Look mit dem Lorea Schal auf. Er ist aus 100% Kaschmir gefertigt und f\u00fchlt sich au\u00dfergew\u00f6hnlich weich<\/p>\n","protected":false},"featured_media":331924,"comment_status":"open","ping_status":"closed","template":"","meta":[],"product_brand":[],"product_cat":[1127,1743],"product_tag":[1130,1731],"class_list":{"0":"post-335667","1":"product","2":"type-product","3":"status-publish","4":"has-post-thumbnail","6":"product_cat-schals-tucher","7":"product_cat-cloudlight-kaschmir-schals","8":"product_tag-fransen","9":"product_tag-lightweight-scarves","10":"product_shipping_class-foldable","11":"pa_color-blassviolett-rot","12":"pa_material-kaschmir","13":"pa_pattern-floral","14":"pa_pattern-gradient","16":"first","17":"outofstock","18":"shipping-taxable","19":"purchasable","20":"product-type-simple"},"_links":{"self":[{"href":"https:\/\/peilishop.com\/de\/wp-json\/wp\/v2\/product\/335667","targetHints":{"allow":["GET"]}}],"collection":[{"href":"https:\/\/peilishop.com\/de\/wp-json\/wp\/v2\/product"}],"about":[{"href":"https:\/\/peilishop.com\/de\/wp-json\/wp\/v2\/types\/product"}],"replies":[{"embeddable":true,"href":"https:\/\/peilishop.com\/de\/wp-json\/wp\/v2\/comments?post=335667"}],"version-history":[{"count":0,"href":"https:\/\/peilishop.com\/de\/wp-json\/wp\/v2\/product\/335667\/revisions"}],"wp:featuredmedia":[{"embeddable":true,"href":"https:\/\/peilishop.com\/de\/wp-json\/wp\/v2\/media\/331924"}],"wp:attachment":[{"href":"https:\/\/peilishop.com\/de\/wp-json\/wp\/v2\/media?parent=335667"}],"wp:term":[{"taxonomy":"product_brand","embeddable":true,"href":"https:\/\/peilishop.com\/de\/wp-json\/wp\/v2\/product_brand?post=335667"},{"taxonomy":"product_cat","embeddable":true,"href":"https:\/\/peilishop.com\/de\/wp-json\/wp\/v2\/product_cat?post=335667"},{"taxonomy":"product_tag","embeddable":true,"href":"https:\/\/peilishop.com\/de\/wp-json\/wp\/v2\/product_tag?post=335667"}],"curies":[{"name":"wp","href":"https:\/\/api.w.org\/{rel}","templated":true}]}}