{"id":329265,"date":"2025-10-06T09:55:00","date_gmt":"2025-10-06T13:55:00","guid":{"rendered":"https:\/\/peilishop.com\/product\/kiana-federleichter-kaschmirschal-wrap-orange\/"},"modified":"2026-01-10T04:12:44","modified_gmt":"2026-01-10T09:12:44","slug":"kiana-federleichter-kaschmirschal-wrap-orange","status":"publish","type":"product","link":"https:\/\/peilishop.com\/de\/produkt\/kiana-federleichter-kaschmirschal-wrap-orange\/","title":{"rendered":"Kiana Federleichter Kaschmirschal Wrap &#8211; Orange"},"content":{"rendered":"\t\t<div data-elementor-type=\"wp-post\" data-elementor-id=\"329265\" class=\"elementor elementor-329265 elementor-329041\" data-elementor-post-type=\"product\">\n\t\t\t\t\t\t<section class=\"wd-negative-gap elementor-section elementor-top-section elementor-element elementor-element-309ee49 elementor-section-boxed elementor-section-height-default elementor-section-height-default\" data-id=\"309ee49\" data-element_type=\"section\" data-e-type=\"section\">\n\t\t\t\t\t\t<div class=\"elementor-container elementor-column-gap-default\">\n\t\t\t\t\t<div class=\"elementor-column elementor-col-100 elementor-top-column elementor-element elementor-element-27c6e88\" data-id=\"27c6e88\" data-element_type=\"column\" data-e-type=\"column\">\n\t\t\t<div class=\"elementor-widget-wrap elementor-element-populated\">\n\t\t\t\t\t\t<div class=\"elementor-element elementor-element-ffd11f9 color-scheme-inherit text-left elementor-widget elementor-widget-text-editor\" data-id=\"ffd11f9\" data-element_type=\"widget\" data-e-type=\"widget\" data-widget_type=\"text-editor.default\">\n\t\t\t\t<div class=\"elementor-widget-container\">\n\t\t\t\t\t\t\t\t\t<p>H\u00fcllen Sie sich mit dem Kiana Schal in einen sanften Hauch von Farbe. Dieser Schal aus hochwertigem Kaschmir geht von einem warmen Orangeton in ein neutrales Beige \u00fcber und verleiht jedem Ensemble einen Hauch von raffinierter W\u00e4rme. Mit seinem ultraleichten Tragegef\u00fchl werden Sie in den k\u00fchleren Monaten nicht \u00fcberhitzen, wenn Sie unterwegs sind.    <\/p><ul><li><span data-preserver-spaces=\"true\">Material: <\/span><span data-preserver-spaces=\"true\">100% Mongolisches Kaschmir der G\u00fcteklasse A <\/span> <\/li><li><span data-preserver-spaces=\"true\">  Komfort: Himmlisch weich und atmungsaktiv, kein Jucken oder \u00dcberhitzen<\/span><\/li><li><span data-preserver-spaces=\"true\">Gr\u00f6\u00dfe: 220cm x 75cm\/ 87&#8243; x 30&#8243;<br><\/span><\/li><li><span data-preserver-spaces=\"true\">Federleicht: 90 Gramm<\/span><\/li><li><span data-preserver-spaces=\"true\">Mit Sorgfalt in der inneren Mongolei hergestellt<\/span><\/li><\/ul>\t\t\t\t\t\t\t\t<\/div>\n\t\t\t\t<\/div>\n\t\t\t\t\t<\/div>\n\t\t<\/div>\n\t\t\t\t\t<\/div>\n\t\t<\/section>\n\t\t\t\t<\/div>\n\t\t","protected":false},"excerpt":{"rendered":"<p>H\u00fcllen Sie sich mit dem Kiana Schal in einen sanften Hauch von Farbe. Dieser Schal aus hochwertigem Kaschmir geht von<\/p>\n","protected":false},"featured_media":328970,"comment_status":"open","ping_status":"closed","template":"","meta":[],"product_brand":[],"product_cat":[1241,1127],"product_tag":[1768,1731],"class_list":{"0":"post-329265","1":"product","2":"type-product","3":"status-publish","4":"has-post-thumbnail","6":"product_cat-kaschmir-wraps","7":"product_cat-schals-tucher","8":"product_tag-farbverlauf","9":"product_tag-lightweight-scarves","10":"product_shipping_class-foldable","11":"pa_color-orange-de","12":"pa_material-kaschmir","13":"pa_pattern-gradient","15":"first","16":"instock","17":"shipping-taxable","18":"purchasable","19":"product-type-simple"},"_links":{"self":[{"href":"https:\/\/peilishop.com\/de\/wp-json\/wp\/v2\/product\/329265","targetHints":{"allow":["GET"]}}],"collection":[{"href":"https:\/\/peilishop.com\/de\/wp-json\/wp\/v2\/product"}],"about":[{"href":"https:\/\/peilishop.com\/de\/wp-json\/wp\/v2\/types\/product"}],"replies":[{"embeddable":true,"href":"https:\/\/peilishop.com\/de\/wp-json\/wp\/v2\/comments?post=329265"}],"version-history":[{"count":0,"href":"https:\/\/peilishop.com\/de\/wp-json\/wp\/v2\/product\/329265\/revisions"}],"wp:featuredmedia":[{"embeddable":true,"href":"https:\/\/peilishop.com\/de\/wp-json\/wp\/v2\/media\/328970"}],"wp:attachment":[{"href":"https:\/\/peilishop.com\/de\/wp-json\/wp\/v2\/media?parent=329265"}],"wp:term":[{"taxonomy":"product_brand","embeddable":true,"href":"https:\/\/peilishop.com\/de\/wp-json\/wp\/v2\/product_brand?post=329265"},{"taxonomy":"product_cat","embeddable":true,"href":"https:\/\/peilishop.com\/de\/wp-json\/wp\/v2\/product_cat?post=329265"},{"taxonomy":"product_tag","embeddable":true,"href":"https:\/\/peilishop.com\/de\/wp-json\/wp\/v2\/product_tag?post=329265"}],"curies":[{"name":"wp","href":"https:\/\/api.w.org\/{rel}","templated":true}]}}