{"id":326639,"date":"2022-06-05T05:12:00","date_gmt":"2022-06-05T09:12:00","guid":{"rendered":"https:\/\/peilishop.com\/product\/gabi-raffia-gehaekelter-fedora-hut\/"},"modified":"2025-07-16T05:22:35","modified_gmt":"2025-07-16T09:22:35","slug":"gabi-raffia-gehaekelter-fedora-hut","status":"publish","type":"product","link":"https:\/\/peilishop.com\/de\/produkt\/gabi-raffia-gehaekelter-fedora-hut\/","title":{"rendered":"Gabi Raffia geh\u00e4kelter Fedora Hut"},"content":{"rendered":"\t\t<div data-elementor-type=\"wp-post\" data-elementor-id=\"326639\" class=\"elementor elementor-326639 elementor-43795\" data-elementor-post-type=\"product\">\n\t\t\t\t\t\t<section class=\"wd-negative-gap elementor-section elementor-top-section elementor-element elementor-element-309ee49 elementor-section-boxed elementor-section-height-default elementor-section-height-default\" data-id=\"309ee49\" data-element_type=\"section\" data-e-type=\"section\">\n\t\t\t\t\t\t<div class=\"elementor-container elementor-column-gap-default\">\n\t\t\t\t\t<div class=\"elementor-column elementor-col-100 elementor-top-column elementor-element elementor-element-27c6e88\" data-id=\"27c6e88\" data-element_type=\"column\" data-e-type=\"column\">\n\t\t\t<div class=\"elementor-widget-wrap elementor-element-populated\">\n\t\t\t\t\t\t<div class=\"elementor-element elementor-element-ffd11f9 color-scheme-inherit text-left elementor-widget elementor-widget-text-editor\" data-id=\"ffd11f9\" data-element_type=\"widget\" data-e-type=\"widget\" data-widget_type=\"text-editor.default\">\n\t\t\t\t<div class=\"elementor-widget-container\">\n\t\t\t\t\t\t\t\t\t<p style=\"text-align: left;\"><span data-preserver-spaces=\"true\">Gabi ist aus madagassischem Raffiabast handgefertigt und hat eine elegante Silhouette mit einer schlanken Krone im Fedora-Stil und einer 4,5 cm hohen Krempe. Sie ist mit einem kontrastierenden Band um die Krone verziert, w\u00e4hrend das verstellbare innere Schwei\u00dfband f\u00fcr einen angenehmen Sitz und Tragekomfort sorgt.   <\/span><\/p><ul><li style=\"text-align: left;\"><span data-preserver-spaces=\"true\">Material: Madagaskar Raffia<br><\/span><\/li><li style=\"text-align: left;\"><span data-preserver-spaces=\"true\">Fedora Stil Krone<\/span><\/li><li style=\"text-align: left;\"><span data-preserver-spaces=\"true\">Einstellbares inneres Schwei\u00dfband<\/span><\/li><li style=\"text-align: left;\"><span data-preserver-spaces=\"true\">4,5 cm Krempe<\/span><\/li><li style=\"text-align: left;\">Rollbar &amp; verpackbar<\/li><\/ul>\t\t\t\t\t\t\t\t<\/div>\n\t\t\t\t<\/div>\n\t\t\t\t\t<\/div>\n\t\t<\/div>\n\t\t\t\t\t<\/div>\n\t\t<\/section>\n\t\t\t\t<\/div>\n\t\t","protected":false},"excerpt":{"rendered":"<p>Gabi ist aus madagassischem Raffiabast handgefertigt und hat eine elegante Silhouette mit einer schlanken Krone im Fedora-Stil und einer 4,5<\/p>\n","protected":false},"featured_media":44013,"comment_status":"open","ping_status":"closed","template":"","meta":[],"product_brand":[],"product_cat":[1676,1606,1677,1636,1637],"product_tag":[1232,1667],"class_list":{"0":"post-326639","1":"product","2":"type-product","3":"status-publish","4":"has-post-thumbnail","6":"product_cat-fedora-hute","7":"product_cat-hute","8":"product_cat-kurze-krempe","9":"product_cat-rollbar-verpackbar","10":"product_cat-strohhute","11":"product_tag-einfach","12":"product_tag-raffia-de","13":"product_shipping_class-korbtasche-groser-hut","14":"pa_color-beige-de","15":"pa_material-raffia-de","16":"pa_pattern-plain","17":"pa_pattern-ribbon","19":"first","20":"instock","21":"shipping-taxable","22":"purchasable","23":"product-type-simple"},"_links":{"self":[{"href":"https:\/\/peilishop.com\/de\/wp-json\/wp\/v2\/product\/326639","targetHints":{"allow":["GET"]}}],"collection":[{"href":"https:\/\/peilishop.com\/de\/wp-json\/wp\/v2\/product"}],"about":[{"href":"https:\/\/peilishop.com\/de\/wp-json\/wp\/v2\/types\/product"}],"replies":[{"embeddable":true,"href":"https:\/\/peilishop.com\/de\/wp-json\/wp\/v2\/comments?post=326639"}],"version-history":[{"count":0,"href":"https:\/\/peilishop.com\/de\/wp-json\/wp\/v2\/product\/326639\/revisions"}],"wp:featuredmedia":[{"embeddable":true,"href":"https:\/\/peilishop.com\/de\/wp-json\/wp\/v2\/media\/44013"}],"wp:attachment":[{"href":"https:\/\/peilishop.com\/de\/wp-json\/wp\/v2\/media?parent=326639"}],"wp:term":[{"taxonomy":"product_brand","embeddable":true,"href":"https:\/\/peilishop.com\/de\/wp-json\/wp\/v2\/product_brand?post=326639"},{"taxonomy":"product_cat","embeddable":true,"href":"https:\/\/peilishop.com\/de\/wp-json\/wp\/v2\/product_cat?post=326639"},{"taxonomy":"product_tag","embeddable":true,"href":"https:\/\/peilishop.com\/de\/wp-json\/wp\/v2\/product_tag?post=326639"}],"curies":[{"name":"wp","href":"https:\/\/api.w.org\/{rel}","templated":true}]}}