{"id":326619,"date":"2022-06-05T13:58:45","date_gmt":"2022-06-05T17:58:45","guid":{"rendered":"https:\/\/peilishop.com\/product\/ariella-raffia-baseballkappe\/"},"modified":"2025-07-16T05:22:13","modified_gmt":"2025-07-16T09:22:13","slug":"ariella-raffia-baseballkappe","status":"publish","type":"product","link":"https:\/\/peilishop.com\/de\/produkt\/ariella-raffia-baseballkappe\/","title":{"rendered":"Ariella Raffia Baseballkappe"},"content":{"rendered":"\t\t<div data-elementor-type=\"wp-post\" data-elementor-id=\"326619\" class=\"elementor elementor-326619 elementor-23760\" data-elementor-post-type=\"product\">\n\t\t\t\t\t\t<section class=\"wd-negative-gap elementor-section elementor-top-section elementor-element elementor-element-309ee49 elementor-section-boxed elementor-section-height-default elementor-section-height-default\" data-id=\"309ee49\" data-element_type=\"section\" data-e-type=\"section\">\n\t\t\t\t\t\t<div class=\"elementor-container elementor-column-gap-default\">\n\t\t\t\t\t<div class=\"elementor-column elementor-col-50 elementor-top-column elementor-element elementor-element-27c6e88\" data-id=\"27c6e88\" data-element_type=\"column\" data-e-type=\"column\">\n\t\t\t<div class=\"elementor-widget-wrap elementor-element-populated\">\n\t\t\t\t\t\t<div class=\"elementor-element elementor-element-ffd11f9 color-scheme-inherit text-left elementor-widget elementor-widget-text-editor\" data-id=\"ffd11f9\" data-element_type=\"widget\" data-e-type=\"widget\" data-widget_type=\"text-editor.default\">\n\t\t\t\t<div class=\"elementor-widget-container\">\n\t\t\t\t\t\t\t\t\t<p style=\"text-align: left;\"><span data-preserver-spaces=\"true\">Die Ariella M\u00fctze ist aus madagassischem Raffiabast gefertigt und verf\u00fcgt \u00fcber eine runde Krone und eine 6,5 cm hohe Krempe. Sie wird durch ein Ripsband erg\u00e4nzt, w\u00e4hrend das verstellbare innere Schwei\u00dfband f\u00fcr einen angenehmen Sitz und Tragekomfort sorgt.<\/span><span data-preserver-spaces=\"true\"> <\/span><\/p><ul><li style=\"text-align: left;\"><span data-preserver-spaces=\"true\">Material: Madagaskar-Raffia<\/span><span data-preserver-spaces=\"true\"><br><\/span><\/li><li style=\"text-align: left;\"><span data-preserver-spaces=\"true\">Runde Krone<\/span><\/li><li style=\"text-align: left;\"><span data-preserver-spaces=\"true\">Einstellbares inneres Schwei\u00dfband<\/span><\/li><li style=\"text-align: left;\"><span data-preserver-spaces=\"true\">6,5 cm Krempe<\/span><span data-preserver-spaces=\"true\"><br><\/span><\/li><\/ul>\t\t\t\t\t\t\t\t<\/div>\n\t\t\t\t<\/div>\n\t\t\t\t\t<\/div>\n\t\t<\/div>\n\t\t\t\t<div class=\"elementor-column elementor-col-50 elementor-top-column elementor-element elementor-element-dfc5f18\" data-id=\"dfc5f18\" data-element_type=\"column\" data-e-type=\"column\">\n\t\t\t<div class=\"elementor-widget-wrap elementor-element-populated\">\n\t\t\t\t\t\t<div class=\"elementor-element elementor-element-9231b24 elementor-widget elementor-widget-shortcode\" data-id=\"9231b24\" data-element_type=\"widget\" data-e-type=\"widget\" data-widget_type=\"shortcode.default\">\n\t\t\t\t<div class=\"elementor-widget-container\">\n\t\t\t\t\t\t\t<div class=\"elementor-shortcode\">[pins id=\"42314\"]<\/div>\n\t\t\t\t\t\t<\/div>\n\t\t\t\t<\/div>\n\t\t\t\t\t<\/div>\n\t\t<\/div>\n\t\t\t\t\t<\/div>\n\t\t<\/section>\n\t\t\t\t<\/div>\n\t\t","protected":false},"excerpt":{"rendered":"<p>Die Ariella M\u00fctze ist aus madagassischem Raffiabast gefertigt und verf\u00fcgt \u00fcber eine runde Krone und eine 6,5 cm hohe Krempe.<\/p>\n","protected":false},"featured_media":57969,"comment_status":"open","ping_status":"closed","template":"","meta":[],"product_brand":[],"product_cat":[1606,1666,1636,1637],"product_tag":[1402,1667,1668],"class_list":{"0":"post-326619","1":"product","2":"type-product","3":"status-publish","4":"has-post-thumbnail","6":"product_cat-hute","7":"product_cat-kappen","8":"product_cat-rollbar-verpackbar","9":"product_cat-strohhute","10":"product_tag-colorblock-de","11":"product_tag-raffia-de","12":"product_tag-schmetterling","13":"product_shipping_class-korbtasche-groser-hut","14":"pa_color-beige-de","15":"pa_color-grau","16":"pa_material-raffia-de","17":"pa_pattern-ribbon","19":"first","20":"instock","21":"shipping-taxable","22":"purchasable","23":"product-type-variable"},"_links":{"self":[{"href":"https:\/\/peilishop.com\/de\/wp-json\/wp\/v2\/product\/326619","targetHints":{"allow":["GET"]}}],"collection":[{"href":"https:\/\/peilishop.com\/de\/wp-json\/wp\/v2\/product"}],"about":[{"href":"https:\/\/peilishop.com\/de\/wp-json\/wp\/v2\/types\/product"}],"replies":[{"embeddable":true,"href":"https:\/\/peilishop.com\/de\/wp-json\/wp\/v2\/comments?post=326619"}],"version-history":[{"count":0,"href":"https:\/\/peilishop.com\/de\/wp-json\/wp\/v2\/product\/326619\/revisions"}],"wp:featuredmedia":[{"embeddable":true,"href":"https:\/\/peilishop.com\/de\/wp-json\/wp\/v2\/media\/57969"}],"wp:attachment":[{"href":"https:\/\/peilishop.com\/de\/wp-json\/wp\/v2\/media?parent=326619"}],"wp:term":[{"taxonomy":"product_brand","embeddable":true,"href":"https:\/\/peilishop.com\/de\/wp-json\/wp\/v2\/product_brand?post=326619"},{"taxonomy":"product_cat","embeddable":true,"href":"https:\/\/peilishop.com\/de\/wp-json\/wp\/v2\/product_cat?post=326619"},{"taxonomy":"product_tag","embeddable":true,"href":"https:\/\/peilishop.com\/de\/wp-json\/wp\/v2\/product_tag?post=326619"}],"curies":[{"name":"wp","href":"https:\/\/api.w.org\/{rel}","templated":true}]}}