{"id":324915,"date":"2023-05-14T03:30:00","date_gmt":"2023-05-14T07:30:00","guid":{"rendered":"https:\/\/peilishop.com\/product\/avni-two-side-paisley-print-silk-neckerchief-scarf\/"},"modified":"2025-07-03T09:44:50","modified_gmt":"2025-07-03T13:44:50","slug":"avni-two-side-paisley-print-silk-neckerchief-scarf","status":"publish","type":"product","link":"https:\/\/peilishop.com\/de\/produkt\/avni-two-side-paisley-print-silk-neckerchief-scarf\/","title":{"rendered":"Avni Zweiseitiges Seidenhalstuch mit Paisley-Druck"},"content":{"rendered":"\t\t<div data-elementor-type=\"wp-post\" data-elementor-id=\"324915\" class=\"elementor elementor-324915 elementor-44628\" data-elementor-post-type=\"product\">\n\t\t\t\t\t\t<section class=\"wd-negative-gap elementor-section elementor-top-section elementor-element elementor-element-309ee49 elementor-section-boxed elementor-section-height-default elementor-section-height-default\" data-id=\"309ee49\" data-element_type=\"section\" data-e-type=\"section\">\n\t\t\t\t\t\t<div class=\"elementor-container elementor-column-gap-default\">\n\t\t\t\t\t<div class=\"elementor-column elementor-col-100 elementor-top-column elementor-element elementor-element-27c6e88\" data-id=\"27c6e88\" data-element_type=\"column\" data-e-type=\"column\">\n\t\t\t<div class=\"elementor-widget-wrap elementor-element-populated\">\n\t\t\t\t\t\t<div class=\"elementor-element elementor-element-ffd11f9 color-scheme-inherit text-left elementor-widget elementor-widget-text-editor\" data-id=\"ffd11f9\" data-element_type=\"widget\" data-e-type=\"widget\" data-widget_type=\"text-editor.default\">\n\t\t\t\t<div class=\"elementor-widget-container\">\n\t\t\t\t\t\t\t\t\t<p style=\"text-align: left;\"><span data-preserver-spaces=\"true\">Avni ist das perfekte Accessoire f\u00fcr jedes Outfit. Es ist aus weicher Bio-Seide gefertigt, wodurch es sich weich und luxuri\u00f6s anf\u00fchlt. Der kontrastierende Paisleydruck auf beiden Seiten sorgt f\u00fcr einen einzigartigen und auff\u00e4lligen Look, mit dem Sie Ihren Stil je nach Stimmung oder Outfit \u00e4ndern k\u00f6nnen.    <\/span><span data-preserver-spaces=\"true\">  Tragen Sie es als Halstuch, oder drapieren Sie es \u00fcber die Schulter.<br><\/span><\/p><ul><li style=\"text-align: left;\"><span data-preserver-spaces=\"true\">Material: <\/span><span data-preserver-spaces=\"true\">100%<\/span> Maulbeerseide der G\u00fcteklasse 6A <span data-preserver-spaces=\"true\">(18 momme)<br><\/span><\/li><li style=\"text-align: left;\">Gr\u00f6\u00dfe: 68cm x 140cm (26.7&#8243; x 55.1&#8243;)<\/li><li style=\"text-align: left;\">Gewicht: 50 Gramm<\/li><li style=\"text-align: left;\">Dreiecksform<\/li><li style=\"text-align: left;\">Mit Sorgfalt in Hangzhou hergestellt<\/li><\/ul>\t\t\t\t\t\t\t\t<\/div>\n\t\t\t\t<\/div>\n\t\t\t\t\t<\/div>\n\t\t<\/div>\n\t\t\t\t\t<\/div>\n\t\t<\/section>\n\t\t\t\t<\/div>\n\t\t","protected":false},"excerpt":{"rendered":"<p>Avni ist das perfekte Accessoire f\u00fcr jedes Outfit. Es ist aus weicher Bio-Seide gefertigt, wodurch es sich weich und luxuri\u00f6s<\/p>\n","protected":false},"featured_media":256723,"comment_status":"open","ping_status":"closed","template":"","meta":[],"product_brand":[],"product_cat":[1127,1450,1449],"product_tag":[1452,1417],"class_list":{"0":"post-324915","1":"product","2":"type-product","3":"status-publish","4":"has-post-thumbnail","6":"product_cat-schals-tucher","7":"product_cat-seiden-halstuch-schals","8":"product_cat-seidenschals","9":"product_tag-abstrakt","10":"product_tag-gestreift","11":"product_shipping_class-foldable","12":"product_shipping_class-zusammenklappbar","13":"pa_color-olivgrun","14":"pa_color-rot","15":"pa_color-turkisblau","16":"pa_material-seide","17":"pa_pattern-abstract","18":"pa_pattern-patterned","20":"first","21":"instock","22":"featured","23":"shipping-taxable","24":"purchasable","25":"product-type-variable"},"_links":{"self":[{"href":"https:\/\/peilishop.com\/de\/wp-json\/wp\/v2\/product\/324915","targetHints":{"allow":["GET"]}}],"collection":[{"href":"https:\/\/peilishop.com\/de\/wp-json\/wp\/v2\/product"}],"about":[{"href":"https:\/\/peilishop.com\/de\/wp-json\/wp\/v2\/types\/product"}],"replies":[{"embeddable":true,"href":"https:\/\/peilishop.com\/de\/wp-json\/wp\/v2\/comments?post=324915"}],"version-history":[{"count":0,"href":"https:\/\/peilishop.com\/de\/wp-json\/wp\/v2\/product\/324915\/revisions"}],"wp:featuredmedia":[{"embeddable":true,"href":"https:\/\/peilishop.com\/de\/wp-json\/wp\/v2\/media\/256723"}],"wp:attachment":[{"href":"https:\/\/peilishop.com\/de\/wp-json\/wp\/v2\/media?parent=324915"}],"wp:term":[{"taxonomy":"product_brand","embeddable":true,"href":"https:\/\/peilishop.com\/de\/wp-json\/wp\/v2\/product_brand?post=324915"},{"taxonomy":"product_cat","embeddable":true,"href":"https:\/\/peilishop.com\/de\/wp-json\/wp\/v2\/product_cat?post=324915"},{"taxonomy":"product_tag","embeddable":true,"href":"https:\/\/peilishop.com\/de\/wp-json\/wp\/v2\/product_tag?post=324915"}],"curies":[{"name":"wp","href":"https:\/\/api.w.org\/{rel}","templated":true}]}}