{"id":324900,"date":"2023-05-14T03:37:00","date_gmt":"2023-05-14T07:37:00","guid":{"rendered":"https:\/\/peilishop.com\/product\/lan-striped-silk-neckerchief-scarf\/"},"modified":"2025-07-03T09:44:48","modified_gmt":"2025-07-03T13:44:48","slug":"lan-striped-silk-neckerchief-scarf","status":"publish","type":"product","link":"https:\/\/peilishop.com\/de\/produkt\/lan-striped-silk-neckerchief-scarf\/","title":{"rendered":"Lan Gestreiftes Seiden-Halstuch Halstuch"},"content":{"rendered":"\t\t<div data-elementor-type=\"wp-post\" data-elementor-id=\"324900\" class=\"elementor elementor-324900 elementor-40460\" data-elementor-post-type=\"product\">\n\t\t\t\t\t\t<section class=\"wd-negative-gap elementor-section elementor-top-section elementor-element elementor-element-309ee49 elementor-section-boxed elementor-section-height-default elementor-section-height-default\" data-id=\"309ee49\" data-element_type=\"section\" data-e-type=\"section\">\n\t\t\t\t\t\t<div class=\"elementor-container elementor-column-gap-default\">\n\t\t\t\t\t<div class=\"elementor-column elementor-col-100 elementor-top-column elementor-element elementor-element-27c6e88\" data-id=\"27c6e88\" data-element_type=\"column\" data-e-type=\"column\">\n\t\t\t<div class=\"elementor-widget-wrap elementor-element-populated\">\n\t\t\t\t\t\t<div class=\"elementor-element elementor-element-ffd11f9 color-scheme-inherit text-left elementor-widget elementor-widget-text-editor\" data-id=\"ffd11f9\" data-element_type=\"widget\" data-e-type=\"widget\" data-widget_type=\"text-editor.default\">\n\t\t\t\t<div class=\"elementor-widget-container\">\n\t\t\t\t\t\t\t\t\t<p style=\"text-align: left;\"><span data-preserver-spaces=\"true\">Dieser Lan Striped Silk Neckerchief Schal ist das perfekte Accessoire f\u00fcr jedes Outfit. Aus luxuri\u00f6ser Seide gefertigt, ist dieser Schal leicht und f\u00fchlt sich weich an. Der Schal hat ein klassisches Streifenmuster, das sich mit jedem Outfit kombinieren l\u00e4sst. Er kann als Halstuch, Kopftuch oder sogar als G\u00fcrtel getragen werden.     <br><\/span><\/p><ul><li style=\"text-align: left;\"><span data-preserver-spaces=\"true\">Material: <\/span><span data-preserver-spaces=\"true\">100%<\/span> Maulbeerseide der G\u00fcteklasse 6A <span data-preserver-spaces=\"true\">(18 momme)<br><\/span><\/li><li style=\"text-align: left;\">Gr\u00f6\u00dfe: 68cm x 140cm (27.2&#8243; x 55.1&#8243;)<\/li><li style=\"text-align: left;\">Gewicht: 40 Gramm<\/li><li style=\"text-align: left;\">Mit Sorgfalt in Hangzhou hergestellt<\/li><\/ul>\t\t\t\t\t\t\t\t<\/div>\n\t\t\t\t<\/div>\n\t\t\t\t\t<\/div>\n\t\t<\/div>\n\t\t\t\t\t<\/div>\n\t\t<\/section>\n\t\t\t\t<\/div>\n\t\t","protected":false},"excerpt":{"rendered":"<p>Dieser Lan Striped Silk Neckerchief Schal ist das perfekte Accessoire f\u00fcr jedes Outfit. Aus luxuri\u00f6ser Seide gefertigt, ist dieser Schal<\/p>\n","protected":false},"featured_media":256551,"comment_status":"open","ping_status":"closed","template":"","meta":[],"product_brand":[],"product_cat":[1127,1450,1449],"product_tag":[1417],"class_list":{"0":"post-324900","1":"product","2":"type-product","3":"status-publish","4":"has-post-thumbnail","6":"product_cat-schals-tucher","7":"product_cat-seiden-halstuch-schals","8":"product_cat-seidenschals","9":"product_tag-gestreift","10":"product_shipping_class-foldable","11":"pa_color-burgunderrot","12":"pa_material-seide","13":"pa_pattern-striped","15":"first","16":"instock","17":"featured","18":"shipping-taxable","19":"purchasable","20":"product-type-simple"},"_links":{"self":[{"href":"https:\/\/peilishop.com\/de\/wp-json\/wp\/v2\/product\/324900","targetHints":{"allow":["GET"]}}],"collection":[{"href":"https:\/\/peilishop.com\/de\/wp-json\/wp\/v2\/product"}],"about":[{"href":"https:\/\/peilishop.com\/de\/wp-json\/wp\/v2\/types\/product"}],"replies":[{"embeddable":true,"href":"https:\/\/peilishop.com\/de\/wp-json\/wp\/v2\/comments?post=324900"}],"version-history":[{"count":0,"href":"https:\/\/peilishop.com\/de\/wp-json\/wp\/v2\/product\/324900\/revisions"}],"wp:featuredmedia":[{"embeddable":true,"href":"https:\/\/peilishop.com\/de\/wp-json\/wp\/v2\/media\/256551"}],"wp:attachment":[{"href":"https:\/\/peilishop.com\/de\/wp-json\/wp\/v2\/media?parent=324900"}],"wp:term":[{"taxonomy":"product_brand","embeddable":true,"href":"https:\/\/peilishop.com\/de\/wp-json\/wp\/v2\/product_brand?post=324900"},{"taxonomy":"product_cat","embeddable":true,"href":"https:\/\/peilishop.com\/de\/wp-json\/wp\/v2\/product_cat?post=324900"},{"taxonomy":"product_tag","embeddable":true,"href":"https:\/\/peilishop.com\/de\/wp-json\/wp\/v2\/product_tag?post=324900"}],"curies":[{"name":"wp","href":"https:\/\/api.w.org\/{rel}","templated":true}]}}