{"id":324844,"date":"2023-05-16T04:15:00","date_gmt":"2023-05-16T08:15:00","guid":{"rendered":"https:\/\/peilishop.com\/product\/geb-neckerchief-silk-scarf-2\/"},"modified":"2025-07-03T09:44:41","modified_gmt":"2025-07-03T13:44:41","slug":"geb-neckerchief-silk-scarf-2","status":"publish","type":"product","link":"https:\/\/peilishop.com\/de\/produkt\/geb-neckerchief-silk-scarf-2\/","title":{"rendered":"Geb Halstuch Seidenschal"},"content":{"rendered":"\t\t<div data-elementor-type=\"wp-post\" data-elementor-id=\"324844\" class=\"elementor elementor-324844 elementor-40661\" data-elementor-post-type=\"product\">\n\t\t\t\t\t\t<section class=\"wd-negative-gap elementor-section elementor-top-section elementor-element elementor-element-309ee49 elementor-section-boxed elementor-section-height-default elementor-section-height-default\" data-id=\"309ee49\" data-element_type=\"section\" data-e-type=\"section\">\n\t\t\t\t\t\t<div class=\"elementor-container elementor-column-gap-default\">\n\t\t\t\t\t<div class=\"elementor-column elementor-col-100 elementor-top-column elementor-element elementor-element-27c6e88\" data-id=\"27c6e88\" data-element_type=\"column\" data-e-type=\"column\">\n\t\t\t<div class=\"elementor-widget-wrap elementor-element-populated\">\n\t\t\t\t\t\t<div class=\"elementor-element elementor-element-ffd11f9 color-scheme-inherit text-left elementor-widget elementor-widget-text-editor\" data-id=\"ffd11f9\" data-element_type=\"widget\" data-e-type=\"widget\" data-widget_type=\"text-editor.default\">\n\t\t\t\t<div class=\"elementor-widget-container\">\n\t\t\t\t\t\t\t\t\t<p style=\"text-align: left;\"><span data-preserver-spaces=\"true\">Verleihen Sie jedem Outfit einen Farbakzent! Dieser farbige Schal aus hochwertiger, luxuri\u00f6ser Seide ist sowohl weich als auch leicht, so dass Sie ihn den ganzen Tag \u00fcber bequem tragen k\u00f6nnen.   <\/span><span data-preserver-spaces=\"true\">Tragen Sie es als Halstuch, binden Sie es um Ihr Handgelenk oder binden Sie es in Ihr Haar f\u00fcr einen schicken Look.  <\/span><\/p>\n<ul>\n<li style=\"text-align: left;\"><span data-preserver-spaces=\"true\">Material:<\/span><span data-preserver-spaces=\"true\">100%<\/span> Maulbeerseide der G\u00fcteklasse 6A <span data-preserver-spaces=\"true\">(8 momme)<br><\/span><\/li>\n<li style=\"text-align: left;\">Gr\u00f6\u00dfe:58cm x 175cm (22.8&#8243; x 68.9&#8243;)<\/li>\n<li style=\"text-align: left;\">Dreiecksform<\/li>\n<li style=\"text-align: left;\">Gewicht: 10 Gramm<\/li>\n<li style=\"text-align: left;\">Mit Sorgfalt in Hangzhou hergestellt<\/li>\n<\/ul>\t\t\t\t\t\t\t\t<\/div>\n\t\t\t\t<\/div>\n\t\t\t\t\t<\/div>\n\t\t<\/div>\n\t\t\t\t\t<\/div>\n\t\t<\/section>\n\t\t\t\t<\/div>\n\t\t","protected":false},"excerpt":{"rendered":"<p>Verleihen Sie jedem Outfit einen Farbakzent! Dieser farbige Schal aus hochwertiger, luxuri\u00f6ser Seide ist sowohl weich als auch leicht, so<\/p>\n","protected":false},"featured_media":257191,"comment_status":"open","ping_status":"closed","template":"","meta":[],"product_brand":[],"product_cat":[1127,1450,1449],"product_tag":[1184],"class_list":{"0":"post-324844","1":"product","2":"type-product","3":"status-publish","4":"has-post-thumbnail","6":"product_cat-schals-tucher","7":"product_cat-seiden-halstuch-schals","8":"product_cat-seidenschals","9":"product_tag-blumen","10":"product_shipping_class-foldable","11":"product_shipping_class-zusammenklappbar","12":"pa_color-hellrot","13":"pa_color-luftwaffe-blau","14":"pa_material-seide","15":"pa_pattern-colorblock","17":"first","18":"instock","19":"shipping-taxable","20":"purchasable","21":"product-type-variable"},"_links":{"self":[{"href":"https:\/\/peilishop.com\/de\/wp-json\/wp\/v2\/product\/324844","targetHints":{"allow":["GET"]}}],"collection":[{"href":"https:\/\/peilishop.com\/de\/wp-json\/wp\/v2\/product"}],"about":[{"href":"https:\/\/peilishop.com\/de\/wp-json\/wp\/v2\/types\/product"}],"replies":[{"embeddable":true,"href":"https:\/\/peilishop.com\/de\/wp-json\/wp\/v2\/comments?post=324844"}],"version-history":[{"count":0,"href":"https:\/\/peilishop.com\/de\/wp-json\/wp\/v2\/product\/324844\/revisions"}],"wp:featuredmedia":[{"embeddable":true,"href":"https:\/\/peilishop.com\/de\/wp-json\/wp\/v2\/media\/257191"}],"wp:attachment":[{"href":"https:\/\/peilishop.com\/de\/wp-json\/wp\/v2\/media?parent=324844"}],"wp:term":[{"taxonomy":"product_brand","embeddable":true,"href":"https:\/\/peilishop.com\/de\/wp-json\/wp\/v2\/product_brand?post=324844"},{"taxonomy":"product_cat","embeddable":true,"href":"https:\/\/peilishop.com\/de\/wp-json\/wp\/v2\/product_cat?post=324844"},{"taxonomy":"product_tag","embeddable":true,"href":"https:\/\/peilishop.com\/de\/wp-json\/wp\/v2\/product_tag?post=324844"}],"curies":[{"name":"wp","href":"https:\/\/api.w.org\/{rel}","templated":true}]}}