{"id":324557,"date":"2023-06-01T06:10:00","date_gmt":"2023-06-01T10:10:00","guid":{"rendered":"https:\/\/peilishop.com\/product\/isra-gradient-featherlight-cashmere-scarf-wrap\/"},"modified":"2025-07-03T05:35:17","modified_gmt":"2025-07-03T09:35:17","slug":"isra-gradient-featherlight-cashmere-scarf-wrap","status":"publish","type":"product","link":"https:\/\/peilishop.com\/de\/produkt\/isra-gradient-featherlight-cashmere-scarf-wrap\/","title":{"rendered":"Isra Farbverlauf Federleichter Kaschmirschal Wrap"},"content":{"rendered":"\t\t<div data-elementor-type=\"wp-post\" data-elementor-id=\"324557\" class=\"elementor elementor-324557 elementor-31312\" data-elementor-post-type=\"product\">\n\t\t\t\t\t\t<section class=\"wd-negative-gap elementor-section elementor-top-section elementor-element elementor-element-309ee49 elementor-section-boxed elementor-section-height-default elementor-section-height-default\" data-id=\"309ee49\" data-element_type=\"section\" data-e-type=\"section\">\n\t\t\t\t\t\t<div class=\"elementor-container elementor-column-gap-default\">\n\t\t\t\t\t<div class=\"elementor-column elementor-col-100 elementor-top-column elementor-element elementor-element-27c6e88\" data-id=\"27c6e88\" data-element_type=\"column\" data-e-type=\"column\">\n\t\t\t<div class=\"elementor-widget-wrap elementor-element-populated\">\n\t\t\t\t\t\t<div class=\"elementor-element elementor-element-ffd11f9 color-scheme-inherit text-left elementor-widget elementor-widget-text-editor\" data-id=\"ffd11f9\" data-element_type=\"widget\" data-e-type=\"widget\" data-widget_type=\"text-editor.default\">\n\t\t\t\t<div class=\"elementor-widget-container\">\n\t\t\t\t\t\t\t\t\t<p>M\u00f6chten Sie Ihrer Garderobe in dieser Saison einen luxuri\u00f6sen Touch verleihen? Dann ist der Isra Schal Wrap genau das Richtige f\u00fcr Sie. Dieser gro\u00dfz\u00fcgig geschnittene Schal aus reinem Kaschmir ist mit Farbverl\u00e4ufen und Fransen versehen, die ihn zu einem echten Blickfang machen. Dank seines ultraleichten Gewichts werden Sie in den k\u00fchleren Monaten nicht \u00fcberhitzen, wenn Sie unterwegs sind. Ganz gleich, ob Sie diesen Schal mit Jeans oder formeller Kleidung kombinieren, Sie werden feststellen, dass er Ihrem Stil einen unverwechselbaren Touch verleiht.    <\/p><ul><li><span data-preserver-spaces=\"true\">Material: <\/span><span data-preserver-spaces=\"true\">100% Mongolisches Kaschmir der G\u00fcteklasse A <\/span> <\/li><li>Nat\u00fcrlich gef\u00e4rbt, keine sch\u00e4dlichen Chemikalien<\/li><li><span data-preserver-spaces=\"true\">  Komfort: Himmlisch weich und atmungsaktiv, kein Jucken oder \u00dcberhitzen<\/span><\/li><li>Rechteckige Form<\/li><li style=\"text-align: left;\"><span data-preserver-spaces=\"true\"><span data-preserver-spaces=\"true\">Gr\u00f6\u00dfe: 200cm x 130cm\/ 78.74&#8243; x 51.2&#8243;<br><\/span><\/span><\/li><li><span data-preserver-spaces=\"true\"><span data-preserver-spaces=\"true\"><span data-preserver-spaces=\"true\"><span data-preserver-spaces=\"true\">Federleicht: 90 Gramm<\/span><\/span><\/span><\/span><\/li><li><span data-preserver-spaces=\"true\"><span data-preserver-spaces=\"true\"><span data-preserver-spaces=\"true\"><span data-preserver-spaces=\"true\"><span data-preserver-spaces=\"true\">Mit Sorgfalt in der inneren Mongolei hergestellt<\/span><\/span><\/span><\/span><\/span><\/li><\/ul>\t\t\t\t\t\t\t\t<\/div>\n\t\t\t\t<\/div>\n\t\t\t\t\t<\/div>\n\t\t<\/div>\n\t\t\t\t\t<\/div>\n\t\t<\/section>\n\t\t\t\t<\/div>\n\t\t","protected":false},"excerpt":{"rendered":"<p>M\u00f6chten Sie Ihrer Garderobe in dieser Saison einen luxuri\u00f6sen Touch verleihen? Dann ist der Isra Schal Wrap genau das Richtige<\/p>\n","protected":false},"featured_media":266299,"comment_status":"open","ping_status":"closed","template":"","meta":[],"product_brand":[],"product_cat":[1614,1127],"product_tag":[1768,1731],"class_list":{"0":"post-324557","1":"product","2":"type-product","3":"status-publish","4":"has-post-thumbnail","6":"product_cat-federleichte-kaschmirschals","7":"product_cat-schals-tucher","8":"product_tag-farbverlauf","9":"product_tag-lightweight-scarves","10":"product_shipping_class-foldable","11":"pa_color-grau","12":"pa_material-kaschmir","13":"pa_pattern-fringe","14":"pa_pattern-gradient","16":"first","17":"instock","18":"featured","19":"shipping-taxable","20":"purchasable","21":"product-type-simple"},"_links":{"self":[{"href":"https:\/\/peilishop.com\/de\/wp-json\/wp\/v2\/product\/324557","targetHints":{"allow":["GET"]}}],"collection":[{"href":"https:\/\/peilishop.com\/de\/wp-json\/wp\/v2\/product"}],"about":[{"href":"https:\/\/peilishop.com\/de\/wp-json\/wp\/v2\/types\/product"}],"replies":[{"embeddable":true,"href":"https:\/\/peilishop.com\/de\/wp-json\/wp\/v2\/comments?post=324557"}],"version-history":[{"count":0,"href":"https:\/\/peilishop.com\/de\/wp-json\/wp\/v2\/product\/324557\/revisions"}],"wp:featuredmedia":[{"embeddable":true,"href":"https:\/\/peilishop.com\/de\/wp-json\/wp\/v2\/media\/266299"}],"wp:attachment":[{"href":"https:\/\/peilishop.com\/de\/wp-json\/wp\/v2\/media?parent=324557"}],"wp:term":[{"taxonomy":"product_brand","embeddable":true,"href":"https:\/\/peilishop.com\/de\/wp-json\/wp\/v2\/product_brand?post=324557"},{"taxonomy":"product_cat","embeddable":true,"href":"https:\/\/peilishop.com\/de\/wp-json\/wp\/v2\/product_cat?post=324557"},{"taxonomy":"product_tag","embeddable":true,"href":"https:\/\/peilishop.com\/de\/wp-json\/wp\/v2\/product_tag?post=324557"}],"curies":[{"name":"wp","href":"https:\/\/api.w.org\/{rel}","templated":true}]}}